{"id":5336,"date":"2025-09-24T19:33:10","date_gmt":"2025-09-24T19:33:10","guid":{"rendered":"https:\/\/modest-napier.216-250-124-103.plesk.page\/index.php\/producto\/cap-omega-3-c-90-1000-mg-shanaturals\/"},"modified":"2025-09-24T20:44:34","modified_gmt":"2025-09-24T20:44:34","slug":"cap-omega-3-c-90-1000-mg-shanaturals","status":"publish","type":"product","link":"https:\/\/modest-napier.216-250-124-103.plesk.page\/index.php\/producto\/cap-omega-3-c-90-1000-mg-shanaturals\/","title":{"rendered":"Omega 3 90 c\u00e1psulas Shanatural&#8217;s"},"content":{"rendered":"<p data-mce-fragment=\"1\"><strong data-mce-fragment=\"1\">Descripci\u00f3n:<\/strong><\/p>\n<p data-mce-fragment=\"1\"><span data-mce-fragment=\"1\">Mantiene el coraz\u00f3n y los vasos sangu\u00edneos saludables. Reducen los triglic\u00e9ridos y el riesgo de desarrollar enfermedades card\u00edacas.<\/span><\/p>\n<p data-mce-fragment=\"1\"><strong data-mce-fragment=\"1\">Modo de uso:<\/strong><\/p>\n<p data-mce-fragment=\"1\"><span data-mce-fragment=\"1\">Tomar 1 a 3 capsulas al d\u00eda 30 minutos antes de los alimentos.<\/span><\/p>\n<p data-mce-fragment=\"1\"><strong data-mce-fragment=\"1\">Contenido:<\/strong><\/p>\n<p data-mce-fragment=\"1\">90 c\u00e1psulas.<\/p>\n","protected":false},"excerpt":{"rendered":"<p>Descripci\u00f3n: Mantiene el coraz\u00f3n y los vasos sangu\u00edneos saludables. Reducen los triglic\u00e9ridos y el riesgo de desarrollar enfermedades card\u00edacas. Modo de uso: Tomar 1 a 3 capsulas al d\u00eda 30 [&hellip;]<\/p>\n","protected":false},"featured_media":1833,"comment_status":"open","ping_status":"closed","template":"","meta":[],"product_brand":[362],"product_cat":[308,337,318,319],"product_tag":[133],"class_list":{"0":"post-5336","1":"product","2":"type-product","3":"status-publish","4":"has-post-thumbnail","6":"product_brand-shanaturals","7":"product_cat-nutricion","8":"product_cat-productos","9":"product_cat-salud","10":"product_cat-salud-cardiovascular","11":"product_tag-omega-3-6-9","13":"first","14":"instock","15":"shipping-taxable","16":"purchasable","17":"product-type-simple"},"_links":{"self":[{"href":"https:\/\/modest-napier.216-250-124-103.plesk.page\/index.php\/wp-json\/wp\/v2\/product\/5336","targetHints":{"allow":["GET"]}}],"collection":[{"href":"https:\/\/modest-napier.216-250-124-103.plesk.page\/index.php\/wp-json\/wp\/v2\/product"}],"about":[{"href":"https:\/\/modest-napier.216-250-124-103.plesk.page\/index.php\/wp-json\/wp\/v2\/types\/product"}],"replies":[{"embeddable":true,"href":"https:\/\/modest-napier.216-250-124-103.plesk.page\/index.php\/wp-json\/wp\/v2\/comments?post=5336"}],"wp:featuredmedia":[{"embeddable":true,"href":"https:\/\/modest-napier.216-250-124-103.plesk.page\/index.php\/wp-json\/wp\/v2\/media\/1833"}],"wp:attachment":[{"href":"https:\/\/modest-napier.216-250-124-103.plesk.page\/index.php\/wp-json\/wp\/v2\/media?parent=5336"}],"wp:term":[{"taxonomy":"product_brand","embeddable":true,"href":"https:\/\/modest-napier.216-250-124-103.plesk.page\/index.php\/wp-json\/wp\/v2\/product_brand?post=5336"},{"taxonomy":"product_cat","embeddable":true,"href":"https:\/\/modest-napier.216-250-124-103.plesk.page\/index.php\/wp-json\/wp\/v2\/product_cat?post=5336"},{"taxonomy":"product_tag","embeddable":true,"href":"https:\/\/modest-napier.216-250-124-103.plesk.page\/index.php\/wp-json\/wp\/v2\/product_tag?post=5336"}],"curies":[{"name":"wp","href":"https:\/\/api.w.org\/{rel}","templated":true}]}}