{"id":5340,"date":"2025-09-24T19:33:14","date_gmt":"2025-09-24T19:33:14","guid":{"rendered":"https:\/\/modest-napier.216-250-124-103.plesk.page\/index.php\/producto\/cap-oncoter-c-60-natures-pet\/"},"modified":"2025-09-24T20:47:51","modified_gmt":"2025-09-24T20:47:51","slug":"oncoter","status":"publish","type":"product","link":"https:\/\/modest-napier.216-250-124-103.plesk.page\/index.php\/producto\/oncoter\/","title":{"rendered":"Oncoter 60 c\u00e1psulas Nature&#8217;s P.e.t."},"content":{"rendered":"<p>Las\u00a0<strong>c\u00e1psulas Oncoter<\/strong> son un suplemento alimenticio natural, auxiliar en tratamiento de quistes, miomas, tumoraciones en hombres y mujeres. Contribuye a elevar sistema inmune y la cicatrizaci\u00f3n de heridas.\u00a0<em>Oncoter<\/em> est\u00e1 dise\u00f1ado para complementar los tratamientos m\u00e9dicos convencionales y ayudar a fortalecer el sistema inmunol\u00f3gico, promover la vitalidad y mejorar la calidad de vida durante el proceso de recuperaci\u00f3n.\u00a0<a href=\"#more\"><\/a><\/p>\n","protected":false},"excerpt":{"rendered":"<p>Las\u00a0c\u00e1psulas Oncoter son un suplemento alimenticio natural, auxiliar en tratamiento de quistes, miomas, tumoraciones en hombres y mujeres. Contribuye a elevar sistema inmune y la cicatrizaci\u00f3n de heridas.\u00a0Oncoter est\u00e1 dise\u00f1ado [&hellip;]<\/p>\n","protected":false},"featured_media":1839,"comment_status":"open","ping_status":"closed","template":"","meta":[],"product_brand":[575],"product_cat":[310,337,318],"product_tag":[101,108,125,96,154,192],"class_list":{"0":"post-5340","1":"product","2":"type-product","3":"status-publish","4":"has-post-thumbnail","6":"product_brand-natures-pet","7":"product_cat-padecimientos-cronicos","8":"product_cat-productos","9":"product_cat-salud","10":"product_tag-aceite-de-higado-de-tiburon","11":"product_tag-ajo","12":"product_tag-cancerina","13":"product_tag-cuachalalate","14":"product_tag-diente-de-leon","15":"product_tag-una-de-gato","17":"first","18":"instock","19":"shipping-taxable","20":"purchasable","21":"product-type-simple"},"_links":{"self":[{"href":"https:\/\/modest-napier.216-250-124-103.plesk.page\/index.php\/wp-json\/wp\/v2\/product\/5340","targetHints":{"allow":["GET"]}}],"collection":[{"href":"https:\/\/modest-napier.216-250-124-103.plesk.page\/index.php\/wp-json\/wp\/v2\/product"}],"about":[{"href":"https:\/\/modest-napier.216-250-124-103.plesk.page\/index.php\/wp-json\/wp\/v2\/types\/product"}],"replies":[{"embeddable":true,"href":"https:\/\/modest-napier.216-250-124-103.plesk.page\/index.php\/wp-json\/wp\/v2\/comments?post=5340"}],"wp:featuredmedia":[{"embeddable":true,"href":"https:\/\/modest-napier.216-250-124-103.plesk.page\/index.php\/wp-json\/wp\/v2\/media\/1839"}],"wp:attachment":[{"href":"https:\/\/modest-napier.216-250-124-103.plesk.page\/index.php\/wp-json\/wp\/v2\/media?parent=5340"}],"wp:term":[{"taxonomy":"product_brand","embeddable":true,"href":"https:\/\/modest-napier.216-250-124-103.plesk.page\/index.php\/wp-json\/wp\/v2\/product_brand?post=5340"},{"taxonomy":"product_cat","embeddable":true,"href":"https:\/\/modest-napier.216-250-124-103.plesk.page\/index.php\/wp-json\/wp\/v2\/product_cat?post=5340"},{"taxonomy":"product_tag","embeddable":true,"href":"https:\/\/modest-napier.216-250-124-103.plesk.page\/index.php\/wp-json\/wp\/v2\/product_tag?post=5340"}],"curies":[{"name":"wp","href":"https:\/\/api.w.org\/{rel}","templated":true}]}}