{"id":5345,"date":"2025-09-24T19:33:21","date_gmt":"2025-09-24T19:33:21","guid":{"rendered":"https:\/\/modest-napier.216-250-124-103.plesk.page\/index.php\/producto\/cap-pancryl-en-caja-amarilla-s-n-cap-xotla\/"},"modified":"2025-09-24T20:46:33","modified_gmt":"2025-09-24T20:46:33","slug":"cap-pancryl-en-caja-amarilla-s-n-cap-xotla","status":"publish","type":"product","link":"https:\/\/modest-napier.216-250-124-103.plesk.page\/index.php\/producto\/cap-pancryl-en-caja-amarilla-s-n-cap-xotla\/","title":{"rendered":"Pancryl Caja Amarilla Xotla"},"content":{"rendered":"<p data-mce-fragment=\"1\"><strong data-mce-fragment=\"1\">Descripci\u00f3n:<\/strong><\/p>\n<div class=\"woocommerce-tabs wc-tabs-wrapper\">\n<div aria-labelledby=\"tab-title-description\" role=\"tabpanel\" id=\"tab-description\" class=\"woocommerce-Tabs-panel woocommerce-Tabs-panel--description panel entry-content wc-tab\">\n<p>La f\u00f3rmula de Pancryl est\u00e1 recomendada como auxiliar en la mejora del manejo de los niveles de glucosa en el paciente con problemas de hiperglucemia.<\/p>\n<p><strong>Ingredientes:<\/strong><\/p>\n<p>Corteza de chil, guarumbo y tulasuchil.<\/p>\n<\/div>\n<\/div>\n<section class=\"related products\"><\/section>\n<p data-mce-fragment=\"1\"><strong data-mce-fragment=\"1\">Modo de uso:<\/strong><\/p>\n<p data-mce-fragment=\"1\"><span>Tomar 1 c\u00e1psula antes de cada alimento, 3 veces al d\u00eda.<\/span><\/p>\n","protected":false},"excerpt":{"rendered":"<p>Descripci\u00f3n: La f\u00f3rmula de Pancryl est\u00e1 recomendada como auxiliar en la mejora del manejo de los niveles de glucosa en el paciente con problemas de hiperglucemia. Ingredientes: Corteza de chil, [&hellip;]<\/p>\n","protected":false},"featured_media":1845,"comment_status":"open","ping_status":"closed","template":"","meta":[],"product_brand":[345],"product_cat":[296,337,318],"product_tag":[],"class_list":{"0":"post-5345","1":"product","2":"type-product","3":"status-publish","4":"has-post-thumbnail","6":"product_brand-natural-life","7":"product_cat-diabetes-y-sus-sintomas","8":"product_cat-productos","9":"product_cat-salud","11":"first","12":"instock","13":"shipping-taxable","14":"purchasable","15":"product-type-simple"},"_links":{"self":[{"href":"https:\/\/modest-napier.216-250-124-103.plesk.page\/index.php\/wp-json\/wp\/v2\/product\/5345","targetHints":{"allow":["GET"]}}],"collection":[{"href":"https:\/\/modest-napier.216-250-124-103.plesk.page\/index.php\/wp-json\/wp\/v2\/product"}],"about":[{"href":"https:\/\/modest-napier.216-250-124-103.plesk.page\/index.php\/wp-json\/wp\/v2\/types\/product"}],"replies":[{"embeddable":true,"href":"https:\/\/modest-napier.216-250-124-103.plesk.page\/index.php\/wp-json\/wp\/v2\/comments?post=5345"}],"wp:featuredmedia":[{"embeddable":true,"href":"https:\/\/modest-napier.216-250-124-103.plesk.page\/index.php\/wp-json\/wp\/v2\/media\/1845"}],"wp:attachment":[{"href":"https:\/\/modest-napier.216-250-124-103.plesk.page\/index.php\/wp-json\/wp\/v2\/media?parent=5345"}],"wp:term":[{"taxonomy":"product_brand","embeddable":true,"href":"https:\/\/modest-napier.216-250-124-103.plesk.page\/index.php\/wp-json\/wp\/v2\/product_brand?post=5345"},{"taxonomy":"product_cat","embeddable":true,"href":"https:\/\/modest-napier.216-250-124-103.plesk.page\/index.php\/wp-json\/wp\/v2\/product_cat?post=5345"},{"taxonomy":"product_tag","embeddable":true,"href":"https:\/\/modest-napier.216-250-124-103.plesk.page\/index.php\/wp-json\/wp\/v2\/product_tag?post=5345"}],"curies":[{"name":"wp","href":"https:\/\/api.w.org\/{rel}","templated":true}]}}