{"id":5348,"date":"2025-09-24T19:33:25","date_gmt":"2025-09-24T19:33:25","guid":{"rendered":"https:\/\/modest-napier.216-250-124-103.plesk.page\/index.php\/producto\/cap-perlas-del-mar-bacalao-salmon-y-tiburon-c-60\/"},"modified":"2025-09-24T20:48:01","modified_gmt":"2025-09-24T20:48:01","slug":"cap-bacalao-c-30-aly","status":"publish","type":"product","link":"https:\/\/modest-napier.216-250-124-103.plesk.page\/index.php\/producto\/cap-bacalao-c-30-aly\/","title":{"rendered":"Perlas del Mar Bacalao Salm\u00f3n y Tibur\u00f3n 60 c\u00e1psulas"},"content":{"rendered":"<p data-mce-fragment=\"1\">El suplemento\u00a0<strong>Perlas del Mar, con el poder de los aceites de bacalao, salm\u00f3n y tibur\u00f3n<\/strong>, regula el nivel de triglic\u00e9ridos, previene las enfermedades del sistema circulatorio, previene enfermedades del coraz\u00f3n y elimina impurezas del organismo.<strong data-mce-fragment=\"1\"><\/strong><\/p>\n","protected":false},"excerpt":{"rendered":"<p>El suplemento\u00a0Perlas del Mar, con el poder de los aceites de bacalao, salm\u00f3n y tibur\u00f3n, regula el nivel de triglic\u00e9ridos, previene las enfermedades del sistema circulatorio, previene enfermedades del coraz\u00f3n [&hellip;]<\/p>\n","protected":false},"featured_media":1848,"comment_status":"open","ping_status":"closed","template":"","meta":[],"product_brand":[374],"product_cat":[308,337,318],"product_tag":[100,101],"class_list":{"0":"post-5348","1":"product","2":"type-product","3":"status-publish","4":"has-post-thumbnail","6":"product_brand-aly","7":"product_cat-nutricion","8":"product_cat-productos","9":"product_cat-salud","10":"product_tag-aceite-de-higado-de-bacalao","11":"product_tag-aceite-de-higado-de-tiburon","13":"first","14":"outofstock","15":"shipping-taxable","16":"purchasable","17":"product-type-simple"},"_links":{"self":[{"href":"https:\/\/modest-napier.216-250-124-103.plesk.page\/index.php\/wp-json\/wp\/v2\/product\/5348","targetHints":{"allow":["GET"]}}],"collection":[{"href":"https:\/\/modest-napier.216-250-124-103.plesk.page\/index.php\/wp-json\/wp\/v2\/product"}],"about":[{"href":"https:\/\/modest-napier.216-250-124-103.plesk.page\/index.php\/wp-json\/wp\/v2\/types\/product"}],"replies":[{"embeddable":true,"href":"https:\/\/modest-napier.216-250-124-103.plesk.page\/index.php\/wp-json\/wp\/v2\/comments?post=5348"}],"wp:featuredmedia":[{"embeddable":true,"href":"https:\/\/modest-napier.216-250-124-103.plesk.page\/index.php\/wp-json\/wp\/v2\/media\/1848"}],"wp:attachment":[{"href":"https:\/\/modest-napier.216-250-124-103.plesk.page\/index.php\/wp-json\/wp\/v2\/media?parent=5348"}],"wp:term":[{"taxonomy":"product_brand","embeddable":true,"href":"https:\/\/modest-napier.216-250-124-103.plesk.page\/index.php\/wp-json\/wp\/v2\/product_brand?post=5348"},{"taxonomy":"product_cat","embeddable":true,"href":"https:\/\/modest-napier.216-250-124-103.plesk.page\/index.php\/wp-json\/wp\/v2\/product_cat?post=5348"},{"taxonomy":"product_tag","embeddable":true,"href":"https:\/\/modest-napier.216-250-124-103.plesk.page\/index.php\/wp-json\/wp\/v2\/product_tag?post=5348"}],"curies":[{"name":"wp","href":"https:\/\/api.w.org\/{rel}","templated":true}]}}