{"id":5350,"date":"2025-09-24T19:33:27","date_gmt":"2025-09-24T19:33:27","guid":{"rendered":"https:\/\/modest-napier.216-250-124-103.plesk.page\/index.php\/producto\/cap-pop-sex-for-him-her-c-2-blinlabeliminado\/"},"modified":"2025-09-24T19:33:28","modified_gmt":"2025-09-24T19:33:28","slug":"cap-pop-sex-for-him-her-c-2-blinlabeliminado","status":"publish","type":"product","link":"https:\/\/modest-napier.216-250-124-103.plesk.page\/index.php\/producto\/cap-pop-sex-for-him-her-c-2-blinlabeliminado\/","title":{"rendered":"CAP POP SEX FOR HIM &#038; HER C\/2 BLINLAB(ELIMINADO)"},"content":{"rendered":"<p data-mce-fragment=\"1\"><strong data-mce-fragment=\"1\">Descripci\u00f3n:<\/strong><\/p>\n<p data-mce-fragment=\"1\">Es un Afrodis\u00edaco natural creado a partir de una nueva generaci\u00f3n de ingredientes org\u00e1nicos estimulantes que provocan el m\u00e1s eficaz m\u00e9todo terap\u00e9utico para mejorar la relaci\u00f3n sexual.<\/p>\n<p data-mce-fragment=\"1\"><span>F\u00f3rmula creada para \u00e9l y para ella con Extractos Naturales que aumentan el libido y la potencia sexual. Mejora la circulaci\u00f3n hacia las zonas er\u00f3genas, siempre y cuando haya estimulaci\u00f3n.<\/span><\/p>\n<p data-mce-fragment=\"1\"><strong data-mce-fragment=\"1\">Modo de uso:<\/strong><\/p>\n<p data-mce-fragment=\"1\"><span>Tomar una Caps. de 30 a 60 min antes de la actividad sexual. El hombre o la mujer pueden tomar cualquiera de las dos c\u00e1psulas, la c\u00e1psula azul es un poco m\u00e1s fuerte. No exceder de 2 c\u00e1psulas al d\u00eda.<\/span><\/p>\n<p data-mce-fragment=\"1\"><strong data-mce-fragment=\"1\">Contenido:<\/strong><\/p>\n<p data-mce-fragment=\"1\">2 c\u00e1psulas.<\/p>\n","protected":false},"excerpt":{"rendered":"<p>Descripci\u00f3n: Es un Afrodis\u00edaco natural creado a partir de una nueva generaci\u00f3n de ingredientes org\u00e1nicos estimulantes que provocan el m\u00e1s eficaz m\u00e9todo terap\u00e9utico para mejorar la relaci\u00f3n sexual. F\u00f3rmula creada [&hellip;]<\/p>\n","protected":false},"featured_media":1851,"comment_status":"open","ping_status":"closed","template":"","meta":[],"product_brand":[],"product_cat":[337,324],"product_tag":[],"class_list":{"0":"post-5350","1":"product","2":"type-product","3":"status-publish","4":"has-post-thumbnail","6":"product_cat-productos","7":"product_cat-sexualidad","9":"first","10":"outofstock","11":"shipping-taxable","12":"purchasable","13":"product-type-simple"},"_links":{"self":[{"href":"https:\/\/modest-napier.216-250-124-103.plesk.page\/index.php\/wp-json\/wp\/v2\/product\/5350","targetHints":{"allow":["GET"]}}],"collection":[{"href":"https:\/\/modest-napier.216-250-124-103.plesk.page\/index.php\/wp-json\/wp\/v2\/product"}],"about":[{"href":"https:\/\/modest-napier.216-250-124-103.plesk.page\/index.php\/wp-json\/wp\/v2\/types\/product"}],"replies":[{"embeddable":true,"href":"https:\/\/modest-napier.216-250-124-103.plesk.page\/index.php\/wp-json\/wp\/v2\/comments?post=5350"}],"wp:featuredmedia":[{"embeddable":true,"href":"https:\/\/modest-napier.216-250-124-103.plesk.page\/index.php\/wp-json\/wp\/v2\/media\/1851"}],"wp:attachment":[{"href":"https:\/\/modest-napier.216-250-124-103.plesk.page\/index.php\/wp-json\/wp\/v2\/media?parent=5350"}],"wp:term":[{"taxonomy":"product_brand","embeddable":true,"href":"https:\/\/modest-napier.216-250-124-103.plesk.page\/index.php\/wp-json\/wp\/v2\/product_brand?post=5350"},{"taxonomy":"product_cat","embeddable":true,"href":"https:\/\/modest-napier.216-250-124-103.plesk.page\/index.php\/wp-json\/wp\/v2\/product_cat?post=5350"},{"taxonomy":"product_tag","embeddable":true,"href":"https:\/\/modest-napier.216-250-124-103.plesk.page\/index.php\/wp-json\/wp\/v2\/product_tag?post=5350"}],"curies":[{"name":"wp","href":"https:\/\/api.w.org\/{rel}","templated":true}]}}