{"id":5355,"date":"2025-09-24T19:33:35","date_gmt":"2025-09-24T19:33:35","guid":{"rendered":"https:\/\/modest-napier.216-250-124-103.plesk.page\/index.php\/producto\/cap-probioticos-lactobacilos-100millones-de-ufc-c-30-g-g\/"},"modified":"2025-09-24T20:43:29","modified_gmt":"2025-09-24T20:43:29","slug":"probioticos-lactobacilos","status":"publish","type":"product","link":"https:\/\/modest-napier.216-250-124-103.plesk.page\/index.php\/producto\/probioticos-lactobacilos\/","title":{"rendered":"Probi\u00f3ticos Lactobacilos 30 c\u00e1psulas G&#038;G"},"content":{"rendered":"<p><strong>Descripci\u00f3n:<\/strong><br \/>Los probi\u00f3ticos ayudan a combatir y prevenir enfermedades intestinales como colitis, s\u00edndrome del intestino irritable, enfermedad de Crohn e inflamaci\u00f3n intestinal. Combatir enfermedades como c\u00e1ncer, c\u00e1ncer de col\u00f3n, prevenir enfermedades respiratorias, candidiasis, parasitosis, hemorroides e infecci\u00f3n urinaria. Mejorar la digesti\u00f3n y combate la acidez.<\/p>\n<p><strong>Modo de uso:<\/strong><br \/>Tomar una c\u00e1psula al d\u00eda.<\/p>\n<p><strong>Contenido:<\/strong><br \/>30 c\u00e1psulas.<\/p>\n<p><!----><\/p>\n","protected":false},"excerpt":{"rendered":"<p>Descripci\u00f3n:Los probi\u00f3ticos ayudan a combatir y prevenir enfermedades intestinales como colitis, s\u00edndrome del intestino irritable, enfermedad de Crohn e inflamaci\u00f3n intestinal. Combatir enfermedades como c\u00e1ncer, c\u00e1ncer de col\u00f3n, prevenir enfermedades [&hellip;]<\/p>\n","protected":false},"featured_media":1856,"comment_status":"open","ping_status":"closed","template":"","meta":[],"product_brand":[446],"product_cat":[307,337,318,323],"product_tag":[196],"class_list":{"0":"post-5355","1":"product","2":"type-product","3":"status-publish","4":"has-post-thumbnail","6":"product_brand-gg","7":"product_cat-nuevos","8":"product_cat-productos","9":"product_cat-salud","10":"product_cat-salud-intestinal","11":"product_tag-probioticos","13":"first","14":"outofstock","15":"shipping-taxable","16":"purchasable","17":"product-type-simple"},"_links":{"self":[{"href":"https:\/\/modest-napier.216-250-124-103.plesk.page\/index.php\/wp-json\/wp\/v2\/product\/5355","targetHints":{"allow":["GET"]}}],"collection":[{"href":"https:\/\/modest-napier.216-250-124-103.plesk.page\/index.php\/wp-json\/wp\/v2\/product"}],"about":[{"href":"https:\/\/modest-napier.216-250-124-103.plesk.page\/index.php\/wp-json\/wp\/v2\/types\/product"}],"replies":[{"embeddable":true,"href":"https:\/\/modest-napier.216-250-124-103.plesk.page\/index.php\/wp-json\/wp\/v2\/comments?post=5355"}],"wp:featuredmedia":[{"embeddable":true,"href":"https:\/\/modest-napier.216-250-124-103.plesk.page\/index.php\/wp-json\/wp\/v2\/media\/1856"}],"wp:attachment":[{"href":"https:\/\/modest-napier.216-250-124-103.plesk.page\/index.php\/wp-json\/wp\/v2\/media?parent=5355"}],"wp:term":[{"taxonomy":"product_brand","embeddable":true,"href":"https:\/\/modest-napier.216-250-124-103.plesk.page\/index.php\/wp-json\/wp\/v2\/product_brand?post=5355"},{"taxonomy":"product_cat","embeddable":true,"href":"https:\/\/modest-napier.216-250-124-103.plesk.page\/index.php\/wp-json\/wp\/v2\/product_cat?post=5355"},{"taxonomy":"product_tag","embeddable":true,"href":"https:\/\/modest-napier.216-250-124-103.plesk.page\/index.php\/wp-json\/wp\/v2\/product_tag?post=5355"}],"curies":[{"name":"wp","href":"https:\/\/api.w.org\/{rel}","templated":true}]}}