{"id":5360,"date":"2025-09-24T19:33:42","date_gmt":"2025-09-24T19:33:42","guid":{"rendered":"https:\/\/modest-napier.216-250-124-103.plesk.page\/index.php\/producto\/cap-pure-glutamico-c-30-sonora\/"},"modified":"2025-09-24T20:46:33","modified_gmt":"2025-09-24T20:46:33","slug":"cap-pure-glutamico-c-20-sonora","status":"publish","type":"product","link":"https:\/\/modest-napier.216-250-124-103.plesk.page\/index.php\/producto\/cap-pure-glutamico-c-20-sonora\/","title":{"rendered":"Pure Glut\u00e1mico 30 capsulas Sonora Glutamivit"},"content":{"rendered":"<p><strong>Descripci\u00f3n:<\/strong><br \/><strong>Pure Glut\u00e1mico<\/strong> es el complemento diario indicado para el cerebro y nervios, mejorando la memoria y concentraci\u00f3n. Pure Glut\u00e1mico es es tu clave para potenciar la memoria y concentraci\u00f3n, brind\u00e1ndote la claridad mental que necesitas en tu d\u00eda a d\u00eda. Estas c\u00e1psulas est\u00e1n dise\u00f1adas para nutrir y fortalecer tu sistema nervioso. No solo mejora tu capacidad cognitiva, sino que tambi\u00e9n act\u00faa como auxiliar en la reducci\u00f3n de dolores por migra\u00f1a y otros tipos de dolor de cabeza. Adem\u00e1s, ofrece beneficios adicionales al sistema cardiovascular. <em>\u00a1Haz de Pure Glut\u00e1mico tu elecci\u00f3n para un cerebro m\u00e1s saludable y una mente aguda!<\/em><\/p>\n<p><strong>Modo de uso:<\/strong><br \/>Tomar 3 c\u00e1psulas al d\u00eda.<\/p>\n<p><strong>Contenido:<\/strong><br \/>20 c\u00e1psulas.<\/p>\n","protected":false},"excerpt":{"rendered":"<p>Descripci\u00f3n:Pure Glut\u00e1mico es el complemento diario indicado para el cerebro y nervios, mejorando la memoria y concentraci\u00f3n. Pure Glut\u00e1mico es es tu clave para potenciar la memoria y concentraci\u00f3n, brind\u00e1ndote [&hellip;]<\/p>\n","protected":false},"featured_media":1861,"comment_status":"open","ping_status":"closed","template":"","meta":[],"product_brand":[604],"product_cat":[290,337,318],"product_tag":[81],"class_list":{"0":"post-5360","1":"product","2":"type-product","3":"status-publish","4":"has-post-thumbnail","6":"product_brand-sonora","7":"product_cat-cerebro-y-memoria","8":"product_cat-productos","9":"product_cat-salud","10":"product_tag-acido-glutamico","12":"first","13":"instock","14":"shipping-taxable","15":"purchasable","16":"product-type-simple"},"_links":{"self":[{"href":"https:\/\/modest-napier.216-250-124-103.plesk.page\/index.php\/wp-json\/wp\/v2\/product\/5360","targetHints":{"allow":["GET"]}}],"collection":[{"href":"https:\/\/modest-napier.216-250-124-103.plesk.page\/index.php\/wp-json\/wp\/v2\/product"}],"about":[{"href":"https:\/\/modest-napier.216-250-124-103.plesk.page\/index.php\/wp-json\/wp\/v2\/types\/product"}],"replies":[{"embeddable":true,"href":"https:\/\/modest-napier.216-250-124-103.plesk.page\/index.php\/wp-json\/wp\/v2\/comments?post=5360"}],"wp:featuredmedia":[{"embeddable":true,"href":"https:\/\/modest-napier.216-250-124-103.plesk.page\/index.php\/wp-json\/wp\/v2\/media\/1861"}],"wp:attachment":[{"href":"https:\/\/modest-napier.216-250-124-103.plesk.page\/index.php\/wp-json\/wp\/v2\/media?parent=5360"}],"wp:term":[{"taxonomy":"product_brand","embeddable":true,"href":"https:\/\/modest-napier.216-250-124-103.plesk.page\/index.php\/wp-json\/wp\/v2\/product_brand?post=5360"},{"taxonomy":"product_cat","embeddable":true,"href":"https:\/\/modest-napier.216-250-124-103.plesk.page\/index.php\/wp-json\/wp\/v2\/product_cat?post=5360"},{"taxonomy":"product_tag","embeddable":true,"href":"https:\/\/modest-napier.216-250-124-103.plesk.page\/index.php\/wp-json\/wp\/v2\/product_tag?post=5360"}],"curies":[{"name":"wp","href":"https:\/\/api.w.org\/{rel}","templated":true}]}}