{"id":5362,"date":"2025-09-24T19:33:45","date_gmt":"2025-09-24T19:33:45","guid":{"rendered":"https:\/\/modest-napier.216-250-124-103.plesk.page\/index.php\/producto\/cap-rabano-negro-con-enebro-c-150-herbomex\/"},"modified":"2025-09-24T20:43:44","modified_gmt":"2025-09-24T20:43:44","slug":"rabano-negro-con-enebro-herbomex","status":"publish","type":"product","link":"https:\/\/modest-napier.216-250-124-103.plesk.page\/index.php\/producto\/rabano-negro-con-enebro-herbomex\/","title":{"rendered":"R\u00e1bano Negro con Enebro 150 c\u00e1psulas Herbomex"},"content":{"rendered":"<p><strong>Descripci\u00f3n:<\/strong><br \/>El <strong>suplemento de r\u00e1bano negro con enebro<\/strong> es auxiliar en problemas hep\u00e1ticos, de ves\u00edcula y ri\u00f1ones, ayudando a la eliminaci\u00f3n de toxinas y residuos.<\/p>\n<p><strong>Modo de uso:<\/strong><br \/>Tomar 2 c\u00e1psulas antes de cada comida.<\/p>\n<p><strong>Contenido:<\/strong><br \/> 150 c\u00e1psulas.<\/p>\n","protected":false},"excerpt":{"rendered":"<p>Descripci\u00f3n:El suplemento de r\u00e1bano negro con enebro es auxiliar en problemas hep\u00e1ticos, de ves\u00edcula y ri\u00f1ones, ayudando a la eliminaci\u00f3n de toxinas y residuos. Modo de uso:Tomar 2 c\u00e1psulas antes [&hellip;]<\/p>\n","protected":false},"featured_media":1864,"comment_status":"open","ping_status":"closed","template":"","meta":[],"product_brand":[351],"product_cat":[337,318],"product_tag":[156,199],"class_list":{"0":"post-5362","1":"product","2":"type-product","3":"status-publish","4":"has-post-thumbnail","6":"product_brand-herbomex","7":"product_cat-productos","8":"product_cat-salud","9":"product_tag-enebro","10":"product_tag-rabano-negro","12":"first","13":"instock","14":"shipping-taxable","15":"purchasable","16":"product-type-simple"},"_links":{"self":[{"href":"https:\/\/modest-napier.216-250-124-103.plesk.page\/index.php\/wp-json\/wp\/v2\/product\/5362","targetHints":{"allow":["GET"]}}],"collection":[{"href":"https:\/\/modest-napier.216-250-124-103.plesk.page\/index.php\/wp-json\/wp\/v2\/product"}],"about":[{"href":"https:\/\/modest-napier.216-250-124-103.plesk.page\/index.php\/wp-json\/wp\/v2\/types\/product"}],"replies":[{"embeddable":true,"href":"https:\/\/modest-napier.216-250-124-103.plesk.page\/index.php\/wp-json\/wp\/v2\/comments?post=5362"}],"wp:featuredmedia":[{"embeddable":true,"href":"https:\/\/modest-napier.216-250-124-103.plesk.page\/index.php\/wp-json\/wp\/v2\/media\/1864"}],"wp:attachment":[{"href":"https:\/\/modest-napier.216-250-124-103.plesk.page\/index.php\/wp-json\/wp\/v2\/media?parent=5362"}],"wp:term":[{"taxonomy":"product_brand","embeddable":true,"href":"https:\/\/modest-napier.216-250-124-103.plesk.page\/index.php\/wp-json\/wp\/v2\/product_brand?post=5362"},{"taxonomy":"product_cat","embeddable":true,"href":"https:\/\/modest-napier.216-250-124-103.plesk.page\/index.php\/wp-json\/wp\/v2\/product_cat?post=5362"},{"taxonomy":"product_tag","embeddable":true,"href":"https:\/\/modest-napier.216-250-124-103.plesk.page\/index.php\/wp-json\/wp\/v2\/product_tag?post=5362"}],"curies":[{"name":"wp","href":"https:\/\/api.w.org\/{rel}","templated":true}]}}