{"id":5364,"date":"2025-09-24T19:33:47","date_gmt":"2025-09-24T19:33:47","guid":{"rendered":"https:\/\/modest-napier.216-250-124-103.plesk.page\/index.php\/producto\/cap-raiz-de-nopal-y-raiz-de-toronja-c-60-vidanat\/"},"modified":"2025-09-24T20:44:39","modified_gmt":"2025-09-24T20:44:39","slug":"cap-raiz-de-nopal-y-raiz-de-toronja-c-60-vidanat","status":"publish","type":"product","link":"https:\/\/modest-napier.216-250-124-103.plesk.page\/index.php\/producto\/cap-raiz-de-nopal-y-raiz-de-toronja-c-60-vidanat\/","title":{"rendered":"Ra\u00edz de Nopal y Ra\u00edz de Toronja 60 c\u00e1psulas Vidanat"},"content":{"rendered":"<p data-mce-fragment=\"1\"><strong data-mce-fragment=\"1\">Descripci\u00f3n:<\/strong><\/p>\n<p data-mce-fragment=\"1\"><span>El suplemento de <strong>ra\u00edz de nopal y ra\u00edz de toronja en c\u00e1psulas<\/strong> es auxiliar para mejorar la digesti\u00f3n\u00a0y el metabolismo de las grasas, baja de peso, disminuye el colesterol.<\/span><\/p>\n<p data-mce-fragment=\"1\"><strong data-mce-fragment=\"1\">Modo de uso:<\/strong><br data-mce-fragment=\"1\"><\/p>\n<p data-mce-fragment=\"1\">Tomar 1 c\u00e1psula antes del desayuno y 1 c\u00e1psula antes de la comida.<\/p>\n<p data-mce-fragment=\"1\"><strong data-mce-fragment=\"1\">Contenido:<\/strong><\/p>\n<p data-mce-fragment=\"1\">60 c\u00e1psulas.<\/p>\n","protected":false},"excerpt":{"rendered":"<p>Descripci\u00f3n: El suplemento de ra\u00edz de nopal y ra\u00edz de toronja en c\u00e1psulas es auxiliar para mejorar la digesti\u00f3n\u00a0y el metabolismo de las grasas, baja de peso, disminuye el colesterol. [&hellip;]<\/p>\n","protected":false},"featured_media":1866,"comment_status":"open","ping_status":"closed","template":"","meta":[],"product_brand":[354],"product_cat":[287,336,337,318,331],"product_tag":[40,98,117],"class_list":{"0":"post-5364","1":"product","2":"type-product","3":"status-publish","4":"has-post-thumbnail","6":"product_brand-vidanat","7":"product_cat-baja-de-peso","8":"product_cat-celebra-el-verano-","9":"product_cat-productos","10":"product_cat-salud","11":"product_cat-suplementos-bajar-de-peso","12":"product_tag-celebra-el-verano","13":"product_tag-nopal","14":"product_tag-toronja","16":"first","17":"instock","18":"shipping-taxable","19":"purchasable","20":"product-type-simple"},"_links":{"self":[{"href":"https:\/\/modest-napier.216-250-124-103.plesk.page\/index.php\/wp-json\/wp\/v2\/product\/5364","targetHints":{"allow":["GET"]}}],"collection":[{"href":"https:\/\/modest-napier.216-250-124-103.plesk.page\/index.php\/wp-json\/wp\/v2\/product"}],"about":[{"href":"https:\/\/modest-napier.216-250-124-103.plesk.page\/index.php\/wp-json\/wp\/v2\/types\/product"}],"replies":[{"embeddable":true,"href":"https:\/\/modest-napier.216-250-124-103.plesk.page\/index.php\/wp-json\/wp\/v2\/comments?post=5364"}],"wp:featuredmedia":[{"embeddable":true,"href":"https:\/\/modest-napier.216-250-124-103.plesk.page\/index.php\/wp-json\/wp\/v2\/media\/1866"}],"wp:attachment":[{"href":"https:\/\/modest-napier.216-250-124-103.plesk.page\/index.php\/wp-json\/wp\/v2\/media?parent=5364"}],"wp:term":[{"taxonomy":"product_brand","embeddable":true,"href":"https:\/\/modest-napier.216-250-124-103.plesk.page\/index.php\/wp-json\/wp\/v2\/product_brand?post=5364"},{"taxonomy":"product_cat","embeddable":true,"href":"https:\/\/modest-napier.216-250-124-103.plesk.page\/index.php\/wp-json\/wp\/v2\/product_cat?post=5364"},{"taxonomy":"product_tag","embeddable":true,"href":"https:\/\/modest-napier.216-250-124-103.plesk.page\/index.php\/wp-json\/wp\/v2\/product_tag?post=5364"}],"curies":[{"name":"wp","href":"https:\/\/api.w.org\/{rel}","templated":true}]}}