{"id":5368,"date":"2025-09-24T19:33:52","date_gmt":"2025-09-24T19:33:52","guid":{"rendered":"https:\/\/modest-napier.216-250-124-103.plesk.page\/index.php\/producto\/cap-raiz-de-tejocote-con-raiz-de-nopal-extra-fuerte-c-20eliminado\/"},"modified":"2025-09-24T19:33:53","modified_gmt":"2025-09-24T19:33:53","slug":"cap-raiz-de-tejocote-con-raiz-de-nopal-extra-fuerte-c-20eliminado","status":"publish","type":"product","link":"https:\/\/modest-napier.216-250-124-103.plesk.page\/index.php\/producto\/cap-raiz-de-tejocote-con-raiz-de-nopal-extra-fuerte-c-20eliminado\/","title":{"rendered":"CAP RAIZ DE TEJOCOTE CON RAIZ DE NOPAL EXTRA FUERTE C\/20(ELIMINADO)"},"content":{"rendered":"<p data-mce-fragment=\"1\"><strong data-mce-fragment=\"1\">Descripci\u00f3n:<\/strong><\/p>\n<ul>\n<li>Baja de peso.<\/li>\n<li>Colesterol.<\/li>\n<li>Retenci\u00f3n de l\u00edquidos.<\/li>\n<li>Reduce cintura.<\/li>\n<li>Estre\u00f1imiento.<\/li>\n<li>Protege flora intestinal.<\/li>\n<li>Elimina grasa corporal.<\/li>\n<\/ul>\n<p data-mce-fragment=\"1\"><strong data-mce-fragment=\"1\">Modo de uso:<\/strong><\/p>\n<p data-mce-fragment=\"1\">Tomar una c\u00e1psula al d\u00eda.<\/p>\n<p data-mce-fragment=\"1\"><strong data-mce-fragment=\"1\">Contenido:<\/strong><\/p>\n<p data-mce-fragment=\"1\">20 C\u00e1psulas.<\/p>\n","protected":false},"excerpt":{"rendered":"<p>Descripci\u00f3n: Baja de peso. Colesterol. Retenci\u00f3n de l\u00edquidos. Reduce cintura. Estre\u00f1imiento. Protege flora intestinal. Elimina grasa corporal. Modo de uso: Tomar una c\u00e1psula al d\u00eda. Contenido: 20 C\u00e1psulas.<\/p>\n","protected":false},"featured_media":1871,"comment_status":"open","ping_status":"closed","template":"","meta":[],"product_brand":[],"product_cat":[287,337],"product_tag":[],"class_list":{"0":"post-5368","1":"product","2":"type-product","3":"status-publish","4":"has-post-thumbnail","6":"product_cat-baja-de-peso","7":"product_cat-productos","9":"first","10":"outofstock","11":"shipping-taxable","12":"purchasable","13":"product-type-simple"},"_links":{"self":[{"href":"https:\/\/modest-napier.216-250-124-103.plesk.page\/index.php\/wp-json\/wp\/v2\/product\/5368","targetHints":{"allow":["GET"]}}],"collection":[{"href":"https:\/\/modest-napier.216-250-124-103.plesk.page\/index.php\/wp-json\/wp\/v2\/product"}],"about":[{"href":"https:\/\/modest-napier.216-250-124-103.plesk.page\/index.php\/wp-json\/wp\/v2\/types\/product"}],"replies":[{"embeddable":true,"href":"https:\/\/modest-napier.216-250-124-103.plesk.page\/index.php\/wp-json\/wp\/v2\/comments?post=5368"}],"wp:featuredmedia":[{"embeddable":true,"href":"https:\/\/modest-napier.216-250-124-103.plesk.page\/index.php\/wp-json\/wp\/v2\/media\/1871"}],"wp:attachment":[{"href":"https:\/\/modest-napier.216-250-124-103.plesk.page\/index.php\/wp-json\/wp\/v2\/media?parent=5368"}],"wp:term":[{"taxonomy":"product_brand","embeddable":true,"href":"https:\/\/modest-napier.216-250-124-103.plesk.page\/index.php\/wp-json\/wp\/v2\/product_brand?post=5368"},{"taxonomy":"product_cat","embeddable":true,"href":"https:\/\/modest-napier.216-250-124-103.plesk.page\/index.php\/wp-json\/wp\/v2\/product_cat?post=5368"},{"taxonomy":"product_tag","embeddable":true,"href":"https:\/\/modest-napier.216-250-124-103.plesk.page\/index.php\/wp-json\/wp\/v2\/product_tag?post=5368"}],"curies":[{"name":"wp","href":"https:\/\/api.w.org\/{rel}","templated":true}]}}