{"id":5369,"date":"2025-09-24T19:33:53","date_gmt":"2025-09-24T19:33:53","guid":{"rendered":"https:\/\/modest-napier.216-250-124-103.plesk.page\/index.php\/producto\/cap-raiz-de-toronjil-reforzada-con-semilla-de-brasil-c-30-bio-natural\/"},"modified":"2025-09-24T20:44:12","modified_gmt":"2025-09-24T20:44:12","slug":"cap-raiz-de-toronjil-reforzda-c-30-bio-natural","status":"publish","type":"product","link":"https:\/\/modest-napier.216-250-124-103.plesk.page\/index.php\/producto\/cap-raiz-de-toronjil-reforzda-c-30-bio-natural\/","title":{"rendered":"Ra\u00edz de Toronjil Reforzada 30 c\u00e1psulas Bio Natural"},"content":{"rendered":"<p data-mce-fragment=\"1\">El suplemento de\u00a0<strong>ra\u00edz de toronjil en c\u00e1psulas<\/strong> es un potente quemador de grasas. Desintoxica el cuerpo, mejora el tr\u00e1nsito intestinal, ayuda a reducir la inflamaci\u00f3n causada por colitis, acelera el metabolismo y disminuye los niveles de grasa en la sangre al igual que los triglic\u00e9ridos y el colesterol.<strong data-mce-fragment=\"1\"><\/strong><\/p>\n<ul data-mce-fragment=\"1\"><\/ul>\n","protected":false},"excerpt":{"rendered":"<p>El suplemento de\u00a0ra\u00edz de toronjil en c\u00e1psulas es un potente quemador de grasas. Desintoxica el cuerpo, mejora el tr\u00e1nsito intestinal, ayuda a reducir la inflamaci\u00f3n causada por colitis, acelera el [&hellip;]<\/p>\n","protected":false},"featured_media":5371,"comment_status":"open","ping_status":"closed","template":"","meta":[],"product_brand":[498],"product_cat":[287,289,308,337,314,318],"product_tag":[187],"class_list":{"0":"post-5369","1":"product","2":"type-product","3":"status-publish","4":"has-post-thumbnail","6":"product_brand-bio-natural","7":"product_cat-baja-de-peso","8":"product_cat-belleza","9":"product_cat-nutricion","10":"product_cat-productos","11":"product_cat-productos-para-bajar-de-peso","12":"product_cat-salud","13":"product_tag-toronjil","15":"first","16":"instock","17":"shipping-taxable","18":"purchasable","19":"product-type-simple"},"_links":{"self":[{"href":"https:\/\/modest-napier.216-250-124-103.plesk.page\/index.php\/wp-json\/wp\/v2\/product\/5369","targetHints":{"allow":["GET"]}}],"collection":[{"href":"https:\/\/modest-napier.216-250-124-103.plesk.page\/index.php\/wp-json\/wp\/v2\/product"}],"about":[{"href":"https:\/\/modest-napier.216-250-124-103.plesk.page\/index.php\/wp-json\/wp\/v2\/types\/product"}],"replies":[{"embeddable":true,"href":"https:\/\/modest-napier.216-250-124-103.plesk.page\/index.php\/wp-json\/wp\/v2\/comments?post=5369"}],"wp:featuredmedia":[{"embeddable":true,"href":"https:\/\/modest-napier.216-250-124-103.plesk.page\/index.php\/wp-json\/wp\/v2\/media\/5371"}],"wp:attachment":[{"href":"https:\/\/modest-napier.216-250-124-103.plesk.page\/index.php\/wp-json\/wp\/v2\/media?parent=5369"}],"wp:term":[{"taxonomy":"product_brand","embeddable":true,"href":"https:\/\/modest-napier.216-250-124-103.plesk.page\/index.php\/wp-json\/wp\/v2\/product_brand?post=5369"},{"taxonomy":"product_cat","embeddable":true,"href":"https:\/\/modest-napier.216-250-124-103.plesk.page\/index.php\/wp-json\/wp\/v2\/product_cat?post=5369"},{"taxonomy":"product_tag","embeddable":true,"href":"https:\/\/modest-napier.216-250-124-103.plesk.page\/index.php\/wp-json\/wp\/v2\/product_tag?post=5369"}],"curies":[{"name":"wp","href":"https:\/\/api.w.org\/{rel}","templated":true}]}}