{"id":5374,"date":"2025-09-24T19:33:59","date_gmt":"2025-09-24T19:33:59","guid":{"rendered":"https:\/\/modest-napier.216-250-124-103.plesk.page\/index.php\/producto\/cap-reuma-king-c-30-la-flor-de-oro-de-la-salud\/"},"modified":"2025-09-24T20:46:32","modified_gmt":"2025-09-24T20:46:32","slug":"cap-reuma-king-c-30","status":"publish","type":"product","link":"https:\/\/modest-napier.216-250-124-103.plesk.page\/index.php\/producto\/cap-reuma-king-c-30\/","title":{"rendered":"Reuma King 30 c\u00e1psulas La flor de Oro de la Salud"},"content":{"rendered":"<p>Si el dolor artr\u00edtico, reumatoide o muscular te ha estado limitando,\u00a0<strong>Reuma King<\/strong> podr\u00eda ser tu soluci\u00f3n. Este suplemento contiene ingredientes poderosos conocidos por sus propiedades beneficiosas para la salud articular y muscular como la ortiga y la <a href=\"https:\/\/natuzem.com\/blogs\/salud-natural\/curcuma-dolor-articular\">c\u00farcuma<\/a>. Dile Adi\u00f3s al Dolor: <em>Reuma King no solo combate el dolor<\/em>, sino que tambi\u00e9n puede ayudar a reducir la inflamaci\u00f3n, mejorar la movilidad y aumentar la flexibilidad. Si buscas una forma natural y efectiva de aliviar el malestar relacionado con condiciones artr\u00edticas o reumatoides, Reuma King es tu aliado en el camino hacia una vida m\u00e1s c\u00f3moda y activa.<strong><\/strong><\/p>\n","protected":false},"excerpt":{"rendered":"<p>Si el dolor artr\u00edtico, reumatoide o muscular te ha estado limitando,\u00a0Reuma King podr\u00eda ser tu soluci\u00f3n. Este suplemento contiene ingredientes poderosos conocidos por sus propiedades beneficiosas para la salud articular [&hellip;]<\/p>\n","protected":false},"featured_media":1878,"comment_status":"open","ping_status":"closed","template":"","meta":[],"product_brand":[521],"product_cat":[297,337,318],"product_tag":[202,151,203,136,39,204,133,93],"class_list":{"0":"post-5374","1":"product","2":"type-product","3":"status-publish","4":"has-post-thumbnail","6":"product_brand-la-flor-de-oro-de-la-salud","7":"product_cat-dolor-en-articulaciones","8":"product_cat-productos","9":"product_cat-salud","10":"product_tag-calcio-de-coral","11":"product_tag-curcuma","12":"product_tag-grenetina","13":"product_tag-jengibre","14":"product_tag-magnesio","15":"product_tag-msm","16":"product_tag-omega-3-6-9","17":"product_tag-ortiga","19":"first","20":"instock","21":"shipping-taxable","22":"purchasable","23":"product-type-simple"},"_links":{"self":[{"href":"https:\/\/modest-napier.216-250-124-103.plesk.page\/index.php\/wp-json\/wp\/v2\/product\/5374","targetHints":{"allow":["GET"]}}],"collection":[{"href":"https:\/\/modest-napier.216-250-124-103.plesk.page\/index.php\/wp-json\/wp\/v2\/product"}],"about":[{"href":"https:\/\/modest-napier.216-250-124-103.plesk.page\/index.php\/wp-json\/wp\/v2\/types\/product"}],"replies":[{"embeddable":true,"href":"https:\/\/modest-napier.216-250-124-103.plesk.page\/index.php\/wp-json\/wp\/v2\/comments?post=5374"}],"wp:featuredmedia":[{"embeddable":true,"href":"https:\/\/modest-napier.216-250-124-103.plesk.page\/index.php\/wp-json\/wp\/v2\/media\/1878"}],"wp:attachment":[{"href":"https:\/\/modest-napier.216-250-124-103.plesk.page\/index.php\/wp-json\/wp\/v2\/media?parent=5374"}],"wp:term":[{"taxonomy":"product_brand","embeddable":true,"href":"https:\/\/modest-napier.216-250-124-103.plesk.page\/index.php\/wp-json\/wp\/v2\/product_brand?post=5374"},{"taxonomy":"product_cat","embeddable":true,"href":"https:\/\/modest-napier.216-250-124-103.plesk.page\/index.php\/wp-json\/wp\/v2\/product_cat?post=5374"},{"taxonomy":"product_tag","embeddable":true,"href":"https:\/\/modest-napier.216-250-124-103.plesk.page\/index.php\/wp-json\/wp\/v2\/product_tag?post=5374"}],"curies":[{"name":"wp","href":"https:\/\/api.w.org\/{rel}","templated":true}]}}