{"id":5376,"date":"2025-09-24T19:34:01","date_gmt":"2025-09-24T19:34:01","guid":{"rendered":"https:\/\/modest-napier.216-250-124-103.plesk.page\/index.php\/producto\/cap-rinon-vejiga-c-60-ajo-king\/"},"modified":"2025-09-24T20:43:54","modified_gmt":"2025-09-24T20:43:54","slug":"cap-rinon-vejiga-c-60-ajo-king","status":"publish","type":"product","link":"https:\/\/modest-napier.216-250-124-103.plesk.page\/index.php\/producto\/cap-rinon-vejiga-c-60-ajo-king\/","title":{"rendered":"Ri\u00f1\u00f3n y Vejiga 60 c\u00e1psulas Ajo King"},"content":{"rendered":"<p><strong>Descripci\u00f3n:\u00a0<\/strong><\/p>\n<p>El suplemento <strong>Ri\u00f1on-Vejiga de Ajo King<\/strong> ayuda a combatir infecciones urinarias, c\u00e1lculos biliares, retenci\u00f3n de l\u00edquidos y problemas de pr\u00f3stata.<\/p>\n<p><strong>Ingredientes:<\/strong><\/p>\n<p>Ajo, Cola de caballo, Pelos de elote, Uva Ursi, Hierba de sapo, Enebro.<\/p>\n<p><strong>Modo de uso:\u00a0<\/strong><\/p>\n<p>Tomar una c\u00e1psula de cada frasco por la ma\u00f1ana y por la tarde.<\/p>\n<p><strong> Contenido:\u00a0<\/strong><\/p>\n<p>60 c\u00e1psulas.<\/p>\n","protected":false},"excerpt":{"rendered":"<p>Descripci\u00f3n:\u00a0 El suplemento Ri\u00f1on-Vejiga de Ajo King ayuda a combatir infecciones urinarias, c\u00e1lculos biliares, retenci\u00f3n de l\u00edquidos y problemas de pr\u00f3stata. Ingredientes: Ajo, Cola de caballo, Pelos de elote, Uva [&hellip;]<\/p>\n","protected":false},"featured_media":1880,"comment_status":"open","ping_status":"closed","template":"","meta":[],"product_brand":[478],"product_cat":[337,318,321],"product_tag":[108,144,156,132],"class_list":{"0":"post-5376","1":"product","2":"type-product","3":"status-publish","4":"has-post-thumbnail","6":"product_brand-ajo-king","7":"product_cat-productos","8":"product_cat-salud","9":"product_cat-salud-de-los-rinones","10":"product_tag-ajo","11":"product_tag-cola-de-caballo","12":"product_tag-enebro","13":"product_tag-hierba-de-sapo","15":"first","16":"instock","17":"shipping-taxable","18":"purchasable","19":"product-type-simple"},"_links":{"self":[{"href":"https:\/\/modest-napier.216-250-124-103.plesk.page\/index.php\/wp-json\/wp\/v2\/product\/5376","targetHints":{"allow":["GET"]}}],"collection":[{"href":"https:\/\/modest-napier.216-250-124-103.plesk.page\/index.php\/wp-json\/wp\/v2\/product"}],"about":[{"href":"https:\/\/modest-napier.216-250-124-103.plesk.page\/index.php\/wp-json\/wp\/v2\/types\/product"}],"replies":[{"embeddable":true,"href":"https:\/\/modest-napier.216-250-124-103.plesk.page\/index.php\/wp-json\/wp\/v2\/comments?post=5376"}],"wp:featuredmedia":[{"embeddable":true,"href":"https:\/\/modest-napier.216-250-124-103.plesk.page\/index.php\/wp-json\/wp\/v2\/media\/1880"}],"wp:attachment":[{"href":"https:\/\/modest-napier.216-250-124-103.plesk.page\/index.php\/wp-json\/wp\/v2\/media?parent=5376"}],"wp:term":[{"taxonomy":"product_brand","embeddable":true,"href":"https:\/\/modest-napier.216-250-124-103.plesk.page\/index.php\/wp-json\/wp\/v2\/product_brand?post=5376"},{"taxonomy":"product_cat","embeddable":true,"href":"https:\/\/modest-napier.216-250-124-103.plesk.page\/index.php\/wp-json\/wp\/v2\/product_cat?post=5376"},{"taxonomy":"product_tag","embeddable":true,"href":"https:\/\/modest-napier.216-250-124-103.plesk.page\/index.php\/wp-json\/wp\/v2\/product_tag?post=5376"}],"curies":[{"name":"wp","href":"https:\/\/api.w.org\/{rel}","templated":true}]}}