{"id":5377,"date":"2025-09-24T19:34:05","date_gmt":"2025-09-24T19:34:05","guid":{"rendered":"https:\/\/modest-napier.216-250-124-103.plesk.page\/index.php\/producto\/cap-rmsol-gracian-c-30-don-jose-gracian\/"},"modified":"2025-09-24T20:44:20","modified_gmt":"2025-09-24T20:44:20","slug":"rmsol-gracian","status":"publish","type":"product","link":"https:\/\/modest-napier.216-250-124-103.plesk.page\/index.php\/producto\/rmsol-gracian\/","title":{"rendered":"RMSOL Graci\u00e1n en M\u00e9xico 30 c\u00e1psulas Don Jos\u00e9 Graci\u00e1n"},"content":{"rendered":"<p data-mce-fragment=\"1\">El suplemento <strong>RMSOL Graci\u00e1n<\/strong>, enriquecido con \u00e1cido hialur\u00f3nico,\u00a0ayuda a los s\u00edntomas de la artritis, elimina el dolor, desinflama y mejorar la movilidad del cuerpo<span data-mce-fragment=\"1\">. \u00a1Con\u00f3celo!<\/span><\/p>\n","protected":false},"excerpt":{"rendered":"<p>El suplemento RMSOL Graci\u00e1n, enriquecido con \u00e1cido hialur\u00f3nico,\u00a0ayuda a los s\u00edntomas de la artritis, elimina el dolor, desinflama y mejorar la movilidad del cuerpo. \u00a1Con\u00f3celo!<\/p>\n","protected":false},"featured_media":1882,"comment_status":"open","ping_status":"closed","template":"","meta":[],"product_brand":[509],"product_cat":[312,337,318],"product_tag":[105,125,194,205],"class_list":{"0":"post-5377","1":"product","2":"type-product","3":"status-publish","4":"has-post-thumbnail","6":"product_brand-don-jose-gracian","7":"product_cat-populares","8":"product_cat-productos","9":"product_cat-salud","10":"product_tag-acido-hialuronico","11":"product_tag-cancerina","12":"product_tag-cartilago-de-tiburon","13":"product_tag-encino-blanco","15":"first","16":"instock","17":"shipping-taxable","18":"purchasable","19":"product-type-simple"},"_links":{"self":[{"href":"https:\/\/modest-napier.216-250-124-103.plesk.page\/index.php\/wp-json\/wp\/v2\/product\/5377","targetHints":{"allow":["GET"]}}],"collection":[{"href":"https:\/\/modest-napier.216-250-124-103.plesk.page\/index.php\/wp-json\/wp\/v2\/product"}],"about":[{"href":"https:\/\/modest-napier.216-250-124-103.plesk.page\/index.php\/wp-json\/wp\/v2\/types\/product"}],"replies":[{"embeddable":true,"href":"https:\/\/modest-napier.216-250-124-103.plesk.page\/index.php\/wp-json\/wp\/v2\/comments?post=5377"}],"wp:featuredmedia":[{"embeddable":true,"href":"https:\/\/modest-napier.216-250-124-103.plesk.page\/index.php\/wp-json\/wp\/v2\/media\/1882"}],"wp:attachment":[{"href":"https:\/\/modest-napier.216-250-124-103.plesk.page\/index.php\/wp-json\/wp\/v2\/media?parent=5377"}],"wp:term":[{"taxonomy":"product_brand","embeddable":true,"href":"https:\/\/modest-napier.216-250-124-103.plesk.page\/index.php\/wp-json\/wp\/v2\/product_brand?post=5377"},{"taxonomy":"product_cat","embeddable":true,"href":"https:\/\/modest-napier.216-250-124-103.plesk.page\/index.php\/wp-json\/wp\/v2\/product_cat?post=5377"},{"taxonomy":"product_tag","embeddable":true,"href":"https:\/\/modest-napier.216-250-124-103.plesk.page\/index.php\/wp-json\/wp\/v2\/product_tag?post=5377"}],"curies":[{"name":"wp","href":"https:\/\/api.w.org\/{rel}","templated":true}]}}