{"id":5380,"date":"2025-09-24T19:34:08","date_gmt":"2025-09-24T19:34:08","guid":{"rendered":"https:\/\/modest-napier.216-250-124-103.plesk.page\/index.php\/producto\/cap-sabila-c-150-prosa\/"},"modified":"2025-09-24T20:43:53","modified_gmt":"2025-09-24T20:43:53","slug":"cap-sabila-c-150-prosa","status":"publish","type":"product","link":"https:\/\/modest-napier.216-250-124-103.plesk.page\/index.php\/producto\/cap-sabila-c-150-prosa\/","title":{"rendered":"S\u00e1bila 150 c\u00e1psulas Prosa"},"content":{"rendered":"<p><strong>Descripci\u00f3n:\u00a0<\/strong><\/p>\n<p>El suplemento de <strong>s\u00e1bila en c\u00e1psulas<\/strong> es buena fuente de fibra y minerales que ayudan a tener una buena digesti\u00f3n y disminuir los s\u00edntomas de la gastritis.<\/p>\n<p><strong>Modo de uso:\u00a0<\/strong><\/p>\n<p>Tomar 2 c\u00e1psulas tres veces al d\u00eda antes de los alimentos.<\/p>\n<p><strong>Contenido:\u00a0<\/strong><\/p>\n<p>150 c\u00e1psulas.<\/p>\n","protected":false},"excerpt":{"rendered":"<p>Descripci\u00f3n:\u00a0 El suplemento de s\u00e1bila en c\u00e1psulas es buena fuente de fibra y minerales que ayudan a tener una buena digesti\u00f3n y disminuir los s\u00edntomas de la gastritis. Modo de [&hellip;]<\/p>\n","protected":false},"featured_media":1886,"comment_status":"open","ping_status":"closed","template":"","meta":[],"product_brand":[475],"product_cat":[308,337,318],"product_tag":[60],"class_list":{"0":"post-5380","1":"product","2":"type-product","3":"status-publish","4":"has-post-thumbnail","6":"product_brand-prosa","7":"product_cat-nutricion","8":"product_cat-productos","9":"product_cat-salud","10":"product_tag-sabila","12":"first","13":"instock","14":"shipping-taxable","15":"purchasable","16":"product-type-simple"},"_links":{"self":[{"href":"https:\/\/modest-napier.216-250-124-103.plesk.page\/index.php\/wp-json\/wp\/v2\/product\/5380","targetHints":{"allow":["GET"]}}],"collection":[{"href":"https:\/\/modest-napier.216-250-124-103.plesk.page\/index.php\/wp-json\/wp\/v2\/product"}],"about":[{"href":"https:\/\/modest-napier.216-250-124-103.plesk.page\/index.php\/wp-json\/wp\/v2\/types\/product"}],"replies":[{"embeddable":true,"href":"https:\/\/modest-napier.216-250-124-103.plesk.page\/index.php\/wp-json\/wp\/v2\/comments?post=5380"}],"wp:featuredmedia":[{"embeddable":true,"href":"https:\/\/modest-napier.216-250-124-103.plesk.page\/index.php\/wp-json\/wp\/v2\/media\/1886"}],"wp:attachment":[{"href":"https:\/\/modest-napier.216-250-124-103.plesk.page\/index.php\/wp-json\/wp\/v2\/media?parent=5380"}],"wp:term":[{"taxonomy":"product_brand","embeddable":true,"href":"https:\/\/modest-napier.216-250-124-103.plesk.page\/index.php\/wp-json\/wp\/v2\/product_brand?post=5380"},{"taxonomy":"product_cat","embeddable":true,"href":"https:\/\/modest-napier.216-250-124-103.plesk.page\/index.php\/wp-json\/wp\/v2\/product_cat?post=5380"},{"taxonomy":"product_tag","embeddable":true,"href":"https:\/\/modest-napier.216-250-124-103.plesk.page\/index.php\/wp-json\/wp\/v2\/product_tag?post=5380"}],"curies":[{"name":"wp","href":"https:\/\/api.w.org\/{rel}","templated":true}]}}