{"id":5385,"date":"2025-09-24T19:34:15","date_gmt":"2025-09-24T19:34:15","guid":{"rendered":"https:\/\/modest-napier.216-250-124-103.plesk.page\/index.php\/producto\/cap-selenio-c-30-riket\/"},"modified":"2025-09-24T20:44:17","modified_gmt":"2025-09-24T20:44:17","slug":"cap-selenio-c-30-riket","status":"publish","type":"product","link":"https:\/\/modest-napier.216-250-124-103.plesk.page\/index.php\/producto\/cap-selenio-c-30-riket\/","title":{"rendered":"Selenio 30 c\u00e1psulas RikET"},"content":{"rendered":"<p data-mce-fragment=\"1\">El selenio es importante para la reproducci\u00f3n, la funci\u00f3n de la gl\u00e1ndula tiroidea, la producci\u00f3n de ADN y para proteger al cuerpo contra infecciones y el da\u00f1o causado por los radicales libres. <span data-mce-fragment=\"1\">Auxiliar para estimular y reforzar el sistema inmune.<\/span><\/p>\n","protected":false},"excerpt":{"rendered":"<p>El selenio es importante para la reproducci\u00f3n, la funci\u00f3n de la gl\u00e1ndula tiroidea, la producci\u00f3n de ADN y para proteger al cuerpo contra infecciones y el da\u00f1o causado por los [&hellip;]<\/p>\n","protected":false},"featured_media":1893,"comment_status":"open","ping_status":"closed","template":"","meta":[],"product_brand":[468],"product_cat":[308,337,318],"product_tag":[207],"class_list":{"0":"post-5385","1":"product","2":"type-product","3":"status-publish","4":"has-post-thumbnail","6":"product_brand-riket-natural","7":"product_cat-nutricion","8":"product_cat-productos","9":"product_cat-salud","10":"product_tag-selenio","12":"first","13":"instock","14":"shipping-taxable","15":"purchasable","16":"product-type-simple"},"_links":{"self":[{"href":"https:\/\/modest-napier.216-250-124-103.plesk.page\/index.php\/wp-json\/wp\/v2\/product\/5385","targetHints":{"allow":["GET"]}}],"collection":[{"href":"https:\/\/modest-napier.216-250-124-103.plesk.page\/index.php\/wp-json\/wp\/v2\/product"}],"about":[{"href":"https:\/\/modest-napier.216-250-124-103.plesk.page\/index.php\/wp-json\/wp\/v2\/types\/product"}],"replies":[{"embeddable":true,"href":"https:\/\/modest-napier.216-250-124-103.plesk.page\/index.php\/wp-json\/wp\/v2\/comments?post=5385"}],"wp:featuredmedia":[{"embeddable":true,"href":"https:\/\/modest-napier.216-250-124-103.plesk.page\/index.php\/wp-json\/wp\/v2\/media\/1893"}],"wp:attachment":[{"href":"https:\/\/modest-napier.216-250-124-103.plesk.page\/index.php\/wp-json\/wp\/v2\/media?parent=5385"}],"wp:term":[{"taxonomy":"product_brand","embeddable":true,"href":"https:\/\/modest-napier.216-250-124-103.plesk.page\/index.php\/wp-json\/wp\/v2\/product_brand?post=5385"},{"taxonomy":"product_cat","embeddable":true,"href":"https:\/\/modest-napier.216-250-124-103.plesk.page\/index.php\/wp-json\/wp\/v2\/product_cat?post=5385"},{"taxonomy":"product_tag","embeddable":true,"href":"https:\/\/modest-napier.216-250-124-103.plesk.page\/index.php\/wp-json\/wp\/v2\/product_tag?post=5385"}],"curies":[{"name":"wp","href":"https:\/\/api.w.org\/{rel}","templated":true}]}}