{"id":5391,"date":"2025-09-24T19:34:22","date_gmt":"2025-09-24T19:34:22","guid":{"rendered":"https:\/\/modest-napier.216-250-124-103.plesk.page\/index.php\/producto\/cap-sharky-cartilago-de-tiburon-c-60-salud-natural\/"},"modified":"2025-09-24T20:47:48","modified_gmt":"2025-09-24T20:47:48","slug":"cap-sharky-cartilago-de-tiburon-c-60-salud-natural","status":"publish","type":"product","link":"https:\/\/modest-napier.216-250-124-103.plesk.page\/index.php\/producto\/cap-sharky-cartilago-de-tiburon-c-60-salud-natural\/","title":{"rendered":"Sharky Caps Cart\u00edlago de Tibur\u00f3n 60 c\u00e1psulas"},"content":{"rendered":"<p data-mce-fragment=\"1\"><strong data-mce-fragment=\"1\">Descripci\u00f3n:<\/strong><\/p>\n<p>El <strong>cart\u00edlago de tibur\u00f3n<\/strong> es principalmente utilizado para tratar el c\u00e1ncer. El cart\u00edlago de tibur\u00f3n se utiliza tambi\u00e9n para tratar la artritis, la psoriasis, la cicatrizaci\u00f3n de las heridas, los da\u00f1os en la retina del ojo debido a la diabetes y para la inflamaci\u00f3n del intestino (enteritis).<\/p>\n<p data-mce-fragment=\"1\"><strong data-mce-fragment=\"1\">Modo de uso:<\/strong><\/p>\n<p>Tomar 2 c\u00e1psulas 3 veces al d\u00eda.<\/p>\n<p data-mce-fragment=\"1\"><strong data-mce-fragment=\"1\">Contenido:<\/strong><\/p>\n<p data-mce-fragment=\"1\">60 c\u00e1psulas.<\/p>\n","protected":false},"excerpt":{"rendered":"<p>Descripci\u00f3n: El cart\u00edlago de tibur\u00f3n es principalmente utilizado para tratar el c\u00e1ncer. El cart\u00edlago de tibur\u00f3n se utiliza tambi\u00e9n para tratar la artritis, la psoriasis, la cicatrizaci\u00f3n de las heridas, [&hellip;]<\/p>\n","protected":false},"featured_media":1899,"comment_status":"open","ping_status":"closed","template":"","meta":[],"product_brand":[579],"product_cat":[310,337,318],"product_tag":[194],"class_list":{"0":"post-5391","1":"product","2":"type-product","3":"status-publish","4":"has-post-thumbnail","6":"product_brand-salud-natural","7":"product_cat-padecimientos-cronicos","8":"product_cat-productos","9":"product_cat-salud","10":"product_tag-cartilago-de-tiburon","12":"first","13":"instock","14":"shipping-taxable","15":"purchasable","16":"product-type-simple"},"_links":{"self":[{"href":"https:\/\/modest-napier.216-250-124-103.plesk.page\/index.php\/wp-json\/wp\/v2\/product\/5391","targetHints":{"allow":["GET"]}}],"collection":[{"href":"https:\/\/modest-napier.216-250-124-103.plesk.page\/index.php\/wp-json\/wp\/v2\/product"}],"about":[{"href":"https:\/\/modest-napier.216-250-124-103.plesk.page\/index.php\/wp-json\/wp\/v2\/types\/product"}],"replies":[{"embeddable":true,"href":"https:\/\/modest-napier.216-250-124-103.plesk.page\/index.php\/wp-json\/wp\/v2\/comments?post=5391"}],"wp:featuredmedia":[{"embeddable":true,"href":"https:\/\/modest-napier.216-250-124-103.plesk.page\/index.php\/wp-json\/wp\/v2\/media\/1899"}],"wp:attachment":[{"href":"https:\/\/modest-napier.216-250-124-103.plesk.page\/index.php\/wp-json\/wp\/v2\/media?parent=5391"}],"wp:term":[{"taxonomy":"product_brand","embeddable":true,"href":"https:\/\/modest-napier.216-250-124-103.plesk.page\/index.php\/wp-json\/wp\/v2\/product_brand?post=5391"},{"taxonomy":"product_cat","embeddable":true,"href":"https:\/\/modest-napier.216-250-124-103.plesk.page\/index.php\/wp-json\/wp\/v2\/product_cat?post=5391"},{"taxonomy":"product_tag","embeddable":true,"href":"https:\/\/modest-napier.216-250-124-103.plesk.page\/index.php\/wp-json\/wp\/v2\/product_tag?post=5391"}],"curies":[{"name":"wp","href":"https:\/\/api.w.org\/{rel}","templated":true}]}}