{"id":5394,"date":"2025-09-24T19:34:26","date_gmt":"2025-09-24T19:34:26","guid":{"rendered":"https:\/\/modest-napier.216-250-124-103.plesk.page\/index.php\/producto\/cap-silicio-organico-c-30-riket-natural\/"},"modified":"2025-09-24T20:44:17","modified_gmt":"2025-09-24T20:44:17","slug":"cap-silicio-organico-c-30-riket-natural","status":"publish","type":"product","link":"https:\/\/modest-napier.216-250-124-103.plesk.page\/index.php\/producto\/cap-silicio-organico-c-30-riket-natural\/","title":{"rendered":"Silicio Org\u00e1nico 30 c\u00e1psulas RikET Natural"},"content":{"rendered":"<p data-mce-fragment=\"1\"><span>El suplemento de\u00a0<strong>silicio org\u00e1nico<\/strong> favorece los procesos que generan la producci\u00f3n de col\u00e1geno y elastina, aportando a los tejidos consistencia y elasticidad evitando la flacidez. Fortalece las defensas del sistema inmune.<\/span><strong data-mce-fragment=\"1\"><\/strong><\/p>\n<p data-mce-fragment=\"1\"><\/p>\n","protected":false},"excerpt":{"rendered":"<p>El suplemento de\u00a0silicio org\u00e1nico favorece los procesos que generan la producci\u00f3n de col\u00e1geno y elastina, aportando a los tejidos consistencia y elasticidad evitando la flacidez. Fortalece las defensas del sistema [&hellip;]<\/p>\n","protected":false},"featured_media":1902,"comment_status":"open","ping_status":"closed","template":"","meta":[],"product_brand":[468],"product_cat":[289,299,308,337,318],"product_tag":[211],"class_list":{"0":"post-5394","1":"product","2":"type-product","3":"status-publish","4":"has-post-thumbnail","6":"product_brand-riket-natural","7":"product_cat-belleza","8":"product_cat-fortalecimiento-de-los-huesos","9":"product_cat-nutricion","10":"product_cat-productos","11":"product_cat-salud","12":"product_tag-silicio","14":"first","15":"instock","16":"shipping-taxable","17":"purchasable","18":"product-type-simple"},"_links":{"self":[{"href":"https:\/\/modest-napier.216-250-124-103.plesk.page\/index.php\/wp-json\/wp\/v2\/product\/5394","targetHints":{"allow":["GET"]}}],"collection":[{"href":"https:\/\/modest-napier.216-250-124-103.plesk.page\/index.php\/wp-json\/wp\/v2\/product"}],"about":[{"href":"https:\/\/modest-napier.216-250-124-103.plesk.page\/index.php\/wp-json\/wp\/v2\/types\/product"}],"replies":[{"embeddable":true,"href":"https:\/\/modest-napier.216-250-124-103.plesk.page\/index.php\/wp-json\/wp\/v2\/comments?post=5394"}],"wp:featuredmedia":[{"embeddable":true,"href":"https:\/\/modest-napier.216-250-124-103.plesk.page\/index.php\/wp-json\/wp\/v2\/media\/1902"}],"wp:attachment":[{"href":"https:\/\/modest-napier.216-250-124-103.plesk.page\/index.php\/wp-json\/wp\/v2\/media?parent=5394"}],"wp:term":[{"taxonomy":"product_brand","embeddable":true,"href":"https:\/\/modest-napier.216-250-124-103.plesk.page\/index.php\/wp-json\/wp\/v2\/product_brand?post=5394"},{"taxonomy":"product_cat","embeddable":true,"href":"https:\/\/modest-napier.216-250-124-103.plesk.page\/index.php\/wp-json\/wp\/v2\/product_cat?post=5394"},{"taxonomy":"product_tag","embeddable":true,"href":"https:\/\/modest-napier.216-250-124-103.plesk.page\/index.php\/wp-json\/wp\/v2\/product_tag?post=5394"}],"curies":[{"name":"wp","href":"https:\/\/api.w.org\/{rel}","templated":true}]}}