{"id":5402,"date":"2025-09-24T19:34:38","date_gmt":"2025-09-24T19:34:38","guid":{"rendered":"https:\/\/modest-napier.216-250-124-103.plesk.page\/index.php\/producto\/cap-te-verde-c-60-nutri-life\/"},"modified":"2025-09-24T20:45:14","modified_gmt":"2025-09-24T20:45:14","slug":"cap-te-verde-c-60-nutri-life","status":"publish","type":"product","link":"https:\/\/modest-napier.216-250-124-103.plesk.page\/index.php\/producto\/cap-te-verde-c-60-nutri-life\/","title":{"rendered":"T\u00e9 Verde 60 c\u00e1psulas Nutri Life"},"content":{"rendered":"<p data-mce-fragment=\"1\"><strong data-mce-fragment=\"1\">Descripci\u00f3n:<\/strong><\/p>\n<p><span>El suplemento de T\u00e9 Verde Green Tea en c\u00e1psulas es r<\/span>ico en antioxidante. Estimula el metabolismo y ayuda a bajar de peso. Ayuda prevenir el c\u00e1ncer de colon, est\u00f3mago y p\u00e1ncreas. Previene y evita el estre\u00f1imiento y reduce los gases. Quemador de grasa saturada. Contribuye a prevenir enfermedades cardiovasculares. Fortalece los huesos y ayuda a prevenir la osteoporosis. Puede destruir bacterias y virus a la garganta. Brinda un efecto relajante y tranquilizante. Ayuda a evitar la obesidad. Disminuye deterioro por el alzehimer y el parkinson. Ayuda a evitar arrugas y se\u00f1ales de envejecimiento.<\/p>\n<p data-mce-fragment=\"1\"><strong data-mce-fragment=\"1\">Modo de uso:<\/strong><\/p>\n<p data-mce-fragment=\"1\"><span>Tomar 2 c\u00e1psulas al d\u00eda.<\/span><\/p>\n<p data-mce-fragment=\"1\"><strong data-mce-fragment=\"1\">Contenido:<\/strong><\/p>\n<p data-mce-fragment=\"1\">60 c\u00e1psulas.<\/p>\n","protected":false},"excerpt":{"rendered":"<p>Descripci\u00f3n: El suplemento de T\u00e9 Verde Green Tea en c\u00e1psulas es rico en antioxidante. Estimula el metabolismo y ayuda a bajar de peso. Ayuda prevenir el c\u00e1ncer de colon, est\u00f3mago [&hellip;]<\/p>\n","protected":false},"featured_media":1910,"comment_status":"open","ping_status":"closed","template":"","meta":[],"product_brand":[401],"product_cat":[287,313,337,318,331],"product_tag":[138],"class_list":{"0":"post-5402","1":"product","2":"type-product","3":"status-publish","4":"has-post-thumbnail","6":"product_brand-nutri-life","7":"product_cat-baja-de-peso","8":"product_cat-preparate-para-el-verano-","9":"product_cat-productos","10":"product_cat-salud","11":"product_cat-suplementos-bajar-de-peso","12":"product_tag-te-verde","14":"first","15":"outofstock","16":"shipping-taxable","17":"purchasable","18":"product-type-simple"},"_links":{"self":[{"href":"https:\/\/modest-napier.216-250-124-103.plesk.page\/index.php\/wp-json\/wp\/v2\/product\/5402","targetHints":{"allow":["GET"]}}],"collection":[{"href":"https:\/\/modest-napier.216-250-124-103.plesk.page\/index.php\/wp-json\/wp\/v2\/product"}],"about":[{"href":"https:\/\/modest-napier.216-250-124-103.plesk.page\/index.php\/wp-json\/wp\/v2\/types\/product"}],"replies":[{"embeddable":true,"href":"https:\/\/modest-napier.216-250-124-103.plesk.page\/index.php\/wp-json\/wp\/v2\/comments?post=5402"}],"wp:featuredmedia":[{"embeddable":true,"href":"https:\/\/modest-napier.216-250-124-103.plesk.page\/index.php\/wp-json\/wp\/v2\/media\/1910"}],"wp:attachment":[{"href":"https:\/\/modest-napier.216-250-124-103.plesk.page\/index.php\/wp-json\/wp\/v2\/media?parent=5402"}],"wp:term":[{"taxonomy":"product_brand","embeddable":true,"href":"https:\/\/modest-napier.216-250-124-103.plesk.page\/index.php\/wp-json\/wp\/v2\/product_brand?post=5402"},{"taxonomy":"product_cat","embeddable":true,"href":"https:\/\/modest-napier.216-250-124-103.plesk.page\/index.php\/wp-json\/wp\/v2\/product_cat?post=5402"},{"taxonomy":"product_tag","embeddable":true,"href":"https:\/\/modest-napier.216-250-124-103.plesk.page\/index.php\/wp-json\/wp\/v2\/product_tag?post=5402"}],"curies":[{"name":"wp","href":"https:\/\/api.w.org\/{rel}","templated":true}]}}