{"id":5403,"date":"2025-09-24T19:34:39","date_gmt":"2025-09-24T19:34:39","guid":{"rendered":"https:\/\/modest-napier.216-250-124-103.plesk.page\/index.php\/producto\/cap-tila-valeriana-y-pasiflora-c-150-yazmin\/"},"modified":"2025-09-24T20:46:31","modified_gmt":"2025-09-24T20:46:31","slug":"cap-tila-valeriana-y-pasiflora-c-150-yazmin","status":"publish","type":"product","link":"https:\/\/modest-napier.216-250-124-103.plesk.page\/index.php\/producto\/cap-tila-valeriana-y-pasiflora-c-150-yazmin\/","title":{"rendered":"Tila, Valeriana y Pasiflora 150 c\u00e1psulas Yazmin"},"content":{"rendered":"<p data-mce-fragment=\"1\"><strong data-mce-fragment=\"1\">Descripci\u00f3n:<\/strong><\/p>\n<p>El suplemento de <strong>Tila, Valeriana y Pasiflora en c\u00e1psulas<\/strong> tiene los siguientes beneficios:<\/p>\n<ul>\n<li>Ayuda con la<span>\u00a0<\/span><strong>ansiedad<\/strong>, los<span>\u00a0<\/span><strong>nervios<\/strong>, el<span>\u00a0<\/span><strong>estr\u00e9s<\/strong>\n<\/li>\n<li>Ayuda conciliar el<span>\u00a0<\/span><strong>sue\u00f1o<\/strong>\n<\/li>\n<li>Promueve un estado de<span>\u00a0<\/span><strong>relajaci\u00f3n<\/strong><span>\u00a0<\/span>de manera natural<\/li>\n<li>Auxiliar en disminuir los<span>\u00a0<\/span><strong>dolores<\/strong><span>\u00a0<\/span>de<span>\u00a0<\/span><strong>cabeza<\/strong>\n<\/li>\n<li>Ayuda a combatir el<span>\u00a0<\/span><strong>insomnio<\/strong><span>\u00a0<\/span>de manera natural<\/li>\n<li><strong>No genera dependencia<\/strong><\/li>\n<\/ul>\n<p data-mce-fragment=\"1\"><strong data-mce-fragment=\"1\">Modo de uso:<\/strong><\/p>\n<p data-mce-fragment=\"1\">Tomar 2 c\u00e1psulas 3 veces al d\u00eda con los alimentos. No exceda la porci\u00f3n recomendada.<\/p>\n<p data-mce-fragment=\"1\"><strong data-mce-fragment=\"1\">Contenido:<\/strong><\/p>\n<p data-mce-fragment=\"1\">150 c\u00e1psulas.<\/p>\n","protected":false},"excerpt":{"rendered":"<p>Descripci\u00f3n: El suplemento de Tila, Valeriana y Pasiflora en c\u00e1psulas tiene los siguientes beneficios: Ayuda con la\u00a0ansiedad, los\u00a0nervios, el\u00a0estr\u00e9s Ayuda conciliar el\u00a0sue\u00f1o Promueve un estado de\u00a0relajaci\u00f3n\u00a0de manera natural Auxiliar en [&hellip;]<\/p>\n","protected":false},"featured_media":1911,"comment_status":"open","ping_status":"closed","template":"","meta":[],"product_brand":[408],"product_cat":[303,337,318],"product_tag":[78,172,79],"class_list":{"0":"post-5403","1":"product","2":"type-product","3":"status-publish","4":"has-post-thumbnail","6":"product_brand-yazmin","7":"product_cat-insomnio-y-ansiedad","8":"product_cat-productos","9":"product_cat-salud","10":"product_tag-pasiflora","11":"product_tag-tila","12":"product_tag-valeriana","14":"first","15":"outofstock","16":"shipping-taxable","17":"purchasable","18":"product-type-simple"},"_links":{"self":[{"href":"https:\/\/modest-napier.216-250-124-103.plesk.page\/index.php\/wp-json\/wp\/v2\/product\/5403","targetHints":{"allow":["GET"]}}],"collection":[{"href":"https:\/\/modest-napier.216-250-124-103.plesk.page\/index.php\/wp-json\/wp\/v2\/product"}],"about":[{"href":"https:\/\/modest-napier.216-250-124-103.plesk.page\/index.php\/wp-json\/wp\/v2\/types\/product"}],"replies":[{"embeddable":true,"href":"https:\/\/modest-napier.216-250-124-103.plesk.page\/index.php\/wp-json\/wp\/v2\/comments?post=5403"}],"wp:featuredmedia":[{"embeddable":true,"href":"https:\/\/modest-napier.216-250-124-103.plesk.page\/index.php\/wp-json\/wp\/v2\/media\/1911"}],"wp:attachment":[{"href":"https:\/\/modest-napier.216-250-124-103.plesk.page\/index.php\/wp-json\/wp\/v2\/media?parent=5403"}],"wp:term":[{"taxonomy":"product_brand","embeddable":true,"href":"https:\/\/modest-napier.216-250-124-103.plesk.page\/index.php\/wp-json\/wp\/v2\/product_brand?post=5403"},{"taxonomy":"product_cat","embeddable":true,"href":"https:\/\/modest-napier.216-250-124-103.plesk.page\/index.php\/wp-json\/wp\/v2\/product_cat?post=5403"},{"taxonomy":"product_tag","embeddable":true,"href":"https:\/\/modest-napier.216-250-124-103.plesk.page\/index.php\/wp-json\/wp\/v2\/product_tag?post=5403"}],"curies":[{"name":"wp","href":"https:\/\/api.w.org\/{rel}","templated":true}]}}