{"id":5406,"date":"2025-09-24T19:34:42","date_gmt":"2025-09-24T19:34:42","guid":{"rendered":"https:\/\/modest-napier.216-250-124-103.plesk.page\/index.php\/producto\/cap-tongkat-ali-2001-c-60-amz-nutrition\/"},"modified":"2025-09-24T20:43:33","modified_gmt":"2025-09-24T20:43:33","slug":"tongkat-ali","status":"publish","type":"product","link":"https:\/\/modest-napier.216-250-124-103.plesk.page\/index.php\/producto\/tongkat-ali\/","title":{"rendered":"Tongkat Ali 200:1 60 c\u00e1psulas AMZ Nutrition"},"content":{"rendered":"<p><strong>Descripci\u00f3n:<\/strong><br data-mce-fragment=\"1\">El suplemento de <strong>Tongkat Ali 200:1 con arginina<\/strong> ayuda a mejorar los niveles de testosterona en los hombres para as\u00ed producir un incremento en el deseo sexual y la excitaci\u00f3n. Act\u00faa como un potenciador de la libido y combate los trastornos sexuales como la disfuncion er\u00e9ctil. Al incrementar los niveles de testosterona, tambi\u00e9n se puede notar un cambio en la composici\u00f3n corporal, ya que esto promueve la recuperaci\u00f3n de masa muscular.<\/p>\n<p><strong>Modo de uso:<\/strong><br data-mce-fragment=\"1\">Tomar dos c\u00e1psulas al d\u00eda.<\/p>\n<p><strong>Contenido:<\/strong><br data-mce-fragment=\"1\">60 c\u00e1psulas.<\/p>\n","protected":false},"excerpt":{"rendered":"<p>Descripci\u00f3n:El suplemento de Tongkat Ali 200:1 con arginina ayuda a mejorar los niveles de testosterona en los hombres para as\u00ed producir un incremento en el deseo sexual y la excitaci\u00f3n. [&hellip;]<\/p>\n","protected":false},"featured_media":1914,"comment_status":"open","ping_status":"closed","template":"","meta":[],"product_brand":[453],"product_cat":[337,318,324],"product_tag":[182,214],"class_list":{"0":"post-5406","1":"product","2":"type-product","3":"status-publish","4":"has-post-thumbnail","6":"product_brand-amz-nutrition","7":"product_cat-productos","8":"product_cat-salud","9":"product_cat-sexualidad","10":"product_tag-l-arginina","11":"product_tag-tongkat-ali","13":"first","14":"instock","15":"shipping-taxable","16":"purchasable","17":"product-type-simple"},"_links":{"self":[{"href":"https:\/\/modest-napier.216-250-124-103.plesk.page\/index.php\/wp-json\/wp\/v2\/product\/5406","targetHints":{"allow":["GET"]}}],"collection":[{"href":"https:\/\/modest-napier.216-250-124-103.plesk.page\/index.php\/wp-json\/wp\/v2\/product"}],"about":[{"href":"https:\/\/modest-napier.216-250-124-103.plesk.page\/index.php\/wp-json\/wp\/v2\/types\/product"}],"replies":[{"embeddable":true,"href":"https:\/\/modest-napier.216-250-124-103.plesk.page\/index.php\/wp-json\/wp\/v2\/comments?post=5406"}],"wp:featuredmedia":[{"embeddable":true,"href":"https:\/\/modest-napier.216-250-124-103.plesk.page\/index.php\/wp-json\/wp\/v2\/media\/1914"}],"wp:attachment":[{"href":"https:\/\/modest-napier.216-250-124-103.plesk.page\/index.php\/wp-json\/wp\/v2\/media?parent=5406"}],"wp:term":[{"taxonomy":"product_brand","embeddable":true,"href":"https:\/\/modest-napier.216-250-124-103.plesk.page\/index.php\/wp-json\/wp\/v2\/product_brand?post=5406"},{"taxonomy":"product_cat","embeddable":true,"href":"https:\/\/modest-napier.216-250-124-103.plesk.page\/index.php\/wp-json\/wp\/v2\/product_cat?post=5406"},{"taxonomy":"product_tag","embeddable":true,"href":"https:\/\/modest-napier.216-250-124-103.plesk.page\/index.php\/wp-json\/wp\/v2\/product_tag?post=5406"}],"curies":[{"name":"wp","href":"https:\/\/api.w.org\/{rel}","templated":true}]}}