{"id":5409,"date":"2025-09-24T19:34:46","date_gmt":"2025-09-24T19:34:46","guid":{"rendered":"https:\/\/modest-napier.216-250-124-103.plesk.page\/index.php\/producto\/cap-ultra-advanc3-gold-c-30-union-noche\/"},"modified":"2025-09-24T20:43:58","modified_gmt":"2025-09-24T20:43:58","slug":"cap-ultra-advanc3-gold-c-30-union-noche","status":"publish","type":"product","link":"https:\/\/modest-napier.216-250-124-103.plesk.page\/index.php\/producto\/cap-ultra-advanc3-gold-c-30-union-noche\/","title":{"rendered":"Ultra Advanc3 Gold 30 c\u00e1psulas Uni\u00f3n Noche"},"content":{"rendered":"<p><strong>Descripci\u00f3n:<\/strong><\/p>\n<p>Auxiliar en tratamiento artritis, desgaste en las articulaciones, dolores musculares,\u00a0 promueve la regeneraci\u00f3n de c\u00e9lulas nuevas, ayuda en el dolor de huesos, musculares, articulaciones , calambres .\u00a0<\/p>\n<p><strong>Modo de uso:<\/strong><\/p>\n<p>Tomar una capsula por la noche con suficiente agua.<\/p>\n<p><strong>Contenido<\/strong>:<\/p>\n<p>30 capsulas.<\/p>\n","protected":false},"excerpt":{"rendered":"<p>Descripci\u00f3n: Auxiliar en tratamiento artritis, desgaste en las articulaciones, dolores musculares,\u00a0 promueve la regeneraci\u00f3n de c\u00e9lulas nuevas, ayuda en el dolor de huesos, musculares, articulaciones , calambres .\u00a0 Modo de [&hellip;]<\/p>\n","protected":false},"featured_media":1917,"comment_status":"open","ping_status":"closed","template":"","meta":[],"product_brand":[372],"product_cat":[297,337,318],"product_tag":[],"class_list":{"0":"post-5409","1":"product","2":"type-product","3":"status-publish","4":"has-post-thumbnail","6":"product_brand-union-noche-buena","7":"product_cat-dolor-en-articulaciones","8":"product_cat-productos","9":"product_cat-salud","11":"first","12":"instock","13":"shipping-taxable","14":"purchasable","15":"product-type-simple"},"_links":{"self":[{"href":"https:\/\/modest-napier.216-250-124-103.plesk.page\/index.php\/wp-json\/wp\/v2\/product\/5409","targetHints":{"allow":["GET"]}}],"collection":[{"href":"https:\/\/modest-napier.216-250-124-103.plesk.page\/index.php\/wp-json\/wp\/v2\/product"}],"about":[{"href":"https:\/\/modest-napier.216-250-124-103.plesk.page\/index.php\/wp-json\/wp\/v2\/types\/product"}],"replies":[{"embeddable":true,"href":"https:\/\/modest-napier.216-250-124-103.plesk.page\/index.php\/wp-json\/wp\/v2\/comments?post=5409"}],"wp:featuredmedia":[{"embeddable":true,"href":"https:\/\/modest-napier.216-250-124-103.plesk.page\/index.php\/wp-json\/wp\/v2\/media\/1917"}],"wp:attachment":[{"href":"https:\/\/modest-napier.216-250-124-103.plesk.page\/index.php\/wp-json\/wp\/v2\/media?parent=5409"}],"wp:term":[{"taxonomy":"product_brand","embeddable":true,"href":"https:\/\/modest-napier.216-250-124-103.plesk.page\/index.php\/wp-json\/wp\/v2\/product_brand?post=5409"},{"taxonomy":"product_cat","embeddable":true,"href":"https:\/\/modest-napier.216-250-124-103.plesk.page\/index.php\/wp-json\/wp\/v2\/product_cat?post=5409"},{"taxonomy":"product_tag","embeddable":true,"href":"https:\/\/modest-napier.216-250-124-103.plesk.page\/index.php\/wp-json\/wp\/v2\/product_tag?post=5409"}],"curies":[{"name":"wp","href":"https:\/\/api.w.org\/{rel}","templated":true}]}}