{"id":5410,"date":"2025-09-24T19:34:47","date_gmt":"2025-09-24T19:34:47","guid":{"rendered":"https:\/\/modest-napier.216-250-124-103.plesk.page\/index.php\/producto\/cap-ultra-advanced-advanc3-c-30-union-noche-buena\/"},"modified":"2025-09-24T20:46:58","modified_gmt":"2025-09-24T20:46:58","slug":"cap-ultra-advanced-c-30","status":"publish","type":"product","link":"https:\/\/modest-napier.216-250-124-103.plesk.page\/index.php\/producto\/cap-ultra-advanced-c-30\/","title":{"rendered":"Ultra Advanced (Advanc3) 30 c\u00e1psulas"},"content":{"rendered":"<div data-mce-fragment=\"1\">\n<p data-mce-fragment=\"1\"><strong data-mce-fragment=\"1\">Descripci\u00f3n<\/strong><\/p>\n<p data-mce-fragment=\"1\"><strong>Ultra Advanc3<\/strong> es un sumplemento de f\u00f3rmula avanzada de hierbas de USO tradicional para el Dolor. Auxiliar en artritis. Alivia el dolor de ci\u00e1tica. Reduce el dolor y ardor en gota. Ayuda a reducir el dolor en huesos, dolor muscular y dolor articular. Evita calambres.<\/p>\n<p data-mce-fragment=\"1\"><strong>Ingredientes:<\/strong><\/p>\n<p data-mce-fragment=\"1\">Cart\u00edlago de tibur\u00f3n, Col\u00e1geno, Glucosamina, C\u00farcuma, Moringa, Ajo, Neem, Magnesio, Jengibre, Calcio de coral, Omega 3, Ortiga, Cancerina.<\/p>\n<p data-mce-fragment=\"1\"><strong data-mce-fragment=\"1\">Modo de uso:<\/strong><\/p>\n<p data-mce-fragment=\"1\">1 c\u00e1psula diaria.<\/p>\n<p data-mce-fragment=\"1\"><strong data-mce-fragment=\"1\">Contenido:<\/strong><\/p>\n<p data-mce-fragment=\"1\">30 c\u00e1psulas.<\/p>\n<\/div>\n","protected":false},"excerpt":{"rendered":"<p>Descripci\u00f3n Ultra Advanc3 es un sumplemento de f\u00f3rmula avanzada de hierbas de USO tradicional para el Dolor. Auxiliar en artritis. Alivia el dolor de ci\u00e1tica. Reduce el dolor y ardor [&hellip;]<\/p>\n","protected":false},"featured_media":1918,"comment_status":"open","ping_status":"closed","template":"","meta":[],"product_brand":[372],"product_cat":[297,337,318],"product_tag":[108,202,125,194,77,151,92,136,39,49,50,133,93],"class_list":{"0":"post-5410","1":"product","2":"type-product","3":"status-publish","4":"has-post-thumbnail","6":"product_brand-union-noche-buena","7":"product_cat-dolor-en-articulaciones","8":"product_cat-productos","9":"product_cat-salud","10":"product_tag-ajo","11":"product_tag-calcio-de-coral","12":"product_tag-cancerina","13":"product_tag-cartilago-de-tiburon","14":"product_tag-colageno","15":"product_tag-curcuma","16":"product_tag-glucosamina","17":"product_tag-jengibre","18":"product_tag-magnesio","19":"product_tag-moringa","20":"product_tag-neem","21":"product_tag-omega-3-6-9","22":"product_tag-ortiga","24":"first","25":"instock","26":"shipping-taxable","27":"purchasable","28":"product-type-simple"},"_links":{"self":[{"href":"https:\/\/modest-napier.216-250-124-103.plesk.page\/index.php\/wp-json\/wp\/v2\/product\/5410","targetHints":{"allow":["GET"]}}],"collection":[{"href":"https:\/\/modest-napier.216-250-124-103.plesk.page\/index.php\/wp-json\/wp\/v2\/product"}],"about":[{"href":"https:\/\/modest-napier.216-250-124-103.plesk.page\/index.php\/wp-json\/wp\/v2\/types\/product"}],"replies":[{"embeddable":true,"href":"https:\/\/modest-napier.216-250-124-103.plesk.page\/index.php\/wp-json\/wp\/v2\/comments?post=5410"}],"wp:featuredmedia":[{"embeddable":true,"href":"https:\/\/modest-napier.216-250-124-103.plesk.page\/index.php\/wp-json\/wp\/v2\/media\/1918"}],"wp:attachment":[{"href":"https:\/\/modest-napier.216-250-124-103.plesk.page\/index.php\/wp-json\/wp\/v2\/media?parent=5410"}],"wp:term":[{"taxonomy":"product_brand","embeddable":true,"href":"https:\/\/modest-napier.216-250-124-103.plesk.page\/index.php\/wp-json\/wp\/v2\/product_brand?post=5410"},{"taxonomy":"product_cat","embeddable":true,"href":"https:\/\/modest-napier.216-250-124-103.plesk.page\/index.php\/wp-json\/wp\/v2\/product_cat?post=5410"},{"taxonomy":"product_tag","embeddable":true,"href":"https:\/\/modest-napier.216-250-124-103.plesk.page\/index.php\/wp-json\/wp\/v2\/product_tag?post=5410"}],"curies":[{"name":"wp","href":"https:\/\/api.w.org\/{rel}","templated":true}]}}