{"id":5411,"date":"2025-09-24T19:34:49","date_gmt":"2025-09-24T19:34:49","guid":{"rendered":"https:\/\/modest-napier.216-250-124-103.plesk.page\/index.php\/producto\/cap-umary-original-unavy-nueva-presentacion-acido-hialuronico-c-30\/"},"modified":"2025-09-24T20:44:25","modified_gmt":"2025-09-24T20:44:25","slug":"cap-umary-acido-hialuronico-c-30","status":"publish","type":"product","link":"https:\/\/modest-napier.216-250-124-103.plesk.page\/index.php\/producto\/cap-umary-acido-hialuronico-c-30\/","title":{"rendered":"Umary \u00c1cido Hialur\u00f3nico 30 c\u00e1psulas"},"content":{"rendered":"<p data-mce-fragment=\"1\"><span>\u00bfDolor en las articulaciones?\u00a0<strong>Umary<\/strong>\u00a0tiene la respuesta.\u00a0Las <em>c\u00e1psulas de \u00e1cido hialur\u00f3nico Umary<\/em> son un impulso de salud para tus articulaciones, aliviando el dolor en rodillas, espalda, cuello, cadera, columna vertebral y m\u00e1s. Con ingredientes naturales que combaten la inflamaci\u00f3n y mejoran la lubricaci\u00f3n, <em>Umary es tu aliado contra la artritis, ci\u00e1tica y otros dolores articulares.<\/em> <!--Restablece la fuerza, elasticidad y rendimiento para que puedas abrazar cada actividad diaria sin restricciones. Una c\u00e1psula al d\u00eda es todo lo que necesitas para renovar la vitalidad de tus articulaciones. Descubre el camino hacia una vida sin l\u00edmites con Umary.--><\/span><\/p>\n<p><!--\n\n\n<p data-mce-fragment=\"1\">Las c\u00e1psulas de \u00e1cido hialur\u00f3nico Umary mejoran la salud de las articulaciones, mejorando el dolor de rodillas, espalda, cuello, cadera, dolores cervicales, columna vertebral, nervios, hombros , brazos , tendones, cart\u00edlagos inflamados, artritis, ci\u00e1tica, entre otros. Brinda al organismo ingredientes naturales que coadyuvan a disminuir la inflamaci\u00f3n y mejorar la lubricaci\u00f3n. Ayuda a restablecer la fuerza, elasticidad y rendimiento para realizar las actividades diarias.<strong><\/strong><strong data-mce-fragment=\"1\"><\/strong><\/p>\n\n\n\n\n<p data-mce-fragment=\"1\"><\/p>\n\n--><\/p>\n","protected":false},"excerpt":{"rendered":"<p>\u00bfDolor en las articulaciones?\u00a0Umary\u00a0tiene la respuesta.\u00a0Las c\u00e1psulas de \u00e1cido hialur\u00f3nico Umary son un impulso de salud para tus articulaciones, aliviando el dolor en rodillas, espalda, cuello, cadera, columna vertebral y [&hellip;]<\/p>\n","protected":false},"featured_media":1919,"comment_status":"open","ping_status":"closed","template":"","meta":[],"product_brand":[514],"product_cat":[289,312,337,318,330],"product_tag":[105],"class_list":{"0":"post-5411","1":"product","2":"type-product","3":"status-publish","4":"has-post-thumbnail","6":"product_brand-kukamonga","7":"product_cat-belleza","8":"product_cat-populares","9":"product_cat-productos","10":"product_cat-salud","11":"product_cat-suplementos-para-la-piel","12":"product_tag-acido-hialuronico","14":"first","15":"instock","16":"shipping-taxable","17":"purchasable","18":"product-type-simple"},"_links":{"self":[{"href":"https:\/\/modest-napier.216-250-124-103.plesk.page\/index.php\/wp-json\/wp\/v2\/product\/5411","targetHints":{"allow":["GET"]}}],"collection":[{"href":"https:\/\/modest-napier.216-250-124-103.plesk.page\/index.php\/wp-json\/wp\/v2\/product"}],"about":[{"href":"https:\/\/modest-napier.216-250-124-103.plesk.page\/index.php\/wp-json\/wp\/v2\/types\/product"}],"replies":[{"embeddable":true,"href":"https:\/\/modest-napier.216-250-124-103.plesk.page\/index.php\/wp-json\/wp\/v2\/comments?post=5411"}],"wp:featuredmedia":[{"embeddable":true,"href":"https:\/\/modest-napier.216-250-124-103.plesk.page\/index.php\/wp-json\/wp\/v2\/media\/1919"}],"wp:attachment":[{"href":"https:\/\/modest-napier.216-250-124-103.plesk.page\/index.php\/wp-json\/wp\/v2\/media?parent=5411"}],"wp:term":[{"taxonomy":"product_brand","embeddable":true,"href":"https:\/\/modest-napier.216-250-124-103.plesk.page\/index.php\/wp-json\/wp\/v2\/product_brand?post=5411"},{"taxonomy":"product_cat","embeddable":true,"href":"https:\/\/modest-napier.216-250-124-103.plesk.page\/index.php\/wp-json\/wp\/v2\/product_cat?post=5411"},{"taxonomy":"product_tag","embeddable":true,"href":"https:\/\/modest-napier.216-250-124-103.plesk.page\/index.php\/wp-json\/wp\/v2\/product_tag?post=5411"}],"curies":[{"name":"wp","href":"https:\/\/api.w.org\/{rel}","templated":true}]}}