{"id":5412,"date":"2025-09-24T19:34:51","date_gmt":"2025-09-24T19:34:51","guid":{"rendered":"https:\/\/modest-napier.216-250-124-103.plesk.page\/index.php\/producto\/cap-unas-y-cabello-c-90-prettan\/"},"modified":"2025-09-24T20:46:31","modified_gmt":"2025-09-24T20:46:31","slug":"cap-unas-y-cabello-c-90-prettan","status":"publish","type":"product","link":"https:\/\/modest-napier.216-250-124-103.plesk.page\/index.php\/producto\/cap-unas-y-cabello-c-90-prettan\/","title":{"rendered":"U\u00f1as y Cabello 90 c\u00e1psulas Prett\u00e1n"},"content":{"rendered":"<p>\u00a1Las c\u00e1psulas para U\u00f1as y Cabello de Prett\u00e1n, con col\u00e1geno hidrolizado y biotina, fortalecen u\u00f1as y cabello! Adem\u00e1s mejoran la firmeza y la elasticidad de la piel. Conoce sus beneficios:<\/p>\n<ul>\n<li>Aporta brillo a cabellera<\/li>\n<li>Con col\u00e1geno hidrolizado y biotina<\/li>\n<li>Mejora la firmeza y la elasticidad de la piel<\/li>\n<li>Fortalece las u\u00f1as y el cabello mejorando su aspecto<\/li>\n<li>Previene y retarda la aparici\u00f3n de arrugas, l\u00edneas de expresi\u00f3n y celulitis<\/li>\n<li>Ayuda a las articulaciones, tendones y ligamentos<\/li>\n<\/ul>\n","protected":false},"excerpt":{"rendered":"<p>\u00a1Las c\u00e1psulas para U\u00f1as y Cabello de Prett\u00e1n, con col\u00e1geno hidrolizado y biotina, fortalecen u\u00f1as y cabello! Adem\u00e1s mejoran la firmeza y la elasticidad de la piel. Conoce sus beneficios: [&hellip;]<\/p>\n","protected":false},"featured_media":1921,"comment_status":"open","ping_status":"closed","template":"","meta":[],"product_brand":[415],"product_cat":[289,295,337,318],"product_tag":[73,77],"class_list":{"0":"post-5412","1":"product","2":"type-product","3":"status-publish","4":"has-post-thumbnail","6":"product_brand-prettan","7":"product_cat-belleza","8":"product_cat-cuidado-del-cabello","9":"product_cat-productos","10":"product_cat-salud","11":"product_tag-biotina","12":"product_tag-colageno","14":"first","15":"outofstock","16":"shipping-taxable","17":"purchasable","18":"product-type-simple"},"_links":{"self":[{"href":"https:\/\/modest-napier.216-250-124-103.plesk.page\/index.php\/wp-json\/wp\/v2\/product\/5412","targetHints":{"allow":["GET"]}}],"collection":[{"href":"https:\/\/modest-napier.216-250-124-103.plesk.page\/index.php\/wp-json\/wp\/v2\/product"}],"about":[{"href":"https:\/\/modest-napier.216-250-124-103.plesk.page\/index.php\/wp-json\/wp\/v2\/types\/product"}],"replies":[{"embeddable":true,"href":"https:\/\/modest-napier.216-250-124-103.plesk.page\/index.php\/wp-json\/wp\/v2\/comments?post=5412"}],"wp:featuredmedia":[{"embeddable":true,"href":"https:\/\/modest-napier.216-250-124-103.plesk.page\/index.php\/wp-json\/wp\/v2\/media\/1921"}],"wp:attachment":[{"href":"https:\/\/modest-napier.216-250-124-103.plesk.page\/index.php\/wp-json\/wp\/v2\/media?parent=5412"}],"wp:term":[{"taxonomy":"product_brand","embeddable":true,"href":"https:\/\/modest-napier.216-250-124-103.plesk.page\/index.php\/wp-json\/wp\/v2\/product_brand?post=5412"},{"taxonomy":"product_cat","embeddable":true,"href":"https:\/\/modest-napier.216-250-124-103.plesk.page\/index.php\/wp-json\/wp\/v2\/product_cat?post=5412"},{"taxonomy":"product_tag","embeddable":true,"href":"https:\/\/modest-napier.216-250-124-103.plesk.page\/index.php\/wp-json\/wp\/v2\/product_tag?post=5412"}],"curies":[{"name":"wp","href":"https:\/\/api.w.org\/{rel}","templated":true}]}}