{"id":5413,"date":"2025-09-24T19:34:52","date_gmt":"2025-09-24T19:34:52","guid":{"rendered":"https:\/\/modest-napier.216-250-124-103.plesk.page\/index.php\/producto\/cap-valeriana-c-150-herbomex\/"},"modified":"2025-09-24T20:44:32","modified_gmt":"2025-09-24T20:44:32","slug":"cap-valeriana-c-150-herbomex","status":"publish","type":"product","link":"https:\/\/modest-napier.216-250-124-103.plesk.page\/index.php\/producto\/cap-valeriana-c-150-herbomex\/","title":{"rendered":"Valeriana 150 c\u00e1psulas Herbomex"},"content":{"rendered":"<p data-mce-fragment=\"1\"><span data-mce-fragment=\"1\">El suplemento de valeriana en c\u00e1psulas es auxiliar en el control de ansiedad, estr\u00e9s, falta de sue\u00f1o e inquietud. <a href=\"#more\"><\/a><\/span><strong data-mce-fragment=\"1\"><\/strong><\/p>\n<p data-mce-fragment=\"1\"><\/p>\n","protected":false},"excerpt":{"rendered":"<p>El suplemento de valeriana en c\u00e1psulas es auxiliar en el control de ansiedad, estr\u00e9s, falta de sue\u00f1o e inquietud.<\/p>\n","protected":false},"featured_media":1922,"comment_status":"open","ping_status":"closed","template":"","meta":[],"product_brand":[351],"product_cat":[303,337,318],"product_tag":[79],"class_list":{"0":"post-5413","1":"product","2":"type-product","3":"status-publish","4":"has-post-thumbnail","6":"product_brand-herbomex","7":"product_cat-insomnio-y-ansiedad","8":"product_cat-productos","9":"product_cat-salud","10":"product_tag-valeriana","12":"first","13":"instock","14":"shipping-taxable","15":"purchasable","16":"product-type-simple"},"_links":{"self":[{"href":"https:\/\/modest-napier.216-250-124-103.plesk.page\/index.php\/wp-json\/wp\/v2\/product\/5413","targetHints":{"allow":["GET"]}}],"collection":[{"href":"https:\/\/modest-napier.216-250-124-103.plesk.page\/index.php\/wp-json\/wp\/v2\/product"}],"about":[{"href":"https:\/\/modest-napier.216-250-124-103.plesk.page\/index.php\/wp-json\/wp\/v2\/types\/product"}],"replies":[{"embeddable":true,"href":"https:\/\/modest-napier.216-250-124-103.plesk.page\/index.php\/wp-json\/wp\/v2\/comments?post=5413"}],"wp:featuredmedia":[{"embeddable":true,"href":"https:\/\/modest-napier.216-250-124-103.plesk.page\/index.php\/wp-json\/wp\/v2\/media\/1922"}],"wp:attachment":[{"href":"https:\/\/modest-napier.216-250-124-103.plesk.page\/index.php\/wp-json\/wp\/v2\/media?parent=5413"}],"wp:term":[{"taxonomy":"product_brand","embeddable":true,"href":"https:\/\/modest-napier.216-250-124-103.plesk.page\/index.php\/wp-json\/wp\/v2\/product_brand?post=5413"},{"taxonomy":"product_cat","embeddable":true,"href":"https:\/\/modest-napier.216-250-124-103.plesk.page\/index.php\/wp-json\/wp\/v2\/product_cat?post=5413"},{"taxonomy":"product_tag","embeddable":true,"href":"https:\/\/modest-napier.216-250-124-103.plesk.page\/index.php\/wp-json\/wp\/v2\/product_tag?post=5413"}],"curies":[{"name":"wp","href":"https:\/\/api.w.org\/{rel}","templated":true}]}}