{"id":5415,"date":"2025-09-24T19:34:54","date_gmt":"2025-09-24T19:34:54","guid":{"rendered":"https:\/\/modest-napier.216-250-124-103.plesk.page\/index.php\/producto\/cap-vibora-de-cascabel-c-150-nutrimed\/"},"modified":"2025-09-24T20:47:47","modified_gmt":"2025-09-24T20:47:47","slug":"cap-vibora-de-cascabel-c-150-nutrimed","status":"publish","type":"product","link":"https:\/\/modest-napier.216-250-124-103.plesk.page\/index.php\/producto\/cap-vibora-de-cascabel-c-150-nutrimed\/","title":{"rendered":"V\u00edbora de Cascabel 150 c\u00e1psulas Nutrimed"},"content":{"rendered":"<p data-mce-fragment=\"1\"><strong data-mce-fragment=\"1\">Descripci\u00f3n:<\/strong><\/p>\n<p data-mce-fragment=\"1\">El suplemento de <strong>v\u00edbora de cascabel en c\u00e1psulas<\/strong> ayuda a reducir la toxicidad de la crotoxina, tiene propiedades analg\u00e9sicas, antinflamatorias, antitumorales y trata el dolor cr\u00f3nico.<\/p>\n<p data-mce-fragment=\"1\"><strong>Modo de uso:<\/strong><\/p>\n<p>Tomar de 1 a 2 c\u00e1psulas 3 veces al d\u00eda, con los alimentos.<\/p>\n<p data-mce-fragment=\"1\"><strong data-mce-fragment=\"1\">Contenido:<\/strong><\/p>\n<p data-mce-fragment=\"1\">150 c\u00e1psulas.<\/p>\n","protected":false},"excerpt":{"rendered":"<p>Descripci\u00f3n: El suplemento de v\u00edbora de cascabel en c\u00e1psulas ayuda a reducir la toxicidad de la crotoxina, tiene propiedades analg\u00e9sicas, antinflamatorias, antitumorales y trata el dolor cr\u00f3nico. Modo de uso: [&hellip;]<\/p>\n","protected":false},"featured_media":1925,"comment_status":"open","ping_status":"closed","template":"","meta":[],"product_brand":[428],"product_cat":[337,318,322],"product_tag":[63],"class_list":{"0":"post-5415","1":"product","2":"type-product","3":"status-publish","4":"has-post-thumbnail","6":"product_brand-nutrimed","7":"product_cat-productos","8":"product_cat-salud","9":"product_cat-salud-del-higado","10":"product_tag-vibora","12":"first","13":"instock","14":"shipping-taxable","15":"purchasable","16":"product-type-simple"},"_links":{"self":[{"href":"https:\/\/modest-napier.216-250-124-103.plesk.page\/index.php\/wp-json\/wp\/v2\/product\/5415","targetHints":{"allow":["GET"]}}],"collection":[{"href":"https:\/\/modest-napier.216-250-124-103.plesk.page\/index.php\/wp-json\/wp\/v2\/product"}],"about":[{"href":"https:\/\/modest-napier.216-250-124-103.plesk.page\/index.php\/wp-json\/wp\/v2\/types\/product"}],"replies":[{"embeddable":true,"href":"https:\/\/modest-napier.216-250-124-103.plesk.page\/index.php\/wp-json\/wp\/v2\/comments?post=5415"}],"wp:featuredmedia":[{"embeddable":true,"href":"https:\/\/modest-napier.216-250-124-103.plesk.page\/index.php\/wp-json\/wp\/v2\/media\/1925"}],"wp:attachment":[{"href":"https:\/\/modest-napier.216-250-124-103.plesk.page\/index.php\/wp-json\/wp\/v2\/media?parent=5415"}],"wp:term":[{"taxonomy":"product_brand","embeddable":true,"href":"https:\/\/modest-napier.216-250-124-103.plesk.page\/index.php\/wp-json\/wp\/v2\/product_brand?post=5415"},{"taxonomy":"product_cat","embeddable":true,"href":"https:\/\/modest-napier.216-250-124-103.plesk.page\/index.php\/wp-json\/wp\/v2\/product_cat?post=5415"},{"taxonomy":"product_tag","embeddable":true,"href":"https:\/\/modest-napier.216-250-124-103.plesk.page\/index.php\/wp-json\/wp\/v2\/product_tag?post=5415"}],"curies":[{"name":"wp","href":"https:\/\/api.w.org\/{rel}","templated":true}]}}