{"id":5418,"date":"2025-09-24T19:34:58","date_gmt":"2025-09-24T19:34:58","guid":{"rendered":"https:\/\/modest-napier.216-250-124-103.plesk.page\/index.php\/producto\/cap-vinagre-de-manzana-c-60-gnvida\/"},"modified":"2025-09-24T20:46:30","modified_gmt":"2025-09-24T20:46:30","slug":"cap-vinagre-de-manzana-c-60-gn-vida","status":"publish","type":"product","link":"https:\/\/modest-napier.216-250-124-103.plesk.page\/index.php\/producto\/cap-vinagre-de-manzana-c-60-gn-vida\/","title":{"rendered":"Vinagre de manzana 60 c\u00e1psulas GN+Vida"},"content":{"rendered":"<p data-mce-fragment=\"1\"><strong data-mce-fragment=\"1\">Descripci\u00f3n:<\/strong><\/p>\n<p>El suplemento de<strong> vinagre de manzana en c\u00e1psulas<\/strong> ayuda a quemar la grasa, regular la digesti\u00f3n, controlar el hambre y la ansiedad innecesaria de apetito, prevenir la formaci\u00f3n de co\u00e1gulos sangu\u00edneos e infartos, regular los niveles de glucosa, colesterol y triglic\u00e9ridos.\u00a0<\/p>\n<p data-mce-fragment=\"1\"><strong data-mce-fragment=\"1\">Modo de uso:<\/strong><\/p>\n<p data-mce-fragment=\"1\">Tomar una c\u00e1psula con cada alimento (3 al d\u00eda).\u00a0<\/p>\n<p data-mce-fragment=\"1\"><strong data-mce-fragment=\"1\">Contenido:<\/strong><\/p>\n<p data-mce-fragment=\"1\">60 c\u00e1psulas.<\/p>\n","protected":false},"excerpt":{"rendered":"<p>Descripci\u00f3n: El suplemento de vinagre de manzana en c\u00e1psulas ayuda a quemar la grasa, regular la digesti\u00f3n, controlar el hambre y la ansiedad innecesaria de apetito, prevenir la formaci\u00f3n de [&hellip;]<\/p>\n","protected":false},"featured_media":1928,"comment_status":"open","ping_status":"closed","template":"","meta":[],"product_brand":[353],"product_cat":[287,313,337,318,331],"product_tag":[165],"class_list":{"0":"post-5418","1":"product","2":"type-product","3":"status-publish","4":"has-post-thumbnail","6":"product_brand-gn-vida","7":"product_cat-baja-de-peso","8":"product_cat-preparate-para-el-verano-","9":"product_cat-productos","10":"product_cat-salud","11":"product_cat-suplementos-bajar-de-peso","12":"product_tag-vinagre-de-manzana","14":"first","15":"instock","16":"shipping-taxable","17":"purchasable","18":"product-type-simple"},"_links":{"self":[{"href":"https:\/\/modest-napier.216-250-124-103.plesk.page\/index.php\/wp-json\/wp\/v2\/product\/5418","targetHints":{"allow":["GET"]}}],"collection":[{"href":"https:\/\/modest-napier.216-250-124-103.plesk.page\/index.php\/wp-json\/wp\/v2\/product"}],"about":[{"href":"https:\/\/modest-napier.216-250-124-103.plesk.page\/index.php\/wp-json\/wp\/v2\/types\/product"}],"replies":[{"embeddable":true,"href":"https:\/\/modest-napier.216-250-124-103.plesk.page\/index.php\/wp-json\/wp\/v2\/comments?post=5418"}],"wp:featuredmedia":[{"embeddable":true,"href":"https:\/\/modest-napier.216-250-124-103.plesk.page\/index.php\/wp-json\/wp\/v2\/media\/1928"}],"wp:attachment":[{"href":"https:\/\/modest-napier.216-250-124-103.plesk.page\/index.php\/wp-json\/wp\/v2\/media?parent=5418"}],"wp:term":[{"taxonomy":"product_brand","embeddable":true,"href":"https:\/\/modest-napier.216-250-124-103.plesk.page\/index.php\/wp-json\/wp\/v2\/product_brand?post=5418"},{"taxonomy":"product_cat","embeddable":true,"href":"https:\/\/modest-napier.216-250-124-103.plesk.page\/index.php\/wp-json\/wp\/v2\/product_cat?post=5418"},{"taxonomy":"product_tag","embeddable":true,"href":"https:\/\/modest-napier.216-250-124-103.plesk.page\/index.php\/wp-json\/wp\/v2\/product_tag?post=5418"}],"curies":[{"name":"wp","href":"https:\/\/api.w.org\/{rel}","templated":true}]}}