{"id":5420,"date":"2025-09-24T19:35:00","date_gmt":"2025-09-24T19:35:00","guid":{"rendered":"https:\/\/modest-napier.216-250-124-103.plesk.page\/index.php\/producto\/cap-vital-fuerte-h3-c-100-farmamedica\/"},"modified":"2025-09-24T20:47:46","modified_gmt":"2025-09-24T20:47:46","slug":"cap-vital-fuerte-h3-c-100-farmamedica","status":"publish","type":"product","link":"https:\/\/modest-napier.216-250-124-103.plesk.page\/index.php\/producto\/cap-vital-fuerte-h3-c-100-farmamedica\/","title":{"rendered":"Vital Fuerte H3 100 c\u00e1psulas Farmamedica"},"content":{"rendered":"<p data-mce-fragment=\"1\"><strong data-mce-fragment=\"1\">Descripci\u00f3n:<\/strong><\/p>\n<p data-mce-fragment=\"1\"><strong>Vital Fuerte H3<\/strong> es un suplemento vitam\u00ednico que provee al organismo las vitaminas y minerales esenciales que ayudan en los procesos que generan energ\u00eda para la actividad f\u00edsica y mental, en periodos de grande esfuerzos o situaciones que la demanda de vitaminas y minerales\u00a0se incrementan, como lo es desarrollo en adolescentes o la sobrecarga f\u00edsica del adulto contempor\u00e1neo.<\/p>\n<p data-mce-fragment=\"1\">USO GERI\u00c1TRICO<\/p>\n<p data-mce-fragment=\"1\"><strong data-mce-fragment=\"1\">Modo de uso:<\/strong><\/p>\n<p data-mce-fragment=\"1\">1 o 2 c\u00e1psulas diarias.<\/p>\n<p data-mce-fragment=\"1\"><strong data-mce-fragment=\"1\">Contenido:<\/strong><\/p>\n<p data-mce-fragment=\"1\">100 c\u00e1psulas.<\/p>\n","protected":false},"excerpt":{"rendered":"<p>Descripci\u00f3n: Vital Fuerte H3 es un suplemento vitam\u00ednico que provee al organismo las vitaminas y minerales esenciales que ayudan en los procesos que generan energ\u00eda para la actividad f\u00edsica y [&hellip;]<\/p>\n","protected":false},"featured_media":1930,"comment_status":"open","ping_status":"closed","template":"","meta":[],"product_brand":[420],"product_cat":[337,318,335],"product_tag":[],"class_list":{"0":"post-5420","1":"product","2":"type-product","3":"status-publish","4":"has-post-thumbnail","6":"product_brand-farmamedica","7":"product_cat-productos","8":"product_cat-salud","9":"product_cat-vitaminas-y-minerales","11":"first","12":"outofstock","13":"shipping-taxable","14":"purchasable","15":"product-type-simple"},"_links":{"self":[{"href":"https:\/\/modest-napier.216-250-124-103.plesk.page\/index.php\/wp-json\/wp\/v2\/product\/5420","targetHints":{"allow":["GET"]}}],"collection":[{"href":"https:\/\/modest-napier.216-250-124-103.plesk.page\/index.php\/wp-json\/wp\/v2\/product"}],"about":[{"href":"https:\/\/modest-napier.216-250-124-103.plesk.page\/index.php\/wp-json\/wp\/v2\/types\/product"}],"replies":[{"embeddable":true,"href":"https:\/\/modest-napier.216-250-124-103.plesk.page\/index.php\/wp-json\/wp\/v2\/comments?post=5420"}],"wp:featuredmedia":[{"embeddable":true,"href":"https:\/\/modest-napier.216-250-124-103.plesk.page\/index.php\/wp-json\/wp\/v2\/media\/1930"}],"wp:attachment":[{"href":"https:\/\/modest-napier.216-250-124-103.plesk.page\/index.php\/wp-json\/wp\/v2\/media?parent=5420"}],"wp:term":[{"taxonomy":"product_brand","embeddable":true,"href":"https:\/\/modest-napier.216-250-124-103.plesk.page\/index.php\/wp-json\/wp\/v2\/product_brand?post=5420"},{"taxonomy":"product_cat","embeddable":true,"href":"https:\/\/modest-napier.216-250-124-103.plesk.page\/index.php\/wp-json\/wp\/v2\/product_cat?post=5420"},{"taxonomy":"product_tag","embeddable":true,"href":"https:\/\/modest-napier.216-250-124-103.plesk.page\/index.php\/wp-json\/wp\/v2\/product_tag?post=5420"}],"curies":[{"name":"wp","href":"https:\/\/api.w.org\/{rel}","templated":true}]}}