{"id":5429,"date":"2025-09-24T19:35:13","date_gmt":"2025-09-24T19:35:13","guid":{"rendered":"https:\/\/modest-napier.216-250-124-103.plesk.page\/index.php\/producto\/cap-vitamina-k-vit-d3-calcio-curcuma-c-60-naterra\/"},"modified":"2025-09-24T20:43:36","modified_gmt":"2025-09-24T20:43:36","slug":"vitamina-k-naterra","status":"publish","type":"product","link":"https:\/\/modest-napier.216-250-124-103.plesk.page\/index.php\/producto\/vitamina-k-naterra\/","title":{"rendered":"Vitamina K+ D3 Calcio C\u00farcuma 60 c\u00e1psulas NaTerra"},"content":{"rendered":"<p><strong>Descripci\u00f3n:<\/strong><br \/>La combinaci\u00f3n de <strong>Vitamina K con vitamina D3, calcio y c\u00farcuma<\/strong> ayuda a mantener huesos fuertes y saludables, ya que promueve la absorci\u00f3n de calcio, as\u00ed como mantener una buena circulaci\u00f3n sagu\u00ednea.<\/p>\n<p><strong>Modo de uso:<\/strong><br \/>Tomar 2 c\u00e1psulas al d\u00eda por la ma\u00f1ana.<\/p>\n<p><strong>Contenido:<\/strong><br \/>60 c\u00e1psulas.<\/p>\n","protected":false},"excerpt":{"rendered":"<p>Descripci\u00f3n:La combinaci\u00f3n de Vitamina K con vitamina D3, calcio y c\u00farcuma ayuda a mantener huesos fuertes y saludables, ya que promueve la absorci\u00f3n de calcio, as\u00ed como mantener una buena [&hellip;]<\/p>\n","protected":false},"featured_media":1939,"comment_status":"open","ping_status":"closed","template":"","meta":[],"product_brand":[388],"product_cat":[337,318],"product_tag":[193,151,87,188],"class_list":{"0":"post-5429","1":"product","2":"type-product","3":"status-publish","4":"has-post-thumbnail","6":"product_brand-naterra","7":"product_cat-productos","8":"product_cat-salud","9":"product_tag-calcio","10":"product_tag-curcuma","11":"product_tag-vitamina-d","12":"product_tag-vitamina-k","14":"first","15":"instock","16":"shipping-taxable","17":"purchasable","18":"product-type-simple"},"_links":{"self":[{"href":"https:\/\/modest-napier.216-250-124-103.plesk.page\/index.php\/wp-json\/wp\/v2\/product\/5429","targetHints":{"allow":["GET"]}}],"collection":[{"href":"https:\/\/modest-napier.216-250-124-103.plesk.page\/index.php\/wp-json\/wp\/v2\/product"}],"about":[{"href":"https:\/\/modest-napier.216-250-124-103.plesk.page\/index.php\/wp-json\/wp\/v2\/types\/product"}],"replies":[{"embeddable":true,"href":"https:\/\/modest-napier.216-250-124-103.plesk.page\/index.php\/wp-json\/wp\/v2\/comments?post=5429"}],"wp:featuredmedia":[{"embeddable":true,"href":"https:\/\/modest-napier.216-250-124-103.plesk.page\/index.php\/wp-json\/wp\/v2\/media\/1939"}],"wp:attachment":[{"href":"https:\/\/modest-napier.216-250-124-103.plesk.page\/index.php\/wp-json\/wp\/v2\/media?parent=5429"}],"wp:term":[{"taxonomy":"product_brand","embeddable":true,"href":"https:\/\/modest-napier.216-250-124-103.plesk.page\/index.php\/wp-json\/wp\/v2\/product_brand?post=5429"},{"taxonomy":"product_cat","embeddable":true,"href":"https:\/\/modest-napier.216-250-124-103.plesk.page\/index.php\/wp-json\/wp\/v2\/product_cat?post=5429"},{"taxonomy":"product_tag","embeddable":true,"href":"https:\/\/modest-napier.216-250-124-103.plesk.page\/index.php\/wp-json\/wp\/v2\/product_tag?post=5429"}],"curies":[{"name":"wp","href":"https:\/\/api.w.org\/{rel}","templated":true}]}}