{"id":5433,"date":"2025-09-24T19:35:19","date_gmt":"2025-09-24T19:35:19","guid":{"rendered":"https:\/\/modest-napier.216-250-124-103.plesk.page\/index.php\/producto\/cap-women-forever-c-60-pure-nutrition\/"},"modified":"2025-09-24T20:44:17","modified_gmt":"2025-09-24T20:44:17","slug":"cap-women-forever-c-60-pure-nutrition","status":"publish","type":"product","link":"https:\/\/modest-napier.216-250-124-103.plesk.page\/index.php\/producto\/cap-women-forever-c-60-pure-nutrition\/","title":{"rendered":"Women Forever 60 c\u00e1psulas Pure Nutrition"},"content":{"rendered":"<p data-mce-fragment=\"1\"><span data-mce-fragment=\"1\">\u00a1Women Forever, el multivitam\u00ednico para la mujer! Recupera y mantiene la energ\u00eda, disminuye los niveles de estr\u00e9s, ansiedad y depresi\u00f3n. Auxiliar en tratamiento de ciclo irregular y menopausia.<\/span><strong data-mce-fragment=\"1\"><\/strong><\/p>\n<p data-mce-fragment=\"1\"><\/p>\n","protected":false},"excerpt":{"rendered":"<p>\u00a1Women Forever, el multivitam\u00ednico para la mujer! Recupera y mantiene la energ\u00eda, disminuye los niveles de estr\u00e9s, ansiedad y depresi\u00f3n. Auxiliar en tratamiento de ciclo irregular y menopausia.<\/p>\n","protected":false},"featured_media":1943,"comment_status":"open","ping_status":"closed","template":"","meta":[],"product_brand":[503],"product_cat":[289,308,337,318,324,329,335],"product_tag":[104,77,85,72],"class_list":{"0":"post-5433","1":"product","2":"type-product","3":"status-publish","4":"has-post-thumbnail","6":"product_brand-pure-nutrition","7":"product_cat-belleza","8":"product_cat-nutricion","9":"product_cat-productos","10":"product_cat-salud","11":"product_cat-sexualidad","12":"product_cat-suplementos-para-la-mujer","13":"product_cat-vitaminas-y-minerales","14":"product_tag-acido-alfa-lipoico","15":"product_tag-colageno","16":"product_tag-vitamina-a","17":"product_tag-vitamina-e","19":"first","20":"instock","21":"shipping-taxable","22":"purchasable","23":"product-type-simple"},"_links":{"self":[{"href":"https:\/\/modest-napier.216-250-124-103.plesk.page\/index.php\/wp-json\/wp\/v2\/product\/5433","targetHints":{"allow":["GET"]}}],"collection":[{"href":"https:\/\/modest-napier.216-250-124-103.plesk.page\/index.php\/wp-json\/wp\/v2\/product"}],"about":[{"href":"https:\/\/modest-napier.216-250-124-103.plesk.page\/index.php\/wp-json\/wp\/v2\/types\/product"}],"replies":[{"embeddable":true,"href":"https:\/\/modest-napier.216-250-124-103.plesk.page\/index.php\/wp-json\/wp\/v2\/comments?post=5433"}],"wp:featuredmedia":[{"embeddable":true,"href":"https:\/\/modest-napier.216-250-124-103.plesk.page\/index.php\/wp-json\/wp\/v2\/media\/1943"}],"wp:attachment":[{"href":"https:\/\/modest-napier.216-250-124-103.plesk.page\/index.php\/wp-json\/wp\/v2\/media?parent=5433"}],"wp:term":[{"taxonomy":"product_brand","embeddable":true,"href":"https:\/\/modest-napier.216-250-124-103.plesk.page\/index.php\/wp-json\/wp\/v2\/product_brand?post=5433"},{"taxonomy":"product_cat","embeddable":true,"href":"https:\/\/modest-napier.216-250-124-103.plesk.page\/index.php\/wp-json\/wp\/v2\/product_cat?post=5433"},{"taxonomy":"product_tag","embeddable":true,"href":"https:\/\/modest-napier.216-250-124-103.plesk.page\/index.php\/wp-json\/wp\/v2\/product_tag?post=5433"}],"curies":[{"name":"wp","href":"https:\/\/api.w.org\/{rel}","templated":true}]}}