{"id":5434,"date":"2025-09-24T19:35:20","date_gmt":"2025-09-24T19:35:20","guid":{"rendered":"https:\/\/modest-napier.216-250-124-103.plesk.page\/index.php\/producto\/cap-xabiany-c-30-natura-castle\/"},"modified":"2025-09-24T20:46:30","modified_gmt":"2025-09-24T20:46:30","slug":"cap-xabiany-c-30-natura-castle","status":"publish","type":"product","link":"https:\/\/modest-napier.216-250-124-103.plesk.page\/index.php\/producto\/cap-xabiany-c-30-natura-castle\/","title":{"rendered":"Xabiany Mango Africano 30 c\u00e1psulas Naturacastle"},"content":{"rendered":"<p data-mce-fragment=\"1\"><strong data-mce-fragment=\"1\">Descripci\u00f3n:<\/strong><\/p>\n<p data-mce-fragment=\"1\"><span>El <strong>suplemento de Mango Africano Xabiany<\/strong> realmente funciona para quemar grasas, tiene propiedades termog\u00e9nicas. Esta fruta ayuda porque acelera el metabolismo y dota al cuerpo de una energ\u00eda\u00a0extra, que toma precisamente de las grasas almacenadas en nuestro organismo y gracias a su fibra soluble que permanece m\u00e1s tiempo en nuestro est\u00f3mago, tenemos un efecto de saciedad, por lo tanto se come s\u00f3lo lo necesario. El Mango Africano combustiona las grasas. Un beneficio adicional es que tiene grandes cantidades de vitamina B, la cual aumenta el metabolismo de los hidratos de carbono, que en nuestro cuerpo se almacenan en forma de grasa.<\/span><\/p>\n<p data-mce-fragment=\"1\"><strong data-mce-fragment=\"1\">Modo de uso:<\/strong><\/p>\n<p data-mce-fragment=\"1\"><span>Tomar 1 c\u00e1psula por la ma\u00f1ana o por la noche (s\u00f3lo una por d\u00eda).<\/span><\/p>\n<p data-mce-fragment=\"1\"><strong data-mce-fragment=\"1\">Contenido:<\/strong><\/p>\n<p data-mce-fragment=\"1\">30 c\u00e1psulas.<\/p>\n","protected":false},"excerpt":{"rendered":"<p>Descripci\u00f3n: El suplemento de Mango Africano Xabiany realmente funciona para quemar grasas, tiene propiedades termog\u00e9nicas. Esta fruta ayuda porque acelera el metabolismo y dota al cuerpo de una energ\u00eda\u00a0extra, que [&hellip;]<\/p>\n","protected":false},"featured_media":1944,"comment_status":"open","ping_status":"closed","template":"","meta":[],"product_brand":[381],"product_cat":[287,337,331],"product_tag":[186],"class_list":{"0":"post-5434","1":"product","2":"type-product","3":"status-publish","4":"has-post-thumbnail","6":"product_brand-naturacastle","7":"product_cat-baja-de-peso","8":"product_cat-productos","9":"product_cat-suplementos-bajar-de-peso","10":"product_tag-mango-africano","12":"first","13":"outofstock","14":"shipping-taxable","15":"purchasable","16":"product-type-simple"},"_links":{"self":[{"href":"https:\/\/modest-napier.216-250-124-103.plesk.page\/index.php\/wp-json\/wp\/v2\/product\/5434","targetHints":{"allow":["GET"]}}],"collection":[{"href":"https:\/\/modest-napier.216-250-124-103.plesk.page\/index.php\/wp-json\/wp\/v2\/product"}],"about":[{"href":"https:\/\/modest-napier.216-250-124-103.plesk.page\/index.php\/wp-json\/wp\/v2\/types\/product"}],"replies":[{"embeddable":true,"href":"https:\/\/modest-napier.216-250-124-103.plesk.page\/index.php\/wp-json\/wp\/v2\/comments?post=5434"}],"wp:featuredmedia":[{"embeddable":true,"href":"https:\/\/modest-napier.216-250-124-103.plesk.page\/index.php\/wp-json\/wp\/v2\/media\/1944"}],"wp:attachment":[{"href":"https:\/\/modest-napier.216-250-124-103.plesk.page\/index.php\/wp-json\/wp\/v2\/media?parent=5434"}],"wp:term":[{"taxonomy":"product_brand","embeddable":true,"href":"https:\/\/modest-napier.216-250-124-103.plesk.page\/index.php\/wp-json\/wp\/v2\/product_brand?post=5434"},{"taxonomy":"product_cat","embeddable":true,"href":"https:\/\/modest-napier.216-250-124-103.plesk.page\/index.php\/wp-json\/wp\/v2\/product_cat?post=5434"},{"taxonomy":"product_tag","embeddable":true,"href":"https:\/\/modest-napier.216-250-124-103.plesk.page\/index.php\/wp-json\/wp\/v2\/product_tag?post=5434"}],"curies":[{"name":"wp","href":"https:\/\/api.w.org\/{rel}","templated":true}]}}