{"id":5441,"date":"2025-09-24T19:35:29","date_gmt":"2025-09-24T19:35:29","guid":{"rendered":"https:\/\/modest-napier.216-250-124-103.plesk.page\/index.php\/producto\/capsula-wereke-c-150-prosa\/"},"modified":"2025-09-24T20:45:34","modified_gmt":"2025-09-24T20:45:34","slug":"cap-wereke-c-150-prosa","status":"publish","type":"product","link":"https:\/\/modest-napier.216-250-124-103.plesk.page\/index.php\/producto\/cap-wereke-c-150-prosa\/","title":{"rendered":"Wereke 150 c\u00e1psulas Prosa"},"content":{"rendered":"<p><strong>Descripci\u00f3n:<\/strong><\/p>\n<p>El sueplemento de <strong>wereke en c\u00e1psulas<\/strong> estimula el buen funcionamiento del p\u00e1ncreas, regularizando los niveles de glucosa.<\/p>\n<p><strong>Modo de uso:<\/strong><\/p>\n<p>Tomar 2 c\u00e1psulas 3 veces al d\u00eda, acompa\u00f1adas de los alimentos.<\/p>\n<p><strong>Contenido:<\/strong><\/p>\n<p>150 c\u00e1psulas.<\/p>\n","protected":false},"excerpt":{"rendered":"<p>Descripci\u00f3n: El sueplemento de wereke en c\u00e1psulas estimula el buen funcionamiento del p\u00e1ncreas, regularizando los niveles de glucosa. Modo de uso: Tomar 2 c\u00e1psulas 3 veces al d\u00eda, acompa\u00f1adas de [&hellip;]<\/p>\n","protected":false},"featured_media":1951,"comment_status":"open","ping_status":"closed","template":"","meta":[],"product_brand":[475],"product_cat":[296,337,318],"product_tag":[160],"class_list":{"0":"post-5441","1":"product","2":"type-product","3":"status-publish","4":"has-post-thumbnail","6":"product_brand-prosa","7":"product_cat-diabetes-y-sus-sintomas","8":"product_cat-productos","9":"product_cat-salud","10":"product_tag-wereke","12":"first","13":"instock","14":"shipping-taxable","15":"purchasable","16":"product-type-simple"},"_links":{"self":[{"href":"https:\/\/modest-napier.216-250-124-103.plesk.page\/index.php\/wp-json\/wp\/v2\/product\/5441","targetHints":{"allow":["GET"]}}],"collection":[{"href":"https:\/\/modest-napier.216-250-124-103.plesk.page\/index.php\/wp-json\/wp\/v2\/product"}],"about":[{"href":"https:\/\/modest-napier.216-250-124-103.plesk.page\/index.php\/wp-json\/wp\/v2\/types\/product"}],"replies":[{"embeddable":true,"href":"https:\/\/modest-napier.216-250-124-103.plesk.page\/index.php\/wp-json\/wp\/v2\/comments?post=5441"}],"wp:featuredmedia":[{"embeddable":true,"href":"https:\/\/modest-napier.216-250-124-103.plesk.page\/index.php\/wp-json\/wp\/v2\/media\/1951"}],"wp:attachment":[{"href":"https:\/\/modest-napier.216-250-124-103.plesk.page\/index.php\/wp-json\/wp\/v2\/media?parent=5441"}],"wp:term":[{"taxonomy":"product_brand","embeddable":true,"href":"https:\/\/modest-napier.216-250-124-103.plesk.page\/index.php\/wp-json\/wp\/v2\/product_brand?post=5441"},{"taxonomy":"product_cat","embeddable":true,"href":"https:\/\/modest-napier.216-250-124-103.plesk.page\/index.php\/wp-json\/wp\/v2\/product_cat?post=5441"},{"taxonomy":"product_tag","embeddable":true,"href":"https:\/\/modest-napier.216-250-124-103.plesk.page\/index.php\/wp-json\/wp\/v2\/product_tag?post=5441"}],"curies":[{"name":"wp","href":"https:\/\/api.w.org\/{rel}","templated":true}]}}