{"id":5442,"date":"2025-09-24T19:35:31","date_gmt":"2025-09-24T19:35:31","guid":{"rendered":"https:\/\/modest-napier.216-250-124-103.plesk.page\/index.php\/producto\/caramelo-herbees-frutos-del-bosque-cartera-con-8-pzeliminado\/"},"modified":"2025-09-24T19:35:32","modified_gmt":"2025-09-24T19:35:32","slug":"caramelo-herbees-frutos-del-bosque-cartera-con-8-pzeliminado","status":"publish","type":"product","link":"https:\/\/modest-napier.216-250-124-103.plesk.page\/index.php\/producto\/caramelo-herbees-frutos-del-bosque-cartera-con-8-pzeliminado\/","title":{"rendered":"CARAMELO HERBEES FRUTOS DEL BOSQUE CARTERA CON 8 PZ(ELIMINADO)"},"content":{"rendered":"<p data-mce-fragment=\"1\"><strong data-mce-fragment=\"1\">Descripci\u00f3n:<\/strong><\/p>\n<p>Caramelos Integrales de Hierbas. Sin aditivos. Sin colorantes. Elaborado con hierbas arom\u00e1ticas y az\u00facar integral de ca\u00f1a. Caramelos frutas del bosque. Ricos en Equin\u00e1cea, Prop\u00f3leo y Vitamina C.<\/p>\n<p data-mce-fragment=\"1\"><strong data-mce-fragment=\"1\">Modo de uso:<\/strong><\/p>\n<p data-mce-fragment=\"1\">Al gusto.<\/p>\n<p data-mce-fragment=\"1\"><strong data-mce-fragment=\"1\">Contenido:<\/strong><\/p>\n<p data-mce-fragment=\"1\">8 caramelos.<\/p>\n","protected":false},"excerpt":{"rendered":"<p>Descripci\u00f3n: Caramelos Integrales de Hierbas. Sin aditivos. Sin colorantes. Elaborado con hierbas arom\u00e1ticas y az\u00facar integral de ca\u00f1a. Caramelos frutas del bosque. Ricos en Equin\u00e1cea, Prop\u00f3leo y Vitamina C. Modo [&hellip;]<\/p>\n","protected":false},"featured_media":1952,"comment_status":"open","ping_status":"closed","template":"","meta":[],"product_brand":[],"product_cat":[306,308,337],"product_tag":[],"class_list":{"0":"post-5442","1":"product","2":"type-product","3":"status-publish","4":"has-post-thumbnail","6":"product_cat-mieles-dulces-y-endulzantes","7":"product_cat-nutricion","8":"product_cat-productos","10":"first","11":"outofstock","12":"shipping-taxable","13":"purchasable","14":"product-type-simple"},"_links":{"self":[{"href":"https:\/\/modest-napier.216-250-124-103.plesk.page\/index.php\/wp-json\/wp\/v2\/product\/5442","targetHints":{"allow":["GET"]}}],"collection":[{"href":"https:\/\/modest-napier.216-250-124-103.plesk.page\/index.php\/wp-json\/wp\/v2\/product"}],"about":[{"href":"https:\/\/modest-napier.216-250-124-103.plesk.page\/index.php\/wp-json\/wp\/v2\/types\/product"}],"replies":[{"embeddable":true,"href":"https:\/\/modest-napier.216-250-124-103.plesk.page\/index.php\/wp-json\/wp\/v2\/comments?post=5442"}],"wp:featuredmedia":[{"embeddable":true,"href":"https:\/\/modest-napier.216-250-124-103.plesk.page\/index.php\/wp-json\/wp\/v2\/media\/1952"}],"wp:attachment":[{"href":"https:\/\/modest-napier.216-250-124-103.plesk.page\/index.php\/wp-json\/wp\/v2\/media?parent=5442"}],"wp:term":[{"taxonomy":"product_brand","embeddable":true,"href":"https:\/\/modest-napier.216-250-124-103.plesk.page\/index.php\/wp-json\/wp\/v2\/product_brand?post=5442"},{"taxonomy":"product_cat","embeddable":true,"href":"https:\/\/modest-napier.216-250-124-103.plesk.page\/index.php\/wp-json\/wp\/v2\/product_cat?post=5442"},{"taxonomy":"product_tag","embeddable":true,"href":"https:\/\/modest-napier.216-250-124-103.plesk.page\/index.php\/wp-json\/wp\/v2\/product_tag?post=5442"}],"curies":[{"name":"wp","href":"https:\/\/api.w.org\/{rel}","templated":true}]}}