{"id":5454,"date":"2025-09-24T19:35:45","date_gmt":"2025-09-24T19:35:45","guid":{"rendered":"https:\/\/modest-napier.216-250-124-103.plesk.page\/index.php\/producto\/clorofila-500-ml-hidronatura\/"},"modified":"2025-09-24T20:47:45","modified_gmt":"2025-09-24T20:47:45","slug":"clorofila-500-ml-hidronatura","status":"publish","type":"product","link":"https:\/\/modest-napier.216-250-124-103.plesk.page\/index.php\/producto\/clorofila-500-ml-hidronatura\/","title":{"rendered":"Clorofila 500 ml Hidronatura"},"content":{"rendered":"<p data-mce-fragment=\"1\"><strong data-mce-fragment=\"1\">Descripci\u00f3n:<\/strong><\/p>\n<p><span data-mce-fragment=\"1\">La\u00a0<\/span><strong data-mce-fragment=\"1\">clorofila<\/strong><span data-mce-fragment=\"1\">\u00a0a<\/span>yuda con la oxigenaci\u00f3n de la sangre y aumenta su producci\u00f3n. Adem\u00e1s de ayudar a que el ox\u00edgeno se transporte mejor a las c\u00e9lulas, mejorando as\u00ed la salud del coraz\u00f3n y otros \u00f3rganos vitales del cuerpo. Reduce el colesterol y los triglic\u00e9ridos. Aumenta el rendimiento deportivo.<\/p>\n<p data-mce-fragment=\"1\"><strong data-mce-fragment=\"1\">Modo de uso:<\/strong><\/p>\n<p>Diluya 2 cucharadas de clorofila en un vaso de agua (250 ml).<\/p>\n<p data-mce-fragment=\"1\"><strong data-mce-fragment=\"1\">Contenido:<\/strong><\/p>\n<p data-mce-fragment=\"1\">500 ml.<\/p>\n","protected":false},"excerpt":{"rendered":"<p>Descripci\u00f3n: La\u00a0clorofila\u00a0ayuda con la oxigenaci\u00f3n de la sangre y aumenta su producci\u00f3n. Adem\u00e1s de ayudar a que el ox\u00edgeno se transporte mejor a las c\u00e9lulas, mejorando as\u00ed la salud del [&hellip;]<\/p>\n","protected":false},"featured_media":1965,"comment_status":"open","ping_status":"closed","template":"","meta":[],"product_brand":[532],"product_cat":[337,318,328],"product_tag":[97],"class_list":{"0":"post-5454","1":"product","2":"type-product","3":"status-publish","4":"has-post-thumbnail","6":"product_brand-hidronatura","7":"product_cat-productos","8":"product_cat-salud","9":"product_cat-suplementos-naturales","10":"product_tag-clorofila","12":"first","13":"outofstock","14":"shipping-taxable","15":"purchasable","16":"product-type-simple"},"_links":{"self":[{"href":"https:\/\/modest-napier.216-250-124-103.plesk.page\/index.php\/wp-json\/wp\/v2\/product\/5454","targetHints":{"allow":["GET"]}}],"collection":[{"href":"https:\/\/modest-napier.216-250-124-103.plesk.page\/index.php\/wp-json\/wp\/v2\/product"}],"about":[{"href":"https:\/\/modest-napier.216-250-124-103.plesk.page\/index.php\/wp-json\/wp\/v2\/types\/product"}],"replies":[{"embeddable":true,"href":"https:\/\/modest-napier.216-250-124-103.plesk.page\/index.php\/wp-json\/wp\/v2\/comments?post=5454"}],"wp:featuredmedia":[{"embeddable":true,"href":"https:\/\/modest-napier.216-250-124-103.plesk.page\/index.php\/wp-json\/wp\/v2\/media\/1965"}],"wp:attachment":[{"href":"https:\/\/modest-napier.216-250-124-103.plesk.page\/index.php\/wp-json\/wp\/v2\/media?parent=5454"}],"wp:term":[{"taxonomy":"product_brand","embeddable":true,"href":"https:\/\/modest-napier.216-250-124-103.plesk.page\/index.php\/wp-json\/wp\/v2\/product_brand?post=5454"},{"taxonomy":"product_cat","embeddable":true,"href":"https:\/\/modest-napier.216-250-124-103.plesk.page\/index.php\/wp-json\/wp\/v2\/product_cat?post=5454"},{"taxonomy":"product_tag","embeddable":true,"href":"https:\/\/modest-napier.216-250-124-103.plesk.page\/index.php\/wp-json\/wp\/v2\/product_tag?post=5454"}],"curies":[{"name":"wp","href":"https:\/\/api.w.org\/{rel}","templated":true}]}}