{"id":5457,"date":"2025-09-24T19:35:50","date_gmt":"2025-09-24T19:35:50","guid":{"rendered":"https:\/\/modest-napier.216-250-124-103.plesk.page\/index.php\/producto\/clorofila-mix-1-1kg-supra-naturaeliminado\/"},"modified":"2025-09-24T19:35:51","modified_gmt":"2025-09-24T19:35:51","slug":"clorofila-mix-1-1kg-supra-naturaeliminado","status":"publish","type":"product","link":"https:\/\/modest-napier.216-250-124-103.plesk.page\/index.php\/producto\/clorofila-mix-1-1kg-supra-naturaeliminado\/","title":{"rendered":"CLOROFILA MIX 1.1KG SUPRA NATURA(ELIMINADO)"},"content":{"rendered":"<p data-mce-fragment=\"1\"><strong data-mce-fragment=\"1\">Descripci\u00f3n:<\/strong><\/p>\n<p data-mce-fragment=\"1\"><span>Tratamiento para la artritis.<\/span><br \/><span>Desintoxicaci\u00f3n del organismo.<\/span><br \/><span>Facilita la digesti\u00f3n.<\/span><br \/><span>Mejora el sue\u00f1o.<\/span><br \/><span>Mejora la salud bucal.<\/span><br \/><span>Fortalecimiento de los huesos.<\/span><br \/><span>Oxigena la sangre.<\/span><br \/><span>Mejora el rendimiento f\u00edsico porque favorece la tonificaci\u00f3n y la relajaci\u00f3n muscular.<\/span><br \/><span>Disminuye los triglic\u00e9ridos y los niveles de colesterol.<\/span><br \/><span>Contribuye a conservar y mejorar la memoria.<\/span><\/p>\n<p data-mce-fragment=\"1\"><strong data-mce-fragment=\"1\">Modo de uso:<\/strong><\/p>\n<p data-mce-fragment=\"1\"><span>Disolver 2 cucharadas de SUPRA Clorofila Mix en un vaso con agua o jugo de su preferencia y t\u00f3melo 2 veces al d\u00eda.<\/span><\/p>\n<p data-mce-fragment=\"1\"><strong data-mce-fragment=\"1\">Contenido:<\/strong><\/p>\n<p data-mce-fragment=\"1\">1.100 KG<\/p>\n","protected":false},"excerpt":{"rendered":"<p>Descripci\u00f3n: Tratamiento para la artritis.Desintoxicaci\u00f3n del organismo.Facilita la digesti\u00f3n.Mejora el sue\u00f1o.Mejora la salud bucal.Fortalecimiento de los huesos.Oxigena la sangre.Mejora el rendimiento f\u00edsico porque favorece la tonificaci\u00f3n y la relajaci\u00f3n muscular.Disminuye [&hellip;]<\/p>\n","protected":false},"featured_media":1968,"comment_status":"open","ping_status":"closed","template":"","meta":[],"product_brand":[],"product_cat":[337,318],"product_tag":[],"class_list":{"0":"post-5457","1":"product","2":"type-product","3":"status-publish","4":"has-post-thumbnail","6":"product_cat-productos","7":"product_cat-salud","9":"first","10":"outofstock","11":"shipping-taxable","12":"purchasable","13":"product-type-simple"},"_links":{"self":[{"href":"https:\/\/modest-napier.216-250-124-103.plesk.page\/index.php\/wp-json\/wp\/v2\/product\/5457","targetHints":{"allow":["GET"]}}],"collection":[{"href":"https:\/\/modest-napier.216-250-124-103.plesk.page\/index.php\/wp-json\/wp\/v2\/product"}],"about":[{"href":"https:\/\/modest-napier.216-250-124-103.plesk.page\/index.php\/wp-json\/wp\/v2\/types\/product"}],"replies":[{"embeddable":true,"href":"https:\/\/modest-napier.216-250-124-103.plesk.page\/index.php\/wp-json\/wp\/v2\/comments?post=5457"}],"wp:featuredmedia":[{"embeddable":true,"href":"https:\/\/modest-napier.216-250-124-103.plesk.page\/index.php\/wp-json\/wp\/v2\/media\/1968"}],"wp:attachment":[{"href":"https:\/\/modest-napier.216-250-124-103.plesk.page\/index.php\/wp-json\/wp\/v2\/media?parent=5457"}],"wp:term":[{"taxonomy":"product_brand","embeddable":true,"href":"https:\/\/modest-napier.216-250-124-103.plesk.page\/index.php\/wp-json\/wp\/v2\/product_brand?post=5457"},{"taxonomy":"product_cat","embeddable":true,"href":"https:\/\/modest-napier.216-250-124-103.plesk.page\/index.php\/wp-json\/wp\/v2\/product_cat?post=5457"},{"taxonomy":"product_tag","embeddable":true,"href":"https:\/\/modest-napier.216-250-124-103.plesk.page\/index.php\/wp-json\/wp\/v2\/product_tag?post=5457"}],"curies":[{"name":"wp","href":"https:\/\/api.w.org\/{rel}","templated":true}]}}