{"id":5458,"date":"2025-09-24T19:35:51","date_gmt":"2025-09-24T19:35:51","guid":{"rendered":"https:\/\/modest-napier.216-250-124-103.plesk.page\/index.php\/producto\/clorofila-reforzada-te-limon-cbn-nolisan-500-ml\/"},"modified":"2025-09-24T20:45:06","modified_gmt":"2025-09-24T20:45:06","slug":"clorofila-reforzada-con-cbn-nolisan-500-ml","status":"publish","type":"product","link":"https:\/\/modest-napier.216-250-124-103.plesk.page\/index.php\/producto\/clorofila-reforzada-con-cbn-nolisan-500-ml\/","title":{"rendered":"CBN Clorofila Reforzada T\u00e9 Lim\u00f3n 500 ml Nolisan"},"content":{"rendered":"<p data-mce-fragment=\"1\"><strong data-mce-fragment=\"1\">Descripci\u00f3n:<\/strong><\/p>\n<p>La <strong>clorofila reforzada con t\u00e9 lim\u00f3n<\/strong> tiene los siguientes beneficios:<\/p>\n<ul>\n<li>Limpia el cuerpo (sangre, h\u00edgado).<\/li>\n<li>Acelera actividad celular, estimulando al organismo para cicatrizar y reconstruir tejido.<\/li>\n<li>Beneficia la flora intestinal.<\/li>\n<li>Eleva el nivel de energ\u00eda.<\/li>\n<li>Fuente rica en nutrientes como calcio hierro y magnesio.<\/li>\n<li>Detiene el crecimiento y desarrollo de bacterias y elimina las toxinas del cuerpo.<\/li>\n<li>Inhibe la acumulaci\u00f3n de plomo en los huesos.<\/li>\n<li>Desodoriza todo el cuerpo incluyendo los intestinos.<\/li>\n<li>Estimula el sistema inmunol\u00f3gico, circulatorio, digestivo, reproductivo y respiratorio.<\/li>\n<li>Incrementa los niveles de oxigeno en la sangre.<\/li>\n<li>Es Anticancer\u00edgena.<\/li>\n<\/ul>\n<p data-mce-fragment=\"1\"><span data-mce-fragment=\"1\"><\/span><span data-mce-fragment=\"1\"><\/span><strong data-mce-fragment=\"1\">Modo de uso:<\/strong><\/p>\n<p data-mce-fragment=\"1\"><span>1 porci\u00f3n\u00a0de 5ml diluida en un vaso de agua (240ml) 3 veces al d\u00eda.<\/span><\/p>\n<p data-mce-fragment=\"1\"><span data-mce-fragment=\"1\"><\/span><span data-mce-fragment=\"1\"><\/span><strong data-mce-fragment=\"1\">Contenido:<\/strong><\/p>\n<p data-mce-fragment=\"1\">500 ml.<\/p>\n","protected":false},"excerpt":{"rendered":"<p>Descripci\u00f3n: La clorofila reforzada con t\u00e9 lim\u00f3n tiene los siguientes beneficios: Limpia el cuerpo (sangre, h\u00edgado). Acelera actividad celular, estimulando al organismo para cicatrizar y reconstruir tejido. Beneficia la flora [&hellip;]<\/p>\n","protected":false},"featured_media":1969,"comment_status":"open","ping_status":"closed","template":"","meta":[],"product_brand":[368],"product_cat":[337,318,328],"product_tag":[97],"class_list":{"0":"post-5458","1":"product","2":"type-product","3":"status-publish","4":"has-post-thumbnail","6":"product_brand-nolisan","7":"product_cat-productos","8":"product_cat-salud","9":"product_cat-suplementos-naturales","10":"product_tag-clorofila","12":"first","13":"instock","14":"shipping-taxable","15":"purchasable","16":"product-type-simple"},"_links":{"self":[{"href":"https:\/\/modest-napier.216-250-124-103.plesk.page\/index.php\/wp-json\/wp\/v2\/product\/5458","targetHints":{"allow":["GET"]}}],"collection":[{"href":"https:\/\/modest-napier.216-250-124-103.plesk.page\/index.php\/wp-json\/wp\/v2\/product"}],"about":[{"href":"https:\/\/modest-napier.216-250-124-103.plesk.page\/index.php\/wp-json\/wp\/v2\/types\/product"}],"replies":[{"embeddable":true,"href":"https:\/\/modest-napier.216-250-124-103.plesk.page\/index.php\/wp-json\/wp\/v2\/comments?post=5458"}],"wp:featuredmedia":[{"embeddable":true,"href":"https:\/\/modest-napier.216-250-124-103.plesk.page\/index.php\/wp-json\/wp\/v2\/media\/1969"}],"wp:attachment":[{"href":"https:\/\/modest-napier.216-250-124-103.plesk.page\/index.php\/wp-json\/wp\/v2\/media?parent=5458"}],"wp:term":[{"taxonomy":"product_brand","embeddable":true,"href":"https:\/\/modest-napier.216-250-124-103.plesk.page\/index.php\/wp-json\/wp\/v2\/product_brand?post=5458"},{"taxonomy":"product_cat","embeddable":true,"href":"https:\/\/modest-napier.216-250-124-103.plesk.page\/index.php\/wp-json\/wp\/v2\/product_cat?post=5458"},{"taxonomy":"product_tag","embeddable":true,"href":"https:\/\/modest-napier.216-250-124-103.plesk.page\/index.php\/wp-json\/wp\/v2\/product_tag?post=5458"}],"curies":[{"name":"wp","href":"https:\/\/api.w.org\/{rel}","templated":true}]}}