{"id":5460,"date":"2025-09-24T19:35:53","date_gmt":"2025-09-24T19:35:53","guid":{"rendered":"https:\/\/modest-napier.216-250-124-103.plesk.page\/index.php\/producto\/colageno-hidrolizado-frutos-rojos-1-100-kg-ypenza\/"},"modified":"2025-09-24T20:43:34","modified_gmt":"2025-09-24T20:43:34","slug":"colageno-hidrolizado-frutos-rojos-ypenza","status":"publish","type":"product","link":"https:\/\/modest-napier.216-250-124-103.plesk.page\/index.php\/producto\/colageno-hidrolizado-frutos-rojos-ypenza\/","title":{"rendered":"Col\u00e1geno Hidrolizado Frutos Rojos 1.1 kg Ypenza"},"content":{"rendered":"<p><strong>Descripci\u00f3n:<\/strong><br data-mce-fragment=\"1\">Ayuda a mantener en buen estado la piel, el cabello, la u\u00f1as, manteniendo su elasticidad e hidrataci\u00f3n, as\u00ed previene arrugas y sequedad. Fotalece las articulaciones, tendones y ligamentos, previene la osteoporosis.<\/p>\n<p><strong>Modo de uso:<\/strong><br data-mce-fragment=\"1\">Mezclar de 2 a 3 cucharadas en un vaso con agua una vez al d\u00eda.<\/p>\n<p><strong>Contenido:<\/strong><br data-mce-fragment=\"1\">1.1 kg.<\/p>\n","protected":false},"excerpt":{"rendered":"<p>Descripci\u00f3n:Ayuda a mantener en buen estado la piel, el cabello, la u\u00f1as, manteniendo su elasticidad e hidrataci\u00f3n, as\u00ed previene arrugas y sequedad. Fotalece las articulaciones, tendones y ligamentos, previene la [&hellip;]<\/p>\n","protected":false},"featured_media":1972,"comment_status":"open","ping_status":"closed","template":"","meta":[],"product_brand":[414],"product_cat":[308,337,318],"product_tag":[77],"class_list":{"0":"post-5460","1":"product","2":"type-product","3":"status-publish","4":"has-post-thumbnail","6":"product_brand-ypenza","7":"product_cat-nutricion","8":"product_cat-productos","9":"product_cat-salud","10":"product_tag-colageno","12":"first","13":"instock","14":"shipping-taxable","15":"purchasable","16":"product-type-simple"},"_links":{"self":[{"href":"https:\/\/modest-napier.216-250-124-103.plesk.page\/index.php\/wp-json\/wp\/v2\/product\/5460","targetHints":{"allow":["GET"]}}],"collection":[{"href":"https:\/\/modest-napier.216-250-124-103.plesk.page\/index.php\/wp-json\/wp\/v2\/product"}],"about":[{"href":"https:\/\/modest-napier.216-250-124-103.plesk.page\/index.php\/wp-json\/wp\/v2\/types\/product"}],"replies":[{"embeddable":true,"href":"https:\/\/modest-napier.216-250-124-103.plesk.page\/index.php\/wp-json\/wp\/v2\/comments?post=5460"}],"wp:featuredmedia":[{"embeddable":true,"href":"https:\/\/modest-napier.216-250-124-103.plesk.page\/index.php\/wp-json\/wp\/v2\/media\/1972"}],"wp:attachment":[{"href":"https:\/\/modest-napier.216-250-124-103.plesk.page\/index.php\/wp-json\/wp\/v2\/media?parent=5460"}],"wp:term":[{"taxonomy":"product_brand","embeddable":true,"href":"https:\/\/modest-napier.216-250-124-103.plesk.page\/index.php\/wp-json\/wp\/v2\/product_brand?post=5460"},{"taxonomy":"product_cat","embeddable":true,"href":"https:\/\/modest-napier.216-250-124-103.plesk.page\/index.php\/wp-json\/wp\/v2\/product_cat?post=5460"},{"taxonomy":"product_tag","embeddable":true,"href":"https:\/\/modest-napier.216-250-124-103.plesk.page\/index.php\/wp-json\/wp\/v2\/product_tag?post=5460"}],"curies":[{"name":"wp","href":"https:\/\/api.w.org\/{rel}","templated":true}]}}