{"id":5461,"date":"2025-09-24T19:35:54","date_gmt":"2025-09-24T19:35:54","guid":{"rendered":"https:\/\/modest-napier.216-250-124-103.plesk.page\/index.php\/producto\/colageno-hidrolizado-limon-1-100-gr-ypenza\/"},"modified":"2025-09-24T20:47:45","modified_gmt":"2025-09-24T20:47:45","slug":"colageno-hidrolizado-limon-1-100-gr-ypenza","status":"publish","type":"product","link":"https:\/\/modest-napier.216-250-124-103.plesk.page\/index.php\/producto\/colageno-hidrolizado-limon-1-100-gr-ypenza\/","title":{"rendered":"Col\u00e1geno Hidrolizado Lim\u00f3n 1.1k Ypenza"},"content":{"rendered":"<p data-mce-fragment=\"1\"><strong data-mce-fragment=\"1\">Descripci\u00f3n:<\/strong><\/p>\n<p data-mce-fragment=\"1\">Previene y mitiga los s\u00edntomas de la osteoporsis, previene y retarda la aparici\u00f3n de arrugas, l\u00edneas de expresi\u00f3n y celulitis, tonifica las articulaciones, tendones y ligamentos, controla la presi\u00f3n arterial y previene la aparici\u00f3n de \u00falceras g\u00e1stricas.<\/p>\n<p data-mce-fragment=\"1\"><strong data-mce-fragment=\"1\">Modo de uso:<\/strong><\/p>\n<p data-mce-fragment=\"1\">Disuelva 2 cucharadas en medio vaso de agua o jugo de naranja y t\u00f3mese 2 veces al d\u00eda, una vez preparada la mezcla cons\u00famase inmediatamente.<\/p>\n<p data-mce-fragment=\"1\"><strong data-mce-fragment=\"1\">Contenido:<\/strong><\/p>\n<p data-mce-fragment=\"1\">1.100 kg.<\/p>\n","protected":false},"excerpt":{"rendered":"<p>Descripci\u00f3n: Previene y mitiga los s\u00edntomas de la osteoporsis, previene y retarda la aparici\u00f3n de arrugas, l\u00edneas de expresi\u00f3n y celulitis, tonifica las articulaciones, tendones y ligamentos, controla la presi\u00f3n [&hellip;]<\/p>\n","protected":false},"featured_media":1973,"comment_status":"open","ping_status":"closed","template":"","meta":[],"product_brand":[414],"product_cat":[299,308,337],"product_tag":[77],"class_list":{"0":"post-5461","1":"product","2":"type-product","3":"status-publish","4":"has-post-thumbnail","6":"product_brand-ypenza","7":"product_cat-fortalecimiento-de-los-huesos","8":"product_cat-nutricion","9":"product_cat-productos","10":"product_tag-colageno","12":"first","13":"instock","14":"shipping-taxable","15":"purchasable","16":"product-type-simple"},"_links":{"self":[{"href":"https:\/\/modest-napier.216-250-124-103.plesk.page\/index.php\/wp-json\/wp\/v2\/product\/5461","targetHints":{"allow":["GET"]}}],"collection":[{"href":"https:\/\/modest-napier.216-250-124-103.plesk.page\/index.php\/wp-json\/wp\/v2\/product"}],"about":[{"href":"https:\/\/modest-napier.216-250-124-103.plesk.page\/index.php\/wp-json\/wp\/v2\/types\/product"}],"replies":[{"embeddable":true,"href":"https:\/\/modest-napier.216-250-124-103.plesk.page\/index.php\/wp-json\/wp\/v2\/comments?post=5461"}],"wp:featuredmedia":[{"embeddable":true,"href":"https:\/\/modest-napier.216-250-124-103.plesk.page\/index.php\/wp-json\/wp\/v2\/media\/1973"}],"wp:attachment":[{"href":"https:\/\/modest-napier.216-250-124-103.plesk.page\/index.php\/wp-json\/wp\/v2\/media?parent=5461"}],"wp:term":[{"taxonomy":"product_brand","embeddable":true,"href":"https:\/\/modest-napier.216-250-124-103.plesk.page\/index.php\/wp-json\/wp\/v2\/product_brand?post=5461"},{"taxonomy":"product_cat","embeddable":true,"href":"https:\/\/modest-napier.216-250-124-103.plesk.page\/index.php\/wp-json\/wp\/v2\/product_cat?post=5461"},{"taxonomy":"product_tag","embeddable":true,"href":"https:\/\/modest-napier.216-250-124-103.plesk.page\/index.php\/wp-json\/wp\/v2\/product_tag?post=5461"}],"curies":[{"name":"wp","href":"https:\/\/api.w.org\/{rel}","templated":true}]}}