{"id":5464,"date":"2025-09-24T19:36:03","date_gmt":"2025-09-24T19:36:03","guid":{"rendered":"https:\/\/modest-napier.216-250-124-103.plesk.page\/index.php\/producto\/colageno-hidrolizado-uva-1-100-kg-ypenza\/"},"modified":"2025-09-24T20:47:44","modified_gmt":"2025-09-24T20:47:44","slug":"colageno-hidrolizado-uva-1-100-kg-ypenza","status":"publish","type":"product","link":"https:\/\/modest-napier.216-250-124-103.plesk.page\/index.php\/producto\/colageno-hidrolizado-uva-1-100-kg-ypenza\/","title":{"rendered":"Col\u00e1geno Hidrolizado Uva 1.1 kg Ypenza"},"content":{"rendered":"<p>El\u00a0<strong>Col\u00e1geno Hidrolizado Ypenza<\/strong> <span>\u00a0<\/span>previene y mitiga los s\u00edntomas de la osteoporosis, adem\u00e1s de retardar la aparici\u00f3n de arrugas, l\u00edneas de expresi\u00f3n y celulitis, tonifica las articulaciones, tendones y ligamentos. Mejora el aspecto de la piel y fortalece u\u00f1as, huesos y cabello.\u00a0<\/p>\n","protected":false},"excerpt":{"rendered":"<p>El\u00a0Col\u00e1geno Hidrolizado Ypenza \u00a0previene y mitiga los s\u00edntomas de la osteoporosis, adem\u00e1s de retardar la aparici\u00f3n de arrugas, l\u00edneas de expresi\u00f3n y celulitis, tonifica las articulaciones, tendones y ligamentos. Mejora [&hellip;]<\/p>\n","protected":false},"featured_media":1977,"comment_status":"open","ping_status":"closed","template":"","meta":[],"product_brand":[414],"product_cat":[299,308,337],"product_tag":[77],"class_list":{"0":"post-5464","1":"product","2":"type-product","3":"status-publish","4":"has-post-thumbnail","6":"product_brand-ypenza","7":"product_cat-fortalecimiento-de-los-huesos","8":"product_cat-nutricion","9":"product_cat-productos","10":"product_tag-colageno","12":"first","13":"instock","14":"shipping-taxable","15":"purchasable","16":"product-type-simple"},"_links":{"self":[{"href":"https:\/\/modest-napier.216-250-124-103.plesk.page\/index.php\/wp-json\/wp\/v2\/product\/5464","targetHints":{"allow":["GET"]}}],"collection":[{"href":"https:\/\/modest-napier.216-250-124-103.plesk.page\/index.php\/wp-json\/wp\/v2\/product"}],"about":[{"href":"https:\/\/modest-napier.216-250-124-103.plesk.page\/index.php\/wp-json\/wp\/v2\/types\/product"}],"replies":[{"embeddable":true,"href":"https:\/\/modest-napier.216-250-124-103.plesk.page\/index.php\/wp-json\/wp\/v2\/comments?post=5464"}],"wp:featuredmedia":[{"embeddable":true,"href":"https:\/\/modest-napier.216-250-124-103.plesk.page\/index.php\/wp-json\/wp\/v2\/media\/1977"}],"wp:attachment":[{"href":"https:\/\/modest-napier.216-250-124-103.plesk.page\/index.php\/wp-json\/wp\/v2\/media?parent=5464"}],"wp:term":[{"taxonomy":"product_brand","embeddable":true,"href":"https:\/\/modest-napier.216-250-124-103.plesk.page\/index.php\/wp-json\/wp\/v2\/product_brand?post=5464"},{"taxonomy":"product_cat","embeddable":true,"href":"https:\/\/modest-napier.216-250-124-103.plesk.page\/index.php\/wp-json\/wp\/v2\/product_cat?post=5464"},{"taxonomy":"product_tag","embeddable":true,"href":"https:\/\/modest-napier.216-250-124-103.plesk.page\/index.php\/wp-json\/wp\/v2\/product_tag?post=5464"}],"curies":[{"name":"wp","href":"https:\/\/api.w.org\/{rel}","templated":true}]}}