{"id":5466,"date":"2025-09-24T19:36:05","date_gmt":"2025-09-24T19:36:05","guid":{"rendered":"https:\/\/modest-napier.216-250-124-103.plesk.page\/index.php\/producto\/colageno-puro-200-gr-nolisan\/"},"modified":"2025-09-24T20:47:44","modified_gmt":"2025-09-24T20:47:44","slug":"colageno-puro-200-gr-nolisan","status":"publish","type":"product","link":"https:\/\/modest-napier.216-250-124-103.plesk.page\/index.php\/producto\/colageno-puro-200-gr-nolisan\/","title":{"rendered":"Col\u00e1geno Hidrolizado 100% Puro 200 g Nolisan"},"content":{"rendered":"<p data-mce-fragment=\"1\"><strong data-mce-fragment=\"1\">Descripci\u00f3n:<\/strong><\/p>\n<p data-mce-fragment=\"1\"><span data-mce-fragment=\"1\">El\u00a0<\/span><strong data-mce-fragment=\"1\">col\u00e1geno\u00a0hidrolizado 100% puro<\/strong><span data-mce-fragment=\"1\">\u00a0p<\/span>reviene y mitiga los s\u00edntomas de la osteoporsis, previene y retarda la aparici\u00f3n de arrugas, l\u00edneas de expresi\u00f3n y celulitis, tonifica las articulaciones, tendones y ligamentos, controla la presi\u00f3n arterial y previene la aparici\u00f3n de \u00falceras g\u00e1stricas.<\/p>\n<p data-mce-fragment=\"1\"><strong data-mce-fragment=\"1\">Modo de uso:<\/strong><\/p>\n<p>Tomar 1 cucharada (10grs) en un vaso de agua y cons\u00famala, se recomienda 1 dosis por d\u00eda esta puede ser en ayunas o despu\u00e9s de comer.<\/p>\n<p data-mce-fragment=\"1\"><strong data-mce-fragment=\"1\">Contenido:<\/strong><\/p>\n<p data-mce-fragment=\"1\">200 g.<\/p>\n","protected":false},"excerpt":{"rendered":"<p>Descripci\u00f3n: El\u00a0col\u00e1geno\u00a0hidrolizado 100% puro\u00a0previene y mitiga los s\u00edntomas de la osteoporsis, previene y retarda la aparici\u00f3n de arrugas, l\u00edneas de expresi\u00f3n y celulitis, tonifica las articulaciones, tendones y ligamentos, controla [&hellip;]<\/p>\n","protected":false},"featured_media":1979,"comment_status":"open","ping_status":"closed","template":"","meta":[],"product_brand":[368],"product_cat":[308,337],"product_tag":[77],"class_list":{"0":"post-5466","1":"product","2":"type-product","3":"status-publish","4":"has-post-thumbnail","6":"product_brand-nolisan","7":"product_cat-nutricion","8":"product_cat-productos","9":"product_tag-colageno","11":"first","12":"instock","13":"shipping-taxable","14":"purchasable","15":"product-type-simple"},"_links":{"self":[{"href":"https:\/\/modest-napier.216-250-124-103.plesk.page\/index.php\/wp-json\/wp\/v2\/product\/5466","targetHints":{"allow":["GET"]}}],"collection":[{"href":"https:\/\/modest-napier.216-250-124-103.plesk.page\/index.php\/wp-json\/wp\/v2\/product"}],"about":[{"href":"https:\/\/modest-napier.216-250-124-103.plesk.page\/index.php\/wp-json\/wp\/v2\/types\/product"}],"replies":[{"embeddable":true,"href":"https:\/\/modest-napier.216-250-124-103.plesk.page\/index.php\/wp-json\/wp\/v2\/comments?post=5466"}],"wp:featuredmedia":[{"embeddable":true,"href":"https:\/\/modest-napier.216-250-124-103.plesk.page\/index.php\/wp-json\/wp\/v2\/media\/1979"}],"wp:attachment":[{"href":"https:\/\/modest-napier.216-250-124-103.plesk.page\/index.php\/wp-json\/wp\/v2\/media?parent=5466"}],"wp:term":[{"taxonomy":"product_brand","embeddable":true,"href":"https:\/\/modest-napier.216-250-124-103.plesk.page\/index.php\/wp-json\/wp\/v2\/product_brand?post=5466"},{"taxonomy":"product_cat","embeddable":true,"href":"https:\/\/modest-napier.216-250-124-103.plesk.page\/index.php\/wp-json\/wp\/v2\/product_cat?post=5466"},{"taxonomy":"product_tag","embeddable":true,"href":"https:\/\/modest-napier.216-250-124-103.plesk.page\/index.php\/wp-json\/wp\/v2\/product_tag?post=5466"}],"curies":[{"name":"wp","href":"https:\/\/api.w.org\/{rel}","templated":true}]}}