{"id":5468,"date":"2025-09-24T19:36:08","date_gmt":"2025-09-24T19:36:08","guid":{"rendered":"https:\/\/modest-napier.216-250-124-103.plesk.page\/index.php\/producto\/colageno-supra-cll-manzana-verde-1-100-kg-supra-naturaeliminado\/"},"modified":"2025-09-24T19:36:09","modified_gmt":"2025-09-24T19:36:09","slug":"colageno-supra-cll-manzana-verde-1-100-kg-supra-naturaeliminado","status":"publish","type":"product","link":"https:\/\/modest-napier.216-250-124-103.plesk.page\/index.php\/producto\/colageno-supra-cll-manzana-verde-1-100-kg-supra-naturaeliminado\/","title":{"rendered":"COLAGENO SUPRA CLL MANZANA VERDE 1.100 KG SUPRA NATURA(ELIMINADO)"},"content":{"rendered":"<p data-mce-fragment=\"1\">Previene y mitiga los s\u00edntomas de la osteoporsis, previene y retarda la aparici\u00f3n de arrugas, l\u00edneas de expresi\u00f3n y celulitis, tonifica las articulaciones, tendones y ligamentos, controla la presi\u00f3n arterial y previene la aparici\u00f3n de \u00falceras g\u00e1stricas.<strong data-mce-fragment=\"1\"><\/strong><\/p>\n<p data-mce-fragment=\"1\"><\/p>\n","protected":false},"excerpt":{"rendered":"<p>Previene y mitiga los s\u00edntomas de la osteoporsis, previene y retarda la aparici\u00f3n de arrugas, l\u00edneas de expresi\u00f3n y celulitis, tonifica las articulaciones, tendones y ligamentos, controla la presi\u00f3n arterial [&hellip;]<\/p>\n","protected":false},"featured_media":1981,"comment_status":"open","ping_status":"closed","template":"","meta":[],"product_brand":[],"product_cat":[308,337],"product_tag":[],"class_list":{"0":"post-5468","1":"product","2":"type-product","3":"status-publish","4":"has-post-thumbnail","6":"product_cat-nutricion","7":"product_cat-productos","9":"first","10":"outofstock","11":"shipping-taxable","12":"purchasable","13":"product-type-simple"},"_links":{"self":[{"href":"https:\/\/modest-napier.216-250-124-103.plesk.page\/index.php\/wp-json\/wp\/v2\/product\/5468","targetHints":{"allow":["GET"]}}],"collection":[{"href":"https:\/\/modest-napier.216-250-124-103.plesk.page\/index.php\/wp-json\/wp\/v2\/product"}],"about":[{"href":"https:\/\/modest-napier.216-250-124-103.plesk.page\/index.php\/wp-json\/wp\/v2\/types\/product"}],"replies":[{"embeddable":true,"href":"https:\/\/modest-napier.216-250-124-103.plesk.page\/index.php\/wp-json\/wp\/v2\/comments?post=5468"}],"wp:featuredmedia":[{"embeddable":true,"href":"https:\/\/modest-napier.216-250-124-103.plesk.page\/index.php\/wp-json\/wp\/v2\/media\/1981"}],"wp:attachment":[{"href":"https:\/\/modest-napier.216-250-124-103.plesk.page\/index.php\/wp-json\/wp\/v2\/media?parent=5468"}],"wp:term":[{"taxonomy":"product_brand","embeddable":true,"href":"https:\/\/modest-napier.216-250-124-103.plesk.page\/index.php\/wp-json\/wp\/v2\/product_brand?post=5468"},{"taxonomy":"product_cat","embeddable":true,"href":"https:\/\/modest-napier.216-250-124-103.plesk.page\/index.php\/wp-json\/wp\/v2\/product_cat?post=5468"},{"taxonomy":"product_tag","embeddable":true,"href":"https:\/\/modest-napier.216-250-124-103.plesk.page\/index.php\/wp-json\/wp\/v2\/product_tag?post=5468"}],"curies":[{"name":"wp","href":"https:\/\/api.w.org\/{rel}","templated":true}]}}