{"id":5469,"date":"2025-09-24T19:36:09","date_gmt":"2025-09-24T19:36:09","guid":{"rendered":"https:\/\/modest-napier.216-250-124-103.plesk.page\/index.php\/producto\/compuesto-herbal-premium-rompe-piedras-c-1-lt-alexyessy-natural\/"},"modified":"2025-09-24T20:43:33","modified_gmt":"2025-09-24T20:43:33","slug":"rompe-piedras-alexyessy-natural","status":"publish","type":"product","link":"https:\/\/modest-napier.216-250-124-103.plesk.page\/index.php\/producto\/rompe-piedras-alexyessy-natural\/","title":{"rendered":"Compuesto Herbal Rompe Piedras 1 litro Alexyessy Natural"},"content":{"rendered":"<style type=\"text\/css\"><!--\ntd {border: 1px solid #cccccc;}br {mso-data-placement:same-cell;}\n--><\/style>\n<p><span data-sheets-userformat='{\"2\":15297,\"3\":{\"1\":0},\"9\":1,\"10\":0,\"11\":4,\"12\":0,\"14\":{\"1\":2,\"2\":2173750},\"15\":\"Arial\",\"16\":7}' data-sheets-value='{\"1\":2,\"2\":\"Descripci\u00f3n:nAyuda a eliminar y controlar la formacionde piedras en los ri\u00f1ones y vesicula, actua como diuretico previniendo infecciones en el tracto urinario.nModo de uso:nTomar 10 ml 3 veces al dia .nnContenido:n 1000  ml.\"}' data-sheets-root=\"1\"><strong>Descripci\u00f3n:<\/strong><br \/>Ayuda a eliminar y controlar la formaci\u00f3n de piedras en los ri\u00f1ones y ves\u00edcula, act\u00faa como diur\u00e9tico previniendo infecciones en el tracto urinario.<\/span><\/p>\n<p><span data-sheets-userformat='{\"2\":15297,\"3\":{\"1\":0},\"9\":1,\"10\":0,\"11\":4,\"12\":0,\"14\":{\"1\":2,\"2\":2173750},\"15\":\"Arial\",\"16\":7}' data-sheets-value='{\"1\":2,\"2\":\"Descripci\u00f3n:nAyuda a eliminar y controlar la formacionde piedras en los ri\u00f1ones y vesicula, actua como diuretico previniendo infecciones en el tracto urinario.nModo de uso:nTomar 10 ml 3 veces al dia .nnContenido:n 1000  ml.\"}' data-sheets-root=\"1\"><strong>Modo de uso:<\/strong><br \/>Tomar 10 ml 3 veces al d\u00eda.<\/span><\/p>\n<p><span data-sheets-userformat='{\"2\":15297,\"3\":{\"1\":0},\"9\":1,\"10\":0,\"11\":4,\"12\":0,\"14\":{\"1\":2,\"2\":2173750},\"15\":\"Arial\",\"16\":7}' data-sheets-value='{\"1\":2,\"2\":\"Descripci\u00f3n:nAyuda a eliminar y controlar la formacionde piedras en los ri\u00f1ones y vesicula, actua como diuretico previniendo infecciones en el tracto urinario.nModo de uso:nTomar 10 ml 3 veces al dia .nnContenido:n 1000  ml.\"}' data-sheets-root=\"1\"><strong>Contenido:<\/strong><br \/> 1000 ml.<\/span><\/p>\n","protected":false},"excerpt":{"rendered":"<p>Descripci\u00f3n:Ayuda a eliminar y controlar la formaci\u00f3n de piedras en los ri\u00f1ones y ves\u00edcula, act\u00faa como diur\u00e9tico previniendo infecciones en el tracto urinario. Modo de uso:Tomar 10 ml 3 veces [&hellip;]<\/p>\n","protected":false},"featured_media":1982,"comment_status":"open","ping_status":"closed","template":"","meta":[],"product_brand":[344],"product_cat":[337,318],"product_tag":[],"class_list":{"0":"post-5469","1":"product","2":"type-product","3":"status-publish","4":"has-post-thumbnail","6":"product_brand-alexyessy-natural","7":"product_cat-productos","8":"product_cat-salud","10":"first","11":"instock","12":"shipping-taxable","13":"purchasable","14":"product-type-simple"},"_links":{"self":[{"href":"https:\/\/modest-napier.216-250-124-103.plesk.page\/index.php\/wp-json\/wp\/v2\/product\/5469","targetHints":{"allow":["GET"]}}],"collection":[{"href":"https:\/\/modest-napier.216-250-124-103.plesk.page\/index.php\/wp-json\/wp\/v2\/product"}],"about":[{"href":"https:\/\/modest-napier.216-250-124-103.plesk.page\/index.php\/wp-json\/wp\/v2\/types\/product"}],"replies":[{"embeddable":true,"href":"https:\/\/modest-napier.216-250-124-103.plesk.page\/index.php\/wp-json\/wp\/v2\/comments?post=5469"}],"wp:featuredmedia":[{"embeddable":true,"href":"https:\/\/modest-napier.216-250-124-103.plesk.page\/index.php\/wp-json\/wp\/v2\/media\/1982"}],"wp:attachment":[{"href":"https:\/\/modest-napier.216-250-124-103.plesk.page\/index.php\/wp-json\/wp\/v2\/media?parent=5469"}],"wp:term":[{"taxonomy":"product_brand","embeddable":true,"href":"https:\/\/modest-napier.216-250-124-103.plesk.page\/index.php\/wp-json\/wp\/v2\/product_brand?post=5469"},{"taxonomy":"product_cat","embeddable":true,"href":"https:\/\/modest-napier.216-250-124-103.plesk.page\/index.php\/wp-json\/wp\/v2\/product_cat?post=5469"},{"taxonomy":"product_tag","embeddable":true,"href":"https:\/\/modest-napier.216-250-124-103.plesk.page\/index.php\/wp-json\/wp\/v2\/product_tag?post=5469"}],"curies":[{"name":"wp","href":"https:\/\/api.w.org\/{rel}","templated":true}]}}