{"id":5474,"date":"2025-09-24T19:36:16","date_gmt":"2025-09-24T19:36:16","guid":{"rendered":"https:\/\/modest-napier.216-250-124-103.plesk.page\/index.php\/producto\/cosmeticos-rimel-maxi-volumen-4-en-1-13-gr-prosa-tapa-morada\/"},"modified":"2025-09-24T20:47:42","modified_gmt":"2025-09-24T20:47:42","slug":"cosmeticos-rimel-maxi-volumen-4-en-1-13-gr-prosa-tapa-morada","status":"publish","type":"product","link":"https:\/\/modest-napier.216-250-124-103.plesk.page\/index.php\/producto\/cosmeticos-rimel-maxi-volumen-4-en-1-13-gr-prosa-tapa-morada\/","title":{"rendered":"M\u00e1scara R\u00edmel 4 en 1 Maxi Volumen 13 g Prosa"},"content":{"rendered":"<p>\u00a1Conoce este R\u00edmel 4 en 1! La <strong>M\u00e1scara Maxi Volumen Prosa 13 g<\/strong> de Prosa\u00a0dejar\u00e1 tus pesta\u00f1as con un negro intenso. Su cepillo ayuda a crear una mayor definici\u00f3n y volumen con pesta\u00f1as m\u00e1s abiertas. \u00a0\u00a0Su f\u00f3rmula tiene un dise\u00f1ado especial de color y textura para que tus pesta\u00f1as luzcan m\u00e1s largas y abundantes, adem\u00e1s es resistente al agua. \u00a1Pesta\u00f1as dram\u00e1ticas, mirada perfecta!<a href=\"#more\"><\/a><\/p>\n","protected":false},"excerpt":{"rendered":"<p>\u00a1Conoce este R\u00edmel 4 en 1! La M\u00e1scara Maxi Volumen Prosa 13 g de Prosa\u00a0dejar\u00e1 tus pesta\u00f1as con un negro intenso. Su cepillo ayuda a crear una mayor definici\u00f3n y [&hellip;]<\/p>\n","protected":false},"featured_media":1987,"comment_status":"open","ping_status":"closed","template":"","meta":[],"product_brand":[475],"product_cat":[289,291,337],"product_tag":[67,44,66,60],"class_list":{"0":"post-5474","1":"product","2":"type-product","3":"status-publish","4":"has-post-thumbnail","6":"product_brand-prosa","7":"product_cat-belleza","8":"product_cat-cosmeticos","9":"product_cat-productos","10":"product_tag-germen-de-trigo","11":"product_tag-hueso-de-mamey","12":"product_tag-jojoba","13":"product_tag-sabila","15":"first","16":"instock","17":"shipping-taxable","18":"purchasable","19":"product-type-simple"},"_links":{"self":[{"href":"https:\/\/modest-napier.216-250-124-103.plesk.page\/index.php\/wp-json\/wp\/v2\/product\/5474","targetHints":{"allow":["GET"]}}],"collection":[{"href":"https:\/\/modest-napier.216-250-124-103.plesk.page\/index.php\/wp-json\/wp\/v2\/product"}],"about":[{"href":"https:\/\/modest-napier.216-250-124-103.plesk.page\/index.php\/wp-json\/wp\/v2\/types\/product"}],"replies":[{"embeddable":true,"href":"https:\/\/modest-napier.216-250-124-103.plesk.page\/index.php\/wp-json\/wp\/v2\/comments?post=5474"}],"wp:featuredmedia":[{"embeddable":true,"href":"https:\/\/modest-napier.216-250-124-103.plesk.page\/index.php\/wp-json\/wp\/v2\/media\/1987"}],"wp:attachment":[{"href":"https:\/\/modest-napier.216-250-124-103.plesk.page\/index.php\/wp-json\/wp\/v2\/media?parent=5474"}],"wp:term":[{"taxonomy":"product_brand","embeddable":true,"href":"https:\/\/modest-napier.216-250-124-103.plesk.page\/index.php\/wp-json\/wp\/v2\/product_brand?post=5474"},{"taxonomy":"product_cat","embeddable":true,"href":"https:\/\/modest-napier.216-250-124-103.plesk.page\/index.php\/wp-json\/wp\/v2\/product_cat?post=5474"},{"taxonomy":"product_tag","embeddable":true,"href":"https:\/\/modest-napier.216-250-124-103.plesk.page\/index.php\/wp-json\/wp\/v2\/product_tag?post=5474"}],"curies":[{"name":"wp","href":"https:\/\/api.w.org\/{rel}","templated":true}]}}