{"id":5476,"date":"2025-09-24T19:36:18","date_gmt":"2025-09-24T19:36:18","guid":{"rendered":"https:\/\/modest-napier.216-250-124-103.plesk.page\/index.php\/producto\/crema-aloe-vera-255-ml-prosa\/"},"modified":"2025-09-24T20:47:42","modified_gmt":"2025-09-24T20:47:42","slug":"crema-aloe-vera-255-ml-prosa","status":"publish","type":"product","link":"https:\/\/modest-napier.216-250-124-103.plesk.page\/index.php\/producto\/crema-aloe-vera-255-ml-prosa\/","title":{"rendered":"Crema humectante de Aloe Vera 255 ml Prosa"},"content":{"rendered":"<p data-mce-fragment=\"1\"><strong data-mce-fragment=\"1\">Descripci\u00f3n:<\/strong><\/p>\n<p style=\"text-align: left;\" data-mce-fragment=\"1\">Prueba esta <strong>crema humectante para manos y cuerpo con aloe vera<\/strong>. Con f\u00f3rmula ligera y de r\u00e1pida absorci\u00f3n. El \u00e1loe vera es capaz de\u00a0regenerar las c\u00e9lulas de la piel, aporta una gran\u00a0hidrataci\u00f3n\u00a0a la piel, tiene\u00a0propiedades anti-bacterianas, por lo que resulta muy \u00fatil en la limpieza de la piel y acaba\u00a0con hongos y virus.<\/p>\n<p style=\"text-align: left;\" data-mce-fragment=\"1\">Refresca, suaviza, previene la descamaci\u00f3n, deja la piel suave y retarda el envejecimiento.\u00a0 \u00a0\u00a0<\/p>\n<p data-mce-fragment=\"1\"><strong data-mce-fragment=\"1\">Modo de uso:<\/strong><\/p>\n<p>Aplicar generosamente sobre el \u00e1rea deseada con un ligero masaje una vez al d\u00eda.<\/p>\n<p data-mce-fragment=\"1\"><strong data-mce-fragment=\"1\">Contenido:<\/strong><\/p>\n<p data-mce-fragment=\"1\">255 ml.<\/p>\n","protected":false},"excerpt":{"rendered":"<p>Descripci\u00f3n: Prueba esta crema humectante para manos y cuerpo con aloe vera. Con f\u00f3rmula ligera y de r\u00e1pida absorci\u00f3n. El \u00e1loe vera es capaz de\u00a0regenerar las c\u00e9lulas de la piel, [&hellip;]<\/p>\n","protected":false},"featured_media":1989,"comment_status":"open","ping_status":"closed","template":"","meta":[],"product_brand":[475],"product_cat":[289,293,337],"product_tag":[60],"class_list":{"0":"post-5476","1":"product","2":"type-product","3":"status-publish","4":"has-post-thumbnail","6":"product_brand-prosa","7":"product_cat-belleza","8":"product_cat-cremas-y-geles-corporales","9":"product_cat-productos","10":"product_tag-sabila","12":"first","13":"outofstock","14":"shipping-taxable","15":"purchasable","16":"product-type-simple"},"_links":{"self":[{"href":"https:\/\/modest-napier.216-250-124-103.plesk.page\/index.php\/wp-json\/wp\/v2\/product\/5476","targetHints":{"allow":["GET"]}}],"collection":[{"href":"https:\/\/modest-napier.216-250-124-103.plesk.page\/index.php\/wp-json\/wp\/v2\/product"}],"about":[{"href":"https:\/\/modest-napier.216-250-124-103.plesk.page\/index.php\/wp-json\/wp\/v2\/types\/product"}],"replies":[{"embeddable":true,"href":"https:\/\/modest-napier.216-250-124-103.plesk.page\/index.php\/wp-json\/wp\/v2\/comments?post=5476"}],"wp:featuredmedia":[{"embeddable":true,"href":"https:\/\/modest-napier.216-250-124-103.plesk.page\/index.php\/wp-json\/wp\/v2\/media\/1989"}],"wp:attachment":[{"href":"https:\/\/modest-napier.216-250-124-103.plesk.page\/index.php\/wp-json\/wp\/v2\/media?parent=5476"}],"wp:term":[{"taxonomy":"product_brand","embeddable":true,"href":"https:\/\/modest-napier.216-250-124-103.plesk.page\/index.php\/wp-json\/wp\/v2\/product_brand?post=5476"},{"taxonomy":"product_cat","embeddable":true,"href":"https:\/\/modest-napier.216-250-124-103.plesk.page\/index.php\/wp-json\/wp\/v2\/product_cat?post=5476"},{"taxonomy":"product_tag","embeddable":true,"href":"https:\/\/modest-napier.216-250-124-103.plesk.page\/index.php\/wp-json\/wp\/v2\/product_tag?post=5476"}],"curies":[{"name":"wp","href":"https:\/\/api.w.org\/{rel}","templated":true}]}}