{"id":5477,"date":"2025-09-24T19:36:20","date_gmt":"2025-09-24T19:36:20","guid":{"rendered":"https:\/\/modest-napier.216-250-124-103.plesk.page\/index.php\/producto\/crema-argan-150-gr-nolisan\/"},"modified":"2025-09-24T20:47:42","modified_gmt":"2025-09-24T20:47:42","slug":"crema-argan-150-gr-nolisan","status":"publish","type":"product","link":"https:\/\/modest-napier.216-250-124-103.plesk.page\/index.php\/producto\/crema-argan-150-gr-nolisan\/","title":{"rendered":"Crema de Arg\u00e1n 150 g Nolisan"},"content":{"rendered":"<p data-mce-fragment=\"1\"><strong data-mce-fragment=\"1\">Descripci\u00f3n:<\/strong><\/p>\n<p>\u00a1Prueba la <strong>crema facial con arg\u00e1n<\/strong>! El arg\u00e1n es rico en vitamina E, vitamina A y contiene una gran cantidad de antioxidantes. Estos ingredientes lo hacen especialmente beneficioso para\u00a0 la piel, ya que tiene propiedades hidratantes. Por esta raz\u00f3n cada vez se utiliza m\u00e1s en cosm\u00e9tica<\/p>\n<p data-mce-fragment=\"1\"><strong data-mce-fragment=\"1\">Modo de uso:<\/strong><\/p>\n<p>Aplicar en forma circular en el \u00e1rea deseada.<\/p>\n<p data-mce-fragment=\"1\"><strong data-mce-fragment=\"1\">Contenido:<\/strong><\/p>\n<p data-mce-fragment=\"1\">150 g.<\/p>\n","protected":false},"excerpt":{"rendered":"<p>Descripci\u00f3n: \u00a1Prueba la crema facial con arg\u00e1n! El arg\u00e1n es rico en vitamina E, vitamina A y contiene una gran cantidad de antioxidantes. Estos ingredientes lo hacen especialmente beneficioso para\u00a0 [&hellip;]<\/p>\n","protected":false},"featured_media":1990,"comment_status":"open","ping_status":"closed","template":"","meta":[],"product_brand":[368],"product_cat":[289,292,337],"product_tag":[27],"class_list":{"0":"post-5477","1":"product","2":"type-product","3":"status-publish","4":"has-post-thumbnail","6":"product_brand-nolisan","7":"product_cat-belleza","8":"product_cat-cremas-para-la-cara","9":"product_cat-productos","10":"product_tag-argan","12":"first","13":"instock","14":"shipping-taxable","15":"purchasable","16":"product-type-simple"},"_links":{"self":[{"href":"https:\/\/modest-napier.216-250-124-103.plesk.page\/index.php\/wp-json\/wp\/v2\/product\/5477","targetHints":{"allow":["GET"]}}],"collection":[{"href":"https:\/\/modest-napier.216-250-124-103.plesk.page\/index.php\/wp-json\/wp\/v2\/product"}],"about":[{"href":"https:\/\/modest-napier.216-250-124-103.plesk.page\/index.php\/wp-json\/wp\/v2\/types\/product"}],"replies":[{"embeddable":true,"href":"https:\/\/modest-napier.216-250-124-103.plesk.page\/index.php\/wp-json\/wp\/v2\/comments?post=5477"}],"wp:featuredmedia":[{"embeddable":true,"href":"https:\/\/modest-napier.216-250-124-103.plesk.page\/index.php\/wp-json\/wp\/v2\/media\/1990"}],"wp:attachment":[{"href":"https:\/\/modest-napier.216-250-124-103.plesk.page\/index.php\/wp-json\/wp\/v2\/media?parent=5477"}],"wp:term":[{"taxonomy":"product_brand","embeddable":true,"href":"https:\/\/modest-napier.216-250-124-103.plesk.page\/index.php\/wp-json\/wp\/v2\/product_brand?post=5477"},{"taxonomy":"product_cat","embeddable":true,"href":"https:\/\/modest-napier.216-250-124-103.plesk.page\/index.php\/wp-json\/wp\/v2\/product_cat?post=5477"},{"taxonomy":"product_tag","embeddable":true,"href":"https:\/\/modest-napier.216-250-124-103.plesk.page\/index.php\/wp-json\/wp\/v2\/product_tag?post=5477"}],"curies":[{"name":"wp","href":"https:\/\/api.w.org\/{rel}","templated":true}]}}