{"id":5478,"date":"2025-09-24T19:36:21","date_gmt":"2025-09-24T19:36:21","guid":{"rendered":"https:\/\/modest-napier.216-250-124-103.plesk.page\/index.php\/producto\/crema-baba-de-caracol-240greliminado\/"},"modified":"2025-09-24T19:36:22","modified_gmt":"2025-09-24T19:36:22","slug":"crema-baba-de-caracol-240greliminado","status":"publish","type":"product","link":"https:\/\/modest-napier.216-250-124-103.plesk.page\/index.php\/producto\/crema-baba-de-caracol-240greliminado\/","title":{"rendered":"CREMA BABA DE CARACOL 240GR(ELIMINADO)"},"content":{"rendered":"<p data-mce-fragment=\"1\"><strong data-mce-fragment=\"1\">Descripci\u00f3n:<\/strong><\/p>\n<ul>\n<li>Aumenta la elasticidad y aten\u00faa las arrugas.<\/li>\n<li>Elimina las manchas, acn\u00e9 y cicatrices en la piel.<\/li>\n<li>Nutrici\u00f3n celular.<\/li>\n<\/ul>\n<p data-mce-fragment=\"1\"><span data-mce-fragment=\"1\"><\/span><span data-mce-fragment=\"1\"><\/span><span data-mce-fragment=\"1\"><\/span><strong data-mce-fragment=\"1\">Modo de uso:<\/strong><\/p>\n<p data-mce-fragment=\"1\"><span>Aplicarse en la \u00e1rea deseada en forma circular.<\/span><\/p>\n<p data-mce-fragment=\"1\"><span data-mce-fragment=\"1\"><\/span><span data-mce-fragment=\"1\"><\/span><strong data-mce-fragment=\"1\">Contenido:<\/strong><\/p>\n<p data-mce-fragment=\"1\">240 GRS.<\/p>\n","protected":false},"excerpt":{"rendered":"<p>Descripci\u00f3n: Aumenta la elasticidad y aten\u00faa las arrugas. Elimina las manchas, acn\u00e9 y cicatrices en la piel. Nutrici\u00f3n celular. Modo de uso: Aplicarse en la \u00e1rea deseada en forma circular. [&hellip;]<\/p>\n","protected":false},"featured_media":1991,"comment_status":"open","ping_status":"closed","template":"","meta":[],"product_brand":[],"product_cat":[289,292,337],"product_tag":[],"class_list":{"0":"post-5478","1":"product","2":"type-product","3":"status-publish","4":"has-post-thumbnail","6":"product_cat-belleza","7":"product_cat-cremas-para-la-cara","8":"product_cat-productos","10":"first","11":"outofstock","12":"shipping-taxable","13":"purchasable","14":"product-type-simple"},"_links":{"self":[{"href":"https:\/\/modest-napier.216-250-124-103.plesk.page\/index.php\/wp-json\/wp\/v2\/product\/5478","targetHints":{"allow":["GET"]}}],"collection":[{"href":"https:\/\/modest-napier.216-250-124-103.plesk.page\/index.php\/wp-json\/wp\/v2\/product"}],"about":[{"href":"https:\/\/modest-napier.216-250-124-103.plesk.page\/index.php\/wp-json\/wp\/v2\/types\/product"}],"replies":[{"embeddable":true,"href":"https:\/\/modest-napier.216-250-124-103.plesk.page\/index.php\/wp-json\/wp\/v2\/comments?post=5478"}],"wp:featuredmedia":[{"embeddable":true,"href":"https:\/\/modest-napier.216-250-124-103.plesk.page\/index.php\/wp-json\/wp\/v2\/media\/1991"}],"wp:attachment":[{"href":"https:\/\/modest-napier.216-250-124-103.plesk.page\/index.php\/wp-json\/wp\/v2\/media?parent=5478"}],"wp:term":[{"taxonomy":"product_brand","embeddable":true,"href":"https:\/\/modest-napier.216-250-124-103.plesk.page\/index.php\/wp-json\/wp\/v2\/product_brand?post=5478"},{"taxonomy":"product_cat","embeddable":true,"href":"https:\/\/modest-napier.216-250-124-103.plesk.page\/index.php\/wp-json\/wp\/v2\/product_cat?post=5478"},{"taxonomy":"product_tag","embeddable":true,"href":"https:\/\/modest-napier.216-250-124-103.plesk.page\/index.php\/wp-json\/wp\/v2\/product_tag?post=5478"}],"curies":[{"name":"wp","href":"https:\/\/api.w.org\/{rel}","templated":true}]}}