{"id":5480,"date":"2025-09-24T19:36:23","date_gmt":"2025-09-24T19:36:23","guid":{"rendered":"https:\/\/modest-napier.216-250-124-103.plesk.page\/index.php\/producto\/crema-baba-de-caracol-c-150-gr-nolisan\/"},"modified":"2025-09-24T20:45:32","modified_gmt":"2025-09-24T20:45:32","slug":"crema-baba-de-caracol-c-150-gr-nolisan","status":"publish","type":"product","link":"https:\/\/modest-napier.216-250-124-103.plesk.page\/index.php\/producto\/crema-baba-de-caracol-c-150-gr-nolisan\/","title":{"rendered":"Crema Facial de Baba de Caracol 150 g Nolisan"},"content":{"rendered":"<p data-mce-fragment=\"1\"><span>La\u00a0<strong>crema de baba de caracol<\/strong> ayuda a eliminar marcas de acn\u00e9; es una crema antiarrugas natural; borra cicatrices, a\u00fan las m\u00e1s profundas o antiguas; elimina marcas y enfermedades de la piel; elimina marcas de quemadura o manchas en la piel de nacimiento.<\/span><strong data-mce-fragment=\"1\"><\/strong><\/p>\n","protected":false},"excerpt":{"rendered":"<p>La\u00a0crema de baba de caracol ayuda a eliminar marcas de acn\u00e9; es una crema antiarrugas natural; borra cicatrices, a\u00fan las m\u00e1s profundas o antiguas; elimina marcas y enfermedades de la [&hellip;]<\/p>\n","protected":false},"featured_media":1993,"comment_status":"open","ping_status":"closed","template":"","meta":[],"product_brand":[368],"product_cat":[289,292,309,337],"product_tag":[219],"class_list":{"0":"post-5480","1":"product","2":"type-product","3":"status-publish","4":"has-post-thumbnail","6":"product_brand-nolisan","7":"product_cat-belleza","8":"product_cat-cremas-para-la-cara","9":"product_cat-ofertas-de-primavera-","10":"product_cat-productos","11":"product_tag-baba-de-caracol","13":"first","14":"outofstock","15":"shipping-taxable","16":"purchasable","17":"product-type-simple"},"_links":{"self":[{"href":"https:\/\/modest-napier.216-250-124-103.plesk.page\/index.php\/wp-json\/wp\/v2\/product\/5480","targetHints":{"allow":["GET"]}}],"collection":[{"href":"https:\/\/modest-napier.216-250-124-103.plesk.page\/index.php\/wp-json\/wp\/v2\/product"}],"about":[{"href":"https:\/\/modest-napier.216-250-124-103.plesk.page\/index.php\/wp-json\/wp\/v2\/types\/product"}],"replies":[{"embeddable":true,"href":"https:\/\/modest-napier.216-250-124-103.plesk.page\/index.php\/wp-json\/wp\/v2\/comments?post=5480"}],"wp:featuredmedia":[{"embeddable":true,"href":"https:\/\/modest-napier.216-250-124-103.plesk.page\/index.php\/wp-json\/wp\/v2\/media\/1993"}],"wp:attachment":[{"href":"https:\/\/modest-napier.216-250-124-103.plesk.page\/index.php\/wp-json\/wp\/v2\/media?parent=5480"}],"wp:term":[{"taxonomy":"product_brand","embeddable":true,"href":"https:\/\/modest-napier.216-250-124-103.plesk.page\/index.php\/wp-json\/wp\/v2\/product_brand?post=5480"},{"taxonomy":"product_cat","embeddable":true,"href":"https:\/\/modest-napier.216-250-124-103.plesk.page\/index.php\/wp-json\/wp\/v2\/product_cat?post=5480"},{"taxonomy":"product_tag","embeddable":true,"href":"https:\/\/modest-napier.216-250-124-103.plesk.page\/index.php\/wp-json\/wp\/v2\/product_tag?post=5480"}],"curies":[{"name":"wp","href":"https:\/\/api.w.org\/{rel}","templated":true}]}}