{"id":5482,"date":"2025-09-24T19:36:26","date_gmt":"2025-09-24T19:36:26","guid":{"rendered":"https:\/\/modest-napier.216-250-124-103.plesk.page\/index.php\/producto\/crema-colageno-150-gr-nolisan\/"},"modified":"2025-09-24T20:47:41","modified_gmt":"2025-09-24T20:47:41","slug":"crema-colageno-150-gr-nolisan","status":"publish","type":"product","link":"https:\/\/modest-napier.216-250-124-103.plesk.page\/index.php\/producto\/crema-colageno-150-gr-nolisan\/","title":{"rendered":"Crema Facial de Col\u00e1geno 150 g Nolisan"},"content":{"rendered":"<p>La\u00a0<strong>crema facial con col\u00e1geno<\/strong> es un incre\u00edble aliado para el cuidado de la piel. El col\u00e1geno es una prote\u00edna esencial que se encuentra en nuestra piel y es responsable de su firmeza y elasticidad. <em>Esta crema, enriquecida con col\u00e1geno,<\/em> ayuda a combatir los signos del envejecimiento, como arrugas y flacidez, dejando la piel suave, hidratada y radiante.<\/p>\n<h3>\u00bfQu\u00e9 beneficios tiene la crema de col\u00e1geno?<\/h3>\n<p>Promueve efectos inmediatos y duraderos para rejuvenecer la piel, aportando hidrataci\u00f3n y reforzando los tejidos cut\u00e1neos.<strong><\/strong><strong><\/strong><\/p>\n","protected":false},"excerpt":{"rendered":"<p>La\u00a0crema facial con col\u00e1geno es un incre\u00edble aliado para el cuidado de la piel. El col\u00e1geno es una prote\u00edna esencial que se encuentra en nuestra piel y es responsable de [&hellip;]<\/p>\n","protected":false},"featured_media":1995,"comment_status":"open","ping_status":"closed","template":"","meta":[],"product_brand":[368],"product_cat":[289,309,337],"product_tag":[77],"class_list":{"0":"post-5482","1":"product","2":"type-product","3":"status-publish","4":"has-post-thumbnail","6":"product_brand-nolisan","7":"product_cat-belleza","8":"product_cat-ofertas-de-primavera-","9":"product_cat-productos","10":"product_tag-colageno","12":"first","13":"outofstock","14":"shipping-taxable","15":"purchasable","16":"product-type-simple"},"_links":{"self":[{"href":"https:\/\/modest-napier.216-250-124-103.plesk.page\/index.php\/wp-json\/wp\/v2\/product\/5482","targetHints":{"allow":["GET"]}}],"collection":[{"href":"https:\/\/modest-napier.216-250-124-103.plesk.page\/index.php\/wp-json\/wp\/v2\/product"}],"about":[{"href":"https:\/\/modest-napier.216-250-124-103.plesk.page\/index.php\/wp-json\/wp\/v2\/types\/product"}],"replies":[{"embeddable":true,"href":"https:\/\/modest-napier.216-250-124-103.plesk.page\/index.php\/wp-json\/wp\/v2\/comments?post=5482"}],"wp:featuredmedia":[{"embeddable":true,"href":"https:\/\/modest-napier.216-250-124-103.plesk.page\/index.php\/wp-json\/wp\/v2\/media\/1995"}],"wp:attachment":[{"href":"https:\/\/modest-napier.216-250-124-103.plesk.page\/index.php\/wp-json\/wp\/v2\/media?parent=5482"}],"wp:term":[{"taxonomy":"product_brand","embeddable":true,"href":"https:\/\/modest-napier.216-250-124-103.plesk.page\/index.php\/wp-json\/wp\/v2\/product_brand?post=5482"},{"taxonomy":"product_cat","embeddable":true,"href":"https:\/\/modest-napier.216-250-124-103.plesk.page\/index.php\/wp-json\/wp\/v2\/product_cat?post=5482"},{"taxonomy":"product_tag","embeddable":true,"href":"https:\/\/modest-napier.216-250-124-103.plesk.page\/index.php\/wp-json\/wp\/v2\/product_tag?post=5482"}],"curies":[{"name":"wp","href":"https:\/\/api.w.org\/{rel}","templated":true}]}}