{"id":5483,"date":"2025-09-24T19:36:27","date_gmt":"2025-09-24T19:36:27","guid":{"rendered":"https:\/\/modest-napier.216-250-124-103.plesk.page\/index.php\/producto\/crema-colageno-y-elastina-cremabodyface-c-120-g-arabian-cosmetic\/"},"modified":"2025-09-24T20:43:41","modified_gmt":"2025-09-24T20:43:41","slug":"crema-colageno-elastina-arabian-cosmetic","status":"publish","type":"product","link":"https:\/\/modest-napier.216-250-124-103.plesk.page\/index.php\/producto\/crema-colageno-elastina-arabian-cosmetic\/","title":{"rendered":"Crema Col\u00e1geno y Elastina Body&#038;Face 120 g"},"content":{"rendered":"<p><strong>Descripci\u00f3n:<\/strong><br \/>La <strong>crema facial y corporal con col\u00e1geno y elastina<\/strong> act\u00faa como factor anti envejecimiento, inhibe la formaci\u00f3n de manchas en la piel por su f\u00f3rmula, proporciona limpieza actuando como dermoprotector y dando firmeza y tonificaci\u00f3n a la piel.<\/p>\n<p><strong>Modo de uso:<\/strong><br \/>Aplique dando un ligero masaje circular en rostro, p\u00e1rpados, cuello, manos y cuerpo.<\/p>\n<p><strong>Contenido:<\/strong><br \/> 120 g.<\/p>\n","protected":false},"excerpt":{"rendered":"<p>Descripci\u00f3n:La crema facial y corporal con col\u00e1geno y elastina act\u00faa como factor anti envejecimiento, inhibe la formaci\u00f3n de manchas en la piel por su f\u00f3rmula, proporciona limpieza actuando como dermoprotector [&hellip;]<\/p>\n","protected":false},"featured_media":1996,"comment_status":"open","ping_status":"closed","template":"","meta":[],"product_brand":[469],"product_cat":[289,337],"product_tag":[77],"class_list":{"0":"post-5483","1":"product","2":"type-product","3":"status-publish","4":"has-post-thumbnail","6":"product_brand-arabian-cosmetics","7":"product_cat-belleza","8":"product_cat-productos","9":"product_tag-colageno","11":"first","12":"outofstock","13":"shipping-taxable","14":"purchasable","15":"product-type-simple"},"_links":{"self":[{"href":"https:\/\/modest-napier.216-250-124-103.plesk.page\/index.php\/wp-json\/wp\/v2\/product\/5483","targetHints":{"allow":["GET"]}}],"collection":[{"href":"https:\/\/modest-napier.216-250-124-103.plesk.page\/index.php\/wp-json\/wp\/v2\/product"}],"about":[{"href":"https:\/\/modest-napier.216-250-124-103.plesk.page\/index.php\/wp-json\/wp\/v2\/types\/product"}],"replies":[{"embeddable":true,"href":"https:\/\/modest-napier.216-250-124-103.plesk.page\/index.php\/wp-json\/wp\/v2\/comments?post=5483"}],"wp:featuredmedia":[{"embeddable":true,"href":"https:\/\/modest-napier.216-250-124-103.plesk.page\/index.php\/wp-json\/wp\/v2\/media\/1996"}],"wp:attachment":[{"href":"https:\/\/modest-napier.216-250-124-103.plesk.page\/index.php\/wp-json\/wp\/v2\/media?parent=5483"}],"wp:term":[{"taxonomy":"product_brand","embeddable":true,"href":"https:\/\/modest-napier.216-250-124-103.plesk.page\/index.php\/wp-json\/wp\/v2\/product_brand?post=5483"},{"taxonomy":"product_cat","embeddable":true,"href":"https:\/\/modest-napier.216-250-124-103.plesk.page\/index.php\/wp-json\/wp\/v2\/product_cat?post=5483"},{"taxonomy":"product_tag","embeddable":true,"href":"https:\/\/modest-napier.216-250-124-103.plesk.page\/index.php\/wp-json\/wp\/v2\/product_tag?post=5483"}],"curies":[{"name":"wp","href":"https:\/\/api.w.org\/{rel}","templated":true}]}}